{"id":755,"date":"2021-10-07T09:42:52","date_gmt":"2021-10-07T06:42:52","guid":{"rendered":"https:\/\/accesreal.md\/?post_type=product&#038;p=755"},"modified":"2021-10-08T10:39:49","modified_gmt":"2021-10-08T07:39:49","slug":"avtovyshka-27-metrov","status":"publish","type":"product","link":"https:\/\/accesreal.md\/ro\/product\/avtovyshka-27-metrov\/","title":{"rendered":"Autoturn Isoli PNT 27.14 27 metri"},"content":{"rendered":"<p><\/p>\n<table style=\"border-collapse: collapse; width: 100%; height: 192px;\">\n<tbody>\n<tr style=\"height: 24px;\">\n<td style=\"width: 50%; height: 24px;\"><strong>\u00cen\u0103ltimea maxim\u0103 de lucru<\/strong><\/td>\n<td style=\"width: 50%; height: 24px;\"><strong>27 m<\/strong><\/td>\n<\/tr>\n<tr style=\"height: 24px;\">\n<td style=\"width: 50%; height: 24px;\"><strong>Lungimea maxim\u0103 lateral\u0103<\/strong><\/td>\n<td style=\"width: 50%; height: 24px;\"><strong>14 m<\/strong><\/td>\n<\/tr>\n<tr style=\"height: 24px;\">\n<td style=\"width: 50%; height: 24px;\"><strong>Greutatea maxim\u0103 sustinut\u0103 de co\u0219<\/strong><\/td>\n<td style=\"width: 50%; height: 24px;\"><strong>200 kg<\/strong><\/td>\n<\/tr>\n<tr style=\"height: 24px;\">\n<td style=\"width: 50%; height: 24px;\"><strong>\u00a0\u00cen\u0103ltimea ma\u0219inii str\u00eense<\/strong><\/td>\n<td style=\"width: 50%; height: 24px;\"><strong>\u00a03, 25 m<\/strong><\/td>\n<\/tr>\n<tr style=\"height: 24px;\">\n<td style=\"width: 50%; height: 24px;\"><strong>Lungimea ma\u0219inii str\u00eense<\/strong><\/td>\n<td style=\"width: 50%; height: 24px;\"><strong>7, 80 m<\/strong><\/td>\n<\/tr>\n<tr style=\"height: 24px;\">\n<td style=\"width: 50%; height: 24px;\"><strong>L\u0103\u021bimea ma\u0219inii str\u00eense<\/strong><\/td>\n<td style=\"width: 50%; height: 24px;\"><strong>2, 30 m<\/strong><\/td>\n<\/tr>\n<tr style=\"height: 24px;\">\n<td style=\"width: 50%; height: 24px;\"><strong>Greutatea ma\u0219inii<\/strong><\/td>\n<td style=\"width: 50%; height: 24px;\"><strong>7 400 kg<\/strong><\/td>\n<\/tr>\n<tr>\n<td style=\"width: 50%;\"><b>\u0218asiu<\/b><\/td>\n<td style=\"width: 50%;\"><strong>Nisan Atleon<\/strong><\/td>\n<\/tr>\n<tr style=\"height: 24px;\">\n<td style=\"width: 50%; height: 24px;\"><b>Mod de alimentare<\/b><\/td>\n<td style=\"width: 50%; height: 24px;\"><strong>Diesel<\/strong><\/td>\n<\/tr>\n<\/tbody>\n<\/table>\n<p><\/p>","protected":false},"excerpt":{"rendered":"<p><strong>Descriere produs:<\/strong><\/p>\n<p id=\"tw-target-text\" class=\"tw-data-text tw-text-large XcVN5d tw-ta\" dir=\"ltr\" data-placeholder=\"\u041f\u0435\u0440\u0435\u0432\u043e\u0434\"><span class=\"Y2IQFc\" lang=\"ro\">Autoturnul de 27 de metri este proiectat pentru a ridica oameni cu materiale sau scule p\u00e2n\u0103 la 27 m \u00een\u0103l\u021bime.<\/span><\/p>\n","protected":false},"featured_media":802,"comment_status":"closed","ping_status":"closed","template":"","meta":[],"product_cat":[170],"product_tag":[],"class_list":["post-755","product","type-product","status-publish","has-post-thumbnail","hentry","product_cat-platforma-aeriana"],"_links":{"self":[{"href":"https:\/\/accesreal.md\/ro\/wp-json\/wp\/v2\/product\/755","targetHints":{"allow":["GET"]}}],"collection":[{"href":"https:\/\/accesreal.md\/ro\/wp-json\/wp\/v2\/product"}],"about":[{"href":"https:\/\/accesreal.md\/ro\/wp-json\/wp\/v2\/types\/product"}],"replies":[{"embeddable":true,"href":"https:\/\/accesreal.md\/ro\/wp-json\/wp\/v2\/comments?post=755"}],"wp:featuredmedia":[{"embeddable":true,"href":"https:\/\/accesreal.md\/ro\/wp-json\/wp\/v2\/media\/802"}],"wp:attachment":[{"href":"https:\/\/accesreal.md\/ro\/wp-json\/wp\/v2\/media?parent=755"}],"wp:term":[{"taxonomy":"product_cat","embeddable":true,"href":"https:\/\/accesreal.md\/ro\/wp-json\/wp\/v2\/product_cat?post=755"},{"taxonomy":"product_tag","embeddable":true,"href":"https:\/\/accesreal.md\/ro\/wp-json\/wp\/v2\/product_tag?post=755"}],"curies":[{"name":"wp","href":"https:\/\/api.w.org\/{rel}","templated":true}]}}