{"id":734,"date":"2021-10-05T16:27:19","date_gmt":"2021-10-05T13:27:19","guid":{"rendered":"https:\/\/accesreal.md\/?post_type=product&#038;p=734"},"modified":"2021-10-08T12:33:03","modified_gmt":"2021-10-08T09:33:03","slug":"priczepnoj-podyomshhik-denka-lift-dl-16","status":"publish","type":"product","link":"https:\/\/accesreal.md\/ro\/product\/priczepnoj-podyomshhik-denka-lift-dl-16\/","title":{"rendered":"Nacel\u0103 tractabil\u0103 Omme 1050"},"content":{"rendered":"<p><\/p>\n<table style=\"border-collapse: collapse; width: 100%; height: 120px;\">\n<tbody>\n<tr style=\"height: 24px;\">\n<td style=\"width: 50%; height: 24px;\"><strong>\u00cen\u0103l\u021bimea max. de lucru<\/strong><\/td>\n<td style=\"width: 50%; height: 24px;\"><strong>10, 50 m<\/strong><\/td>\n<\/tr>\n<tr style=\"height: 24px;\">\n<td style=\"width: 50%; height: 24px;\"><strong>Raza max. de lucru<\/strong><\/td>\n<td style=\"width: 50%; height: 24px;\"><strong>6, 80 m<\/strong><\/td>\n<\/tr>\n<tr style=\"height: 24px;\">\n<td style=\"width: 50%; height: 24px;\"><strong>Capacitatea max. a co\u0219ului<\/strong><\/td>\n<td style=\"width: 50%; height: 24px;\"><strong> 125 kg<\/strong><\/td>\n<\/tr>\n<tr style=\"height: 24px;\">\n<td style=\"width: 50%; height: 24px;\"><strong>L\u0103\u021bimea de lucru<\/strong><\/td>\n<td style=\"width: 50%; height: 24px;\"><strong>3, 40 m<\/strong><\/td>\n<\/tr>\n<tr style=\"height: 24px;\">\n<td style=\"width: 50%; height: 24px;\"><strong>Greutatea total\u0103<\/strong><\/td>\n<td style=\"width: 50%; height: 24px;\"><strong> 995 kg<\/strong><\/td>\n<\/tr>\n<\/tbody>\n<\/table>\n<p><\/p>","protected":false},"excerpt":{"rendered":"<p><span style=\"font-size: 14pt;\"><strong>Descriere produs:<\/strong><\/span><\/p>\n<p>Stabilizatoarele din o\u021bel special concepute, cu o sec\u021biune transversal\u0103 mare, asigur\u0103 o zon\u0103 de lucru optim\u0103 \u0219i o stabilitate ridicat\u0103. \u00cen plus, traseele cablurilor sunt amplasate \u00een profilele consolelor.<\/p>\n<p>Pentru unitatea de 230 V, este suficient\u0103 o conexiune la o priz\u0103 cu siguran\u021b\u0103 de 10 A. Tipul 1050 EZ este deosebit de potrivit atunci c\u00e2nd este necesar\u0103 o func\u021bionare continu\u0103.<\/p>\n","protected":false},"featured_media":735,"comment_status":"closed","ping_status":"closed","template":"","meta":[],"product_cat":[180],"product_tag":[],"class_list":["post-734","product","type-product","status-publish","has-post-thumbnail","hentry","product_cat-ascensoare-tractate-articulate"],"_links":{"self":[{"href":"https:\/\/accesreal.md\/ro\/wp-json\/wp\/v2\/product\/734","targetHints":{"allow":["GET"]}}],"collection":[{"href":"https:\/\/accesreal.md\/ro\/wp-json\/wp\/v2\/product"}],"about":[{"href":"https:\/\/accesreal.md\/ro\/wp-json\/wp\/v2\/types\/product"}],"replies":[{"embeddable":true,"href":"https:\/\/accesreal.md\/ro\/wp-json\/wp\/v2\/comments?post=734"}],"wp:featuredmedia":[{"embeddable":true,"href":"https:\/\/accesreal.md\/ro\/wp-json\/wp\/v2\/media\/735"}],"wp:attachment":[{"href":"https:\/\/accesreal.md\/ro\/wp-json\/wp\/v2\/media?parent=734"}],"wp:term":[{"taxonomy":"product_cat","embeddable":true,"href":"https:\/\/accesreal.md\/ro\/wp-json\/wp\/v2\/product_cat?post=734"},{"taxonomy":"product_tag","embeddable":true,"href":"https:\/\/accesreal.md\/ro\/wp-json\/wp\/v2\/product_tag?post=734"}],"curies":[{"name":"wp","href":"https:\/\/api.w.org\/{rel}","templated":true}]}}