{"id":730,"date":"2021-10-05T16:07:42","date_gmt":"2021-10-05T13:07:42","guid":{"rendered":"https:\/\/accesreal.md\/?post_type=product&#038;p=730"},"modified":"2021-10-07T13:31:29","modified_gmt":"2021-10-07T10:31:29","slug":"priczepnoj-podyomshhik-genie-tz-34-20","status":"publish","type":"product","link":"https:\/\/accesreal.md\/ro\/product\/priczepnoj-podyomshhik-genie-tz-34-20\/","title":{"rendered":"Nacel\u0103 tractabil\u0103 Genie TZ 34\/20"},"content":{"rendered":"<p><\/p>\n<table style=\"border-collapse: collapse; width: 100%; height: 120px;\">\n<tbody>\n<tr style=\"height: 24px;\">\n<td style=\"width: 50%; height: 24px;\"><strong>\u00cen\u0103l\u021bimea maxim\u0103 de lucru<\/strong><\/td>\n<td style=\"width: 49.9638%; height: 24px;\"><strong>12,36 m<\/strong><\/td>\n<\/tr>\n<tr style=\"height: 24px;\">\n<td style=\"width: 50%; height: 24px;\"><strong>Extindere orizontal\u0103<\/strong><\/td>\n<td style=\"width: 49.9638%; height: 24px;\"><strong>5,59 m<\/strong><\/td>\n<\/tr>\n<tr style=\"height: 24px;\">\n<td style=\"width: 50%; height: 24px;\"><strong>Capacitatea de \u00eenc\u0103rcare a platformei<\/strong><\/td>\n<td style=\"width: 49.9638%; height: 24px;\"><strong>200 kg<\/strong><\/td>\n<\/tr>\n<tr style=\"height: 24px;\">\n<td style=\"width: 50%; height: 24px;\"><strong>Distan\u021ba fa\u021b\u0103 de obstacolul de dedesubt \u00een timpul transport\u0103rii<\/strong><\/td>\n<td style=\"width: 49.9638%; height: 24px;\"><strong>4,90 m<\/strong><\/td>\n<\/tr>\n<tr style=\"height: 24px;\">\n<td style=\"width: 50%; height: 24px;\"><strong>Greutate<\/strong><\/td>\n<td style=\"width: 49.9638%; height: 24px;\"><strong>1438 kg<\/strong><\/td>\n<\/tr>\n<\/tbody>\n<\/table>\n<p><\/p>","protected":false},"excerpt":{"rendered":"<p><strong><span style=\"font-size: 14pt;\">Descriere produs:<\/span><\/strong><\/p>\n<p>Nacela tractabil\u0103 GenieTZ-34\/20 este un lift cu bra\u021b montat pe remorc\u0103, care are o zon\u0103 de lucru remarcabil\u0103 \u0219i comenzi intuitive. \u0218asiul rigid, cu o baz\u0103 robust\u0103, de mare rezisten\u021b\u0103, \u00eel face alegerea ideal\u0103 pentru antreprenorii mari \u0219i mici.<\/p>\n","protected":false},"featured_media":731,"comment_status":"closed","ping_status":"closed","template":"","meta":[],"product_cat":[180],"product_tag":[],"class_list":["post-730","product","type-product","status-publish","has-post-thumbnail","hentry","product_cat-ascensoare-tractate-articulate"],"_links":{"self":[{"href":"https:\/\/accesreal.md\/ro\/wp-json\/wp\/v2\/product\/730","targetHints":{"allow":["GET"]}}],"collection":[{"href":"https:\/\/accesreal.md\/ro\/wp-json\/wp\/v2\/product"}],"about":[{"href":"https:\/\/accesreal.md\/ro\/wp-json\/wp\/v2\/types\/product"}],"replies":[{"embeddable":true,"href":"https:\/\/accesreal.md\/ro\/wp-json\/wp\/v2\/comments?post=730"}],"wp:featuredmedia":[{"embeddable":true,"href":"https:\/\/accesreal.md\/ro\/wp-json\/wp\/v2\/media\/731"}],"wp:attachment":[{"href":"https:\/\/accesreal.md\/ro\/wp-json\/wp\/v2\/media?parent=730"}],"wp:term":[{"taxonomy":"product_cat","embeddable":true,"href":"https:\/\/accesreal.md\/ro\/wp-json\/wp\/v2\/product_cat?post=730"},{"taxonomy":"product_tag","embeddable":true,"href":"https:\/\/accesreal.md\/ro\/wp-json\/wp\/v2\/product_tag?post=730"}],"curies":[{"name":"wp","href":"https:\/\/api.w.org\/{rel}","templated":true}]}}