{"id":725,"date":"2021-10-05T15:55:14","date_gmt":"2021-10-05T12:55:14","guid":{"rendered":"https:\/\/accesreal.md\/?post_type=product&#038;p=725"},"modified":"2021-10-07T13:38:31","modified_gmt":"2021-10-07T10:38:31","slug":"priczepnoj-podyomshhik-nifty-lift-170-hdet","status":"publish","type":"product","link":"https:\/\/accesreal.md\/ro\/product\/priczepnoj-podyomshhik-nifty-lift-170-hdet\/","title":{"rendered":"Nacel\u0103 tractabil\u0103  Nifty lift 170 HDET"},"content":{"rendered":"<p><\/p>\n<table style=\"border-collapse: collapse; width: 100%; height: 144px;\">\n<tbody>\n<tr style=\"height: 24px;\">\n<td style=\"width: 50%; height: 24px;\"><b>\u00cen\u0103l\u021bimea de lucru<\/b><\/td>\n<td style=\"width: 50%; height: 24px;\"><strong>17,\u00a0 1 m<\/strong><\/td>\n<\/tr>\n<tr style=\"height: 24px;\">\n<td style=\"width: 50%; height: 24px;\"><strong>\u00cen\u0103l\u021bimeza platformei<\/strong><\/td>\n<td style=\"width: 50%; height: 24px;\"><strong>15, 1 m<\/strong><\/td>\n<\/tr>\n<tr style=\"height: 24px;\">\n<td style=\"width: 50%; height: 24px;\"><b>L\u0103\u021bimea ma\u0219inii<\/b><\/td>\n<td style=\"width: 50%; height: 24px;\"><strong>1, 65 m<\/strong><\/td>\n<\/tr>\n<tr style=\"height: 24px;\">\n<td style=\"width: 50%; height: 24px;\"><strong>\u00cen\u0103l\u021bimea ma\u0219inii<\/strong><\/td>\n<td style=\"width: 50%; height: 24px;\"><strong>1,92 m<\/strong><\/td>\n<\/tr>\n<tr style=\"height: 24px;\">\n<td style=\"width: 50%; height: 24px;\"><strong>L\u0103\u021bimea co\u0219ului<\/strong><\/td>\n<td style=\"width: 50%; height: 24px;\"><strong>1,1 m<\/strong><\/td>\n<\/tr>\n<tr style=\"height: 24px;\">\n<td style=\"width: 50%; height: 24px;\"><strong>Op\u021biuni de alimentare<\/strong><\/td>\n<td style=\"width: 50%; height: 24px;\"><strong>Numai de la re\u021beaua electric\u0103<\/strong><br \/>\n<strong>Numai cu baterie<\/strong><br \/>\n<strong>Numai cu benzin\u0103 sau motorin\u0103<\/strong><br \/>\n<strong>Bi-energie (motor \u0219i baterie)<\/strong><\/td>\n<\/tr>\n<\/tbody>\n<\/table>\n<p><\/p>","protected":false},"excerpt":{"rendered":"<p><span style=\"font-size: 14pt;\"><strong>Descriere produs:<\/strong><\/span><\/p>\n<p>Cu una dintre cele mai mari suprafe\u021be de lucru din clasa sa, nacela tractabil\u0103 Nifty 170 ofer\u0103 o raz\u0103 maxim\u0103 de ac\u021biune cu stabilitate \u0219i control.<\/p>\n<p>Sec\u021biunile octogonale ale bra\u021bului ofer\u0103 suportului de remorc\u0103 Nifty 170 rezisten\u021b\u0103 f\u0103r\u0103 a face compromisuri \u00een ceea ce prive\u0219te greutatea, iar bra\u021bul superior telescopic \u00eembun\u0103t\u0103\u021be\u0219te precizia la pozi\u021bionarea platformei.<\/p>\n<p>Stabilizatoarele hidraulice complet propor\u021bionale fac ca reglarea \u0219i nivelarea suportului de remorc\u0103 Nifty 170 s\u0103 fie rapide \u0219i u\u0219oare, chiar \u0219i pe pante.<\/p>\n","protected":false},"featured_media":726,"comment_status":"closed","ping_status":"closed","template":"","meta":[],"product_cat":[180],"product_tag":[],"class_list":["post-725","product","type-product","status-publish","has-post-thumbnail","hentry","product_cat-ascensoare-tractate-articulate"],"_links":{"self":[{"href":"https:\/\/accesreal.md\/ro\/wp-json\/wp\/v2\/product\/725","targetHints":{"allow":["GET"]}}],"collection":[{"href":"https:\/\/accesreal.md\/ro\/wp-json\/wp\/v2\/product"}],"about":[{"href":"https:\/\/accesreal.md\/ro\/wp-json\/wp\/v2\/types\/product"}],"replies":[{"embeddable":true,"href":"https:\/\/accesreal.md\/ro\/wp-json\/wp\/v2\/comments?post=725"}],"wp:featuredmedia":[{"embeddable":true,"href":"https:\/\/accesreal.md\/ro\/wp-json\/wp\/v2\/media\/726"}],"wp:attachment":[{"href":"https:\/\/accesreal.md\/ro\/wp-json\/wp\/v2\/media?parent=725"}],"wp:term":[{"taxonomy":"product_cat","embeddable":true,"href":"https:\/\/accesreal.md\/ro\/wp-json\/wp\/v2\/product_cat?post=725"},{"taxonomy":"product_tag","embeddable":true,"href":"https:\/\/accesreal.md\/ro\/wp-json\/wp\/v2\/product_tag?post=725"}],"curies":[{"name":"wp","href":"https:\/\/api.w.org\/{rel}","templated":true}]}}