{"id":719,"date":"2021-10-05T15:43:56","date_gmt":"2021-10-05T12:43:56","guid":{"rendered":"https:\/\/accesreal.md\/?post_type=product&#038;p=719"},"modified":"2021-10-07T13:39:19","modified_gmt":"2021-10-07T10:39:19","slug":"priczepnoj-podyomnik-nifty-lift-tm34-t","status":"publish","type":"product","link":"https:\/\/accesreal.md\/ro\/product\/priczepnoj-podyomnik-nifty-lift-tm34-t\/","title":{"rendered":"Nacel\u0103 tractabil\u0103 Nifty lift TM34 T"},"content":{"rendered":"<p><\/p>\n<table style=\"border-collapse: collapse; width: 100%; height: 144px;\">\n<tbody>\n<tr style=\"height: 24px;\">\n<td style=\"width: 50%; height: 24px;\"><b>\u00cen\u0103l\u021bimea de lucru<\/b><\/td>\n<td style=\"width: 50%; height: 24px;\"><strong>12,192 m<\/strong><\/td>\n<\/tr>\n<tr style=\"height: 24px;\">\n<td style=\"width: 50%; height: 24px;\"><strong>\u00cen\u0103l\u021bimeza platformei<\/strong><\/td>\n<td style=\"width: 50%; height: 24px;\"><strong>10,24 m<\/strong><\/td>\n<\/tr>\n<tr style=\"height: 24px;\">\n<td style=\"width: 50%; height: 24px;\"><b>L\u0103\u021bimea ma\u0219inii<\/b><\/td>\n<td style=\"width: 50%; height: 24px;\"><strong>1,25 m<\/strong><\/td>\n<\/tr>\n<tr style=\"height: 24px;\">\n<td style=\"width: 50%; height: 24px;\"><strong>\u00cen\u0103l\u021bimea ma\u0219inii<\/strong><\/td>\n<td style=\"width: 50%; height: 24px;\"><strong>1,92 m<\/strong><\/td>\n<\/tr>\n<tr style=\"height: 24px;\">\n<td style=\"width: 50%; height: 24px;\"><strong>L\u0103\u021bimea co\u0219ului<\/strong><\/td>\n<td style=\"width: 50%; height: 24px;\"><strong>1,12 m<\/strong><\/td>\n<\/tr>\n<tr style=\"height: 24px;\">\n<td style=\"width: 50%; height: 24px;\"><strong>Op\u021biuni de alimentare<\/strong><\/td>\n<td style=\"width: 50%; height: 24px;\"><strong>Numai de la re\u021beaua electric\u0103<\/strong><br \/>\n<strong>Numai cu baterie<\/strong><br \/>\n<strong>Numai cu benzin\u0103 sau motorin\u0103<\/strong><br \/>\n<strong>Bi-energie (motor \u0219i baterie)<\/strong><\/td>\n<\/tr>\n<\/tbody>\n<\/table>\n<p><\/p>","protected":false},"excerpt":{"rendered":"<p><span style=\"font-size: 14pt;\"><strong>Descriere produs:<\/strong><\/span><\/p>\n<p>Nifty TM34 este robust \u0219i versatil. Are axe retractabile care \u00eei permit s\u0103 treac\u0103 printr-o deschidere sau u\u0219\u0103 cu l\u0103\u021bimea de 1,7 m, oferind un acces mai bun la aplica\u021bii.<\/p>\n<p>Ca dotare standard, TM34 este prev\u0103zut cu stabilizatoare manuale, care sunt rentabile \u0219i simplu de instalat.<\/p>\n","protected":false},"featured_media":720,"comment_status":"closed","ping_status":"closed","template":"","meta":[],"product_cat":[180],"product_tag":[],"class_list":["post-719","product","type-product","status-publish","has-post-thumbnail","hentry","product_cat-ascensoare-tractate-articulate"],"_links":{"self":[{"href":"https:\/\/accesreal.md\/ro\/wp-json\/wp\/v2\/product\/719","targetHints":{"allow":["GET"]}}],"collection":[{"href":"https:\/\/accesreal.md\/ro\/wp-json\/wp\/v2\/product"}],"about":[{"href":"https:\/\/accesreal.md\/ro\/wp-json\/wp\/v2\/types\/product"}],"replies":[{"embeddable":true,"href":"https:\/\/accesreal.md\/ro\/wp-json\/wp\/v2\/comments?post=719"}],"wp:featuredmedia":[{"embeddable":true,"href":"https:\/\/accesreal.md\/ro\/wp-json\/wp\/v2\/media\/720"}],"wp:attachment":[{"href":"https:\/\/accesreal.md\/ro\/wp-json\/wp\/v2\/media?parent=719"}],"wp:term":[{"taxonomy":"product_cat","embeddable":true,"href":"https:\/\/accesreal.md\/ro\/wp-json\/wp\/v2\/product_cat?post=719"},{"taxonomy":"product_tag","embeddable":true,"href":"https:\/\/accesreal.md\/ro\/wp-json\/wp\/v2\/product_tag?post=719"}],"curies":[{"name":"wp","href":"https:\/\/api.w.org\/{rel}","templated":true}]}}