{"id":714,"date":"2021-10-05T15:27:24","date_gmt":"2021-10-05T12:27:24","guid":{"rendered":"https:\/\/accesreal.md\/?post_type=product&#038;p=714"},"modified":"2021-10-08T12:31:49","modified_gmt":"2021-10-08T09:31:49","slug":"teleskopicheskij-podyomnik-haulotte-h14-tx","status":"publish","type":"product","link":"https:\/\/accesreal.md\/ro\/product\/teleskopicheskij-podyomnik-haulotte-h14-tx\/","title":{"rendered":"Nacel\u0103 tip telescop Haulotte H14 TX"},"content":{"rendered":"<p><\/p>\n<table style=\"border-collapse: collapse; width: 100%; height: 240px;\">\n<tbody>\n<tr>\n<th style=\"width: 49.9638%; text-align: left;\">\u00cen\u0103l\u021bimea de lucru<\/th>\n<td style=\"width: 49.9638%;\"><strong>\u00a014, 07 m<\/strong><\/td>\n<\/tr>\n<tr class=\"alt\" style=\"height: 24px;\">\n<th class=\"attribute_name 1\" style=\"width: 49.9638%; text-align: left; height: 24px;\">Capacitate de ridicare<\/th>\n<td class=\"attribute_value\" style=\"width: 49.9638%; height: 24px;\"><strong>23 kg<\/strong><\/td>\n<\/tr>\n<tr class=\"alt\" style=\"height: 24px;\">\n<th class=\"attribute_name 1\" style=\"width: 49.9638%; text-align: left; height: 24px;\">Motor<\/th>\n<td class=\"attribute_value\" style=\"width: 49.9638%; height: 24px;\"><strong>31, 2\/ 42, 4 (Deutz) kWhp<\/strong><\/td>\n<\/tr>\n<tr class=\"alt\" style=\"height: 24px;\">\n<th class=\"attribute_name 1\" style=\"width: 49.9638%; text-align: left; height: 24px;\">Lungime<\/th>\n<td class=\"attribute_value\" style=\"width: 49.9638%; height: 24px;\"><strong>7, 6 m<\/strong><\/td>\n<\/tr>\n<tr class=\"alt\" style=\"height: 24px;\">\n<th class=\"attribute_name 1\" style=\"width: 49.9638%; text-align: left; height: 24px;\">L\u0103\u021bime<\/th>\n<td class=\"attribute_value\" style=\"width: 49.9638%; height: 24px;\"><strong>2, 3 m<\/strong><\/td>\n<\/tr>\n<tr class=\"alt\" style=\"height: 24px;\">\n<th class=\"attribute_name 1\" style=\"width: 49.9638%; text-align: left; height: 24px;\">\u00cen\u0103l\u021bimea p\u00e2n\u0103 la podeaua platformei<\/th>\n<td class=\"attribute_value\" style=\"width: 49.9638%; height: 24px;\"><strong>12 m<\/strong><\/td>\n<\/tr>\n<tr class=\"attr_ves\" style=\"height: 24px;\">\n<th class=\"attribute_name 1\" style=\"width: 49.9638%; text-align: left; height: 24px;\">Greutate<\/th>\n<td class=\"attribute_value\" style=\"width: 49.9638%; height: 24px;\"><strong>5 900 kg<\/strong><\/td>\n<\/tr>\n<tr style=\"height: 24px;\">\n<th class=\"attribute_name 1\" style=\"width: 49.9638%; text-align: left; height: 24px;\">\u00cen\u0103l\u021bimea de lucru<\/th>\n<td class=\"attribute_value\" style=\"width: 49.9638%; height: 24px;\"><strong>14 m<\/strong><\/td>\n<\/tr>\n<tr style=\"height: 24px;\">\n<th class=\"attribute_name 1\" style=\"width: 49.9638%; text-align: left; height: 24px;\">\u00centindere orizontal\u0103<\/th>\n<td class=\"attribute_value\" style=\"width: 49.9638%; height: 24px;\"><strong>10, 6 m<\/strong><\/td>\n<\/tr>\n<tr style=\"height: 24px;\">\n<th class=\"attribute_name 1\" style=\"width: 49.9638%; text-align: left; height: 24px;\">Stabilitate<\/th>\n<td class=\"attribute_value\" style=\"width: 49.9638%; height: 24px;\"><strong>50 %<\/strong><\/td>\n<\/tr>\n<tr class=\"alt\" style=\"height: 24px;\">\n<th class=\"attribute_name 1\" style=\"width: 49.9638%; text-align: left; height: 24px;\">\u00cen\u0103l\u021bimea c\u00e2nd este pliat\u0103<\/th>\n<td class=\"attribute_value\" style=\"width: 49.9638%; height: 24px;\"><strong>2, 3 mm<\/strong><\/td>\n<\/tr>\n<\/tbody>\n<\/table>\n<p>&nbsp;<\/p>","protected":false},"excerpt":{"rendered":"<p><span style=\"font-size: 14pt;\"><strong>Descriere produs:<\/strong><\/span><\/p>\n<p>Nacela diesel telescopic\u0103 H14 TX are o capacitate de ridicare de 230 kg. \u00cen\u0103l\u021bimea de lucru este de 14 m. O gard\u0103 la sol m\u0103rit\u0103 de 35 cm \u0219i trac\u021biunea integral\u0103 4&#215;4 asigur\u0103 o capacitate off-road ridicat\u0103. Panoul de control la \u00eendem\u00e2n\u0103 este duplicat pe suport.<\/p>\n<p>Bariere de siguran\u021b\u0103 pliabile pe platforma de lucru, cu spa\u021biu pentru fixarea hamurilor de siguran\u021b\u0103. Dimensiunea platformei permite transportarea a dou\u0103 persoane simultan. Rota\u021bia de 360\u00b0 a turnului permite schimb\u0103ri rapide de pozi\u021bionare.<\/p>\n<p>&nbsp;<\/p>\n","protected":false},"featured_media":715,"comment_status":"closed","ping_status":"closed","template":"","meta":[],"product_cat":[184],"product_tag":[],"class_list":["post-714","product","type-product","status-publish","has-post-thumbnail","hentry","product_cat-ascensoare-telescopice"],"_links":{"self":[{"href":"https:\/\/accesreal.md\/ro\/wp-json\/wp\/v2\/product\/714","targetHints":{"allow":["GET"]}}],"collection":[{"href":"https:\/\/accesreal.md\/ro\/wp-json\/wp\/v2\/product"}],"about":[{"href":"https:\/\/accesreal.md\/ro\/wp-json\/wp\/v2\/types\/product"}],"replies":[{"embeddable":true,"href":"https:\/\/accesreal.md\/ro\/wp-json\/wp\/v2\/comments?post=714"}],"wp:featuredmedia":[{"embeddable":true,"href":"https:\/\/accesreal.md\/ro\/wp-json\/wp\/v2\/media\/715"}],"wp:attachment":[{"href":"https:\/\/accesreal.md\/ro\/wp-json\/wp\/v2\/media?parent=714"}],"wp:term":[{"taxonomy":"product_cat","embeddable":true,"href":"https:\/\/accesreal.md\/ro\/wp-json\/wp\/v2\/product_cat?post=714"},{"taxonomy":"product_tag","embeddable":true,"href":"https:\/\/accesreal.md\/ro\/wp-json\/wp\/v2\/product_tag?post=714"}],"curies":[{"name":"wp","href":"https:\/\/api.w.org\/{rel}","templated":true}]}}