{"id":709,"date":"2021-10-05T15:16:26","date_gmt":"2021-10-05T12:16:26","guid":{"rendered":"https:\/\/accesreal.md\/?post_type=product&#038;p=709"},"modified":"2021-10-07T17:45:55","modified_gmt":"2021-10-07T14:45:55","slug":"teleskopicheskij-podyomnik-skyjack-sj-45-t","status":"publish","type":"product","link":"https:\/\/accesreal.md\/ro\/product\/teleskopicheskij-podyomnik-skyjack-sj-45-t\/","title":{"rendered":"Nacel\u0103 tip telescop Skyjack sj 45 T"},"content":{"rendered":"<p><\/p>\n<table style=\"border-collapse: collapse; width: 100%; height: 216px;\">\n<tbody>\n<tr style=\"height: 24px;\">\n<td style=\"width: 50%; height: 24px;\">\u00cen\u0103l\u021bimea de lucru<\/td>\n<td style=\"width: 49.9638%; height: 24px;\" valign=\"top\"><strong>15, 8 m<\/strong><\/td>\n<\/tr>\n<tr style=\"height: 24px;\">\n<td style=\"width: 50%; height: 24px;\">Extindere orizontal\u0103<\/td>\n<td style=\"width: 49.9638%; height: 24px;\" valign=\"top\"><strong>12, 1 m<\/strong><\/td>\n<\/tr>\n<tr style=\"height: 24px;\">\n<td style=\"width: 50%; height: 24px;\">Capacitatea de \u00eenc\u0103rcare<\/td>\n<td style=\"width: 49.9638%; height: 24px;\" valign=\"top\"><strong>227 kg<\/strong><\/td>\n<\/tr>\n<tr style=\"height: 24px;\">\n<td style=\"width: 50%; height: 24px;\">Platforma<\/td>\n<td style=\"width: 49.9638%; height: 24px;\" valign=\"top\"><strong>0, 91 x 1, 83 m<\/strong><\/td>\n<\/tr>\n<tr style=\"height: 24px;\">\n<td style=\"width: 50%; height: 24px;\">Greutate<\/td>\n<td style=\"width: 49.9638%; height: 24px;\" valign=\"top\"><strong>7 552 kg<\/strong><\/td>\n<\/tr>\n<tr style=\"height: 24px;\">\n<td style=\"width: 50%; height: 24px;\">Motor<\/td>\n<td style=\"width: 49.9638%; height: 24px;\" valign=\"top\"><strong>Diesel<\/strong><\/td>\n<\/tr>\n<tr style=\"height: 24px;\">\n<td style=\"width: 50%; height: 24px;\">Lungime<\/td>\n<td style=\"width: 49.9638%; height: 24px;\" valign=\"top\"><strong>8, 8 m<\/strong><\/td>\n<\/tr>\n<tr style=\"height: 24px;\">\n<td style=\"width: 50%; height: 24px;\">L\u0103\u021bime<\/td>\n<td style=\"width: 49.9638%; height: 24px;\" valign=\"top\"><strong>2, 3 m<\/strong><\/td>\n<\/tr>\n<\/tbody>\n<\/table>\n<p><\/p>","protected":false},"excerpt":{"rendered":"<p><span style=\"font-size: 14pt;\"><strong>Descriere produs:<\/strong><\/span><\/p>\n<p>Skyjack SJ 45T este un elevator telescopic compact cu bra\u021b telescopic echipat cu un motor diesel Deutz de 48 CP. Spre deosebire de ascensoarele cu bra\u021b articulat, bra\u021bul telescopic are un bra\u021b drept, f\u0103r\u0103 posibilitatea de \u00eendoire (cu excep\u021bia p\u0103r\u021bii mici de la cap\u0103t) \u0219i se caracterizeaz\u0103 printr-un design relativ simplu, o capacitate de ridicare \u0219i o \u00een\u0103l\u021bime de ridicare mai mare. Bra\u021bul cu platforma se poate \u00eenclina \u00een pozi\u021bie orizontal\u0103 (zona de lucru a ascensorului cu bra\u021b telescopic formeaz\u0103 o emisfer\u0103). Nu este nevoie de schele datorit\u0103 ascensorului cu bra\u021b telescopic. Un bra\u021b lung \u0219i drept necesit\u0103 mai mult spa\u021biu \u00een timpul lucrului, de aceea ascensoarele cu bra\u021b telescopic sunt de obicei folosite pentru lucr\u0103ri externe: lucr\u0103ri de instalare \u0219i finisare \u00een construc\u021bii, instala\u021bii de utilit\u0103\u021bi, industria petrolier\u0103 \u0219i a gazelor etc.<\/p>\n","protected":false},"featured_media":711,"comment_status":"closed","ping_status":"closed","template":"","meta":[],"product_cat":[184],"product_tag":[],"class_list":["post-709","product","type-product","status-publish","has-post-thumbnail","hentry","product_cat-ascensoare-telescopice"],"_links":{"self":[{"href":"https:\/\/accesreal.md\/ro\/wp-json\/wp\/v2\/product\/709","targetHints":{"allow":["GET"]}}],"collection":[{"href":"https:\/\/accesreal.md\/ro\/wp-json\/wp\/v2\/product"}],"about":[{"href":"https:\/\/accesreal.md\/ro\/wp-json\/wp\/v2\/types\/product"}],"replies":[{"embeddable":true,"href":"https:\/\/accesreal.md\/ro\/wp-json\/wp\/v2\/comments?post=709"}],"wp:featuredmedia":[{"embeddable":true,"href":"https:\/\/accesreal.md\/ro\/wp-json\/wp\/v2\/media\/711"}],"wp:attachment":[{"href":"https:\/\/accesreal.md\/ro\/wp-json\/wp\/v2\/media?parent=709"}],"wp:term":[{"taxonomy":"product_cat","embeddable":true,"href":"https:\/\/accesreal.md\/ro\/wp-json\/wp\/v2\/product_cat?post=709"},{"taxonomy":"product_tag","embeddable":true,"href":"https:\/\/accesreal.md\/ro\/wp-json\/wp\/v2\/product_tag?post=709"}],"curies":[{"name":"wp","href":"https:\/\/api.w.org\/{rel}","templated":true}]}}