{"id":705,"date":"2021-10-05T15:01:00","date_gmt":"2021-10-05T12:01:00","guid":{"rendered":"https:\/\/accesreal.md\/?post_type=product&#038;p=705"},"modified":"2021-10-08T11:19:46","modified_gmt":"2021-10-08T08:19:46","slug":"teleskopicheskij-podyomnik-jlg-400-s","status":"publish","type":"product","link":"https:\/\/accesreal.md\/ro\/product\/teleskopicheskij-podyomnik-jlg-400-s\/","title":{"rendered":"Nacel\u0103 tip telescop JLG 400 S"},"content":{"rendered":"<p><\/p>\n<table style=\"border-collapse: collapse; width: 100%; height: 213px;\">\n<tbody>\n<tr>\n<td style=\"width: 50%;\"><strong>\u00cen\u0103l\u021bime de lucru<\/strong><\/td>\n<td style=\"width: 50%;\"><strong><b>14, 36 m<\/b><\/strong><\/td>\n<\/tr>\n<tr style=\"height: 24px;\">\n<td style=\"width: 50%; height: 24px;\"><strong>Dimensiuni<\/strong><\/td>\n<td style=\"width: 50%; height: 24px;\"><strong>7, 57 \u00d7 2, 31 \u00d7 2, 47 mm<\/strong><\/td>\n<\/tr>\n<tr style=\"height: 24px;\">\n<td style=\"width: 50%; height: 24px;\"><strong>Greutate<\/strong><\/td>\n<td style=\"width: 50%; height: 24px;\"><strong>6 680 kg<\/strong><\/td>\n<\/tr>\n<tr style=\"height: 21px;\">\n<td style=\"width: 50%; height: 21px;\"><strong><span class=\"grey\">Capacitatea de transport<\/span><\/strong><\/td>\n<td style=\"width: 50%; height: 21px;\"><strong>270 kg<\/strong><\/td>\n<\/tr>\n<tr style=\"height: 24px;\">\n<td style=\"width: 50%; height: 24px;\"><strong>\u00cen\u0103l\u021bimea de ridicare<\/strong><\/td>\n<td style=\"width: 50%; height: 24px;\"><strong>12 190 m<\/strong><\/td>\n<\/tr>\n<tr style=\"height: 24px;\">\n<td style=\"width: 50%; height: 24px;\"><strong>Viteza max. de deplasare<\/strong><\/td>\n<td style=\"width: 50%; height: 24px;\"><strong>7, 2 km\/ h<\/strong><\/td>\n<\/tr>\n<tr style=\"height: 24px;\">\n<td style=\"width: 50%; height: 24px;\"><strong>Gradientul max. dep\u0103\u0219it<\/strong><\/td>\n<td style=\"width: 50%; height: 24px;\"><strong>45 %<\/strong><\/td>\n<\/tr>\n<tr style=\"height: 24px;\">\n<td style=\"width: 50%; height: 24px;\"><strong><span class=\"grey\">Raza de virare<\/span><\/strong><\/td>\n<td style=\"width: 50%; height: 24px;\"><strong>4 840 \u043cml<\/strong><\/td>\n<\/tr>\n<tr style=\"height: 24px;\">\n<td style=\"width: 50%; height: 24px;\"><strong>Capacitatea rezervorului de combustibil<\/strong><\/td>\n<td style=\"width: 50%; height: 24px;\"><strong>83, 3 l<\/strong><\/td>\n<\/tr>\n<tr style=\"height: 24px;\">\n<td style=\"width: 50%; height: 24px;\"><strong><span class=\"grey\">Rezervor hidraulic<\/span><\/strong><\/td>\n<td style=\"width: 50%; height: 24px;\"><strong>136 l<\/strong><\/td>\n<\/tr>\n<\/tbody>\n<\/table>\n<p><\/p>","protected":false},"excerpt":{"rendered":"<p><span style=\"font-size: 14pt;\"><strong>Descriere produs:<\/strong><\/span><\/p>\n<p>JLG-400s dispune de un control al motorului cu tura\u021bie variabil\u0103 pentru \u00eembun\u0103t\u0103\u021birea eficien\u021bei combustibilului \u0219i reducerea costurilor de operare. Are o capacitate a co\u0219ului de 270 kg fa\u021b\u0103 de 230 kg \u00eenainte, ceea ce v\u0103 permite s\u0103 transporta\u021bi mai multe unelte sau materiale pentru a r\u0103m\u00e2ne mai mult timp la locul de munc\u0103. Rota\u021bia sa continu\u0103 la 360 de grade permite o mai mare capacitate de lucru. Capota e realizat\u0103 din materialul DuraTough, pentru mai pu\u021bin\u0103 \u00eentre\u021binere \u0219i rezisten\u021b\u0103 sporit\u0103, reduc\u00e2nd costurile totale de exploatare.<\/p>\n<p>&nbsp;<\/p>\n","protected":false},"featured_media":706,"comment_status":"closed","ping_status":"closed","template":"","meta":[],"product_cat":[184],"product_tag":[],"class_list":["post-705","product","type-product","status-publish","has-post-thumbnail","hentry","product_cat-ascensoare-telescopice"],"_links":{"self":[{"href":"https:\/\/accesreal.md\/ro\/wp-json\/wp\/v2\/product\/705","targetHints":{"allow":["GET"]}}],"collection":[{"href":"https:\/\/accesreal.md\/ro\/wp-json\/wp\/v2\/product"}],"about":[{"href":"https:\/\/accesreal.md\/ro\/wp-json\/wp\/v2\/types\/product"}],"replies":[{"embeddable":true,"href":"https:\/\/accesreal.md\/ro\/wp-json\/wp\/v2\/comments?post=705"}],"wp:featuredmedia":[{"embeddable":true,"href":"https:\/\/accesreal.md\/ro\/wp-json\/wp\/v2\/media\/706"}],"wp:attachment":[{"href":"https:\/\/accesreal.md\/ro\/wp-json\/wp\/v2\/media?parent=705"}],"wp:term":[{"taxonomy":"product_cat","embeddable":true,"href":"https:\/\/accesreal.md\/ro\/wp-json\/wp\/v2\/product_cat?post=705"},{"taxonomy":"product_tag","embeddable":true,"href":"https:\/\/accesreal.md\/ro\/wp-json\/wp\/v2\/product_tag?post=705"}],"curies":[{"name":"wp","href":"https:\/\/api.w.org\/{rel}","templated":true}]}}