{"id":688,"date":"2021-10-05T14:02:19","date_gmt":"2021-10-05T11:02:19","guid":{"rendered":"https:\/\/accesreal.md\/?post_type=product&#038;p=688"},"modified":"2021-10-08T11:22:44","modified_gmt":"2021-10-08T08:22:44","slug":"kolenchatyj-podyomnik-jlg-m450-aj","status":"publish","type":"product","link":"https:\/\/accesreal.md\/ro\/product\/kolenchatyj-podyomnik-jlg-m450-aj\/","title":{"rendered":"Nacel\u0103 tip articulat JLG M450 AJ"},"content":{"rendered":"<p><\/p>\n<table style=\"border-collapse: collapse; width: 100%; height: 168px;\">\n<tbody>\n<tr>\n<td style=\"width: 50%;\"><strong>\u00cen\u0103l\u021bimea de lucru<\/strong><\/td>\n<td style=\"width: 50%;\"><strong>15, 7 m<\/strong><\/td>\n<\/tr>\n<tr style=\"height: 24px;\">\n<td style=\"width: 50%; height: 24px;\"><strong>Viteza de deplasare &#8211; Platforma cobor\u00e2t\u0103<\/strong><\/td>\n<td style=\"width: 50%; height: 24px;\"><strong>5, 20 km\/ h<\/strong><\/td>\n<\/tr>\n<tr style=\"height: 24px;\">\n<td style=\"width: 50%; height: 24px;\"><strong>Capacitate de clas\u0103 &#8211; 2 ro\u021bi cu trac\u021biune<\/strong><\/td>\n<td style=\"width: 50%; height: 24px;\"><strong>30 %<\/strong><\/td>\n<\/tr>\n<tr style=\"height: 24px;\">\n<td style=\"width: 50%; height: 24px;\"><strong>Capacitate de ridicare a platformei<\/strong><\/td>\n<td style=\"width: 50%; height: 24px;\"><strong>230 kg<\/strong><\/td>\n<\/tr>\n<tr style=\"height: 24px;\">\n<td style=\"width: 50%; height: 24px;\"><strong>\u00cen\u0103l\u021bimea ma\u0219inii<\/strong><\/td>\n<td style=\"width: 50%; height: 24px;\"><strong>2, 01 m<\/strong><\/td>\n<\/tr>\n<tr style=\"height: 24px;\">\n<td style=\"width: 50%; height: 24px;\"><strong>Lungimea ma\u0219inii<\/strong><\/td>\n<td style=\"width: 50%; height: 24px;\"><strong>6, 45 m<\/strong><\/td>\n<\/tr>\n<tr style=\"height: 24px;\">\n<td style=\"width: 50%; height: 24px;\"><strong>L\u0103\u021bimea ma\u0219inii<\/strong><\/td>\n<td style=\"width: 50%; height: 24px;\"><strong>1, 75 m<\/strong><\/td>\n<\/tr>\n<tr style=\"height: 24px;\">\n<td class=\"tableRowHead\" style=\"width: 50%; height: 24px;\"><strong>\u00cen\u0103l\u021bimea platformei<\/strong><\/td>\n<td class=\"tableBody\" style=\"width: 50%; height: 24px;\"><strong>13, 72 m<\/strong><\/td>\n<\/tr>\n<tr>\n<td style=\"width: 50%;\"><strong>Mod de alimentare<\/strong><\/td>\n<td style=\"width: 50%;\"><strong>Diesel<\/strong><\/td>\n<\/tr>\n<\/tbody>\n<\/table>\n<p><\/p>","protected":false},"excerpt":{"rendered":"<p><span style=\"font-size: 14pt;\"><strong>Descriere produs:<\/strong><\/span><\/p>\n<p>Trei \u00een\u0103l\u021bimi de ridicare a platformei \u0219i o gam\u0103 larg\u0103 de op\u021biuni, inclusiv l\u0103\u021bimi diferite ale \u0219asiului \u0219i sec\u021biuni superioare ale bra\u021bului, v\u0103 permit s\u0103 alege\u021bi op\u021biunea care se potrive\u0219te cel mai bine dvs.<br \/>\nSuprafa\u021b\u0103 mare de lucru &#8211; datorit\u0103 cantit\u0103\u021bii de acoperire orizontal\u0103 \u0219i a sec\u021biunii superioare a bra\u021bului disponibile ca op\u021biune.<br \/>\nFlota\u021bie \u0219i manevrabilitate \u00eembun\u0103t\u0103\u021bite datorit\u0103 controlului automat al cuplului ro\u021bilor motoare.<br \/>\nTrac\u021biunea electric\u0103 direct\u0103 consum\u0103 mai pu\u021bin\u0103 energie \u0219i contribuie la cicluri mai lungi, cresc\u00e2nd productivitatea.<br \/>\nCur\u0103\u021benia ecologic\u0103 a ac\u021bion\u0103rii electrice.<\/p>\n","protected":false},"featured_media":689,"comment_status":"closed","ping_status":"closed","template":"","meta":[],"product_cat":[15],"product_tag":[],"class_list":["post-688","product","type-product","status-publish","has-post-thumbnail","hentry","product_cat-kolenchatye-podemniki"],"_links":{"self":[{"href":"https:\/\/accesreal.md\/ro\/wp-json\/wp\/v2\/product\/688","targetHints":{"allow":["GET"]}}],"collection":[{"href":"https:\/\/accesreal.md\/ro\/wp-json\/wp\/v2\/product"}],"about":[{"href":"https:\/\/accesreal.md\/ro\/wp-json\/wp\/v2\/types\/product"}],"replies":[{"embeddable":true,"href":"https:\/\/accesreal.md\/ro\/wp-json\/wp\/v2\/comments?post=688"}],"wp:featuredmedia":[{"embeddable":true,"href":"https:\/\/accesreal.md\/ro\/wp-json\/wp\/v2\/media\/689"}],"wp:attachment":[{"href":"https:\/\/accesreal.md\/ro\/wp-json\/wp\/v2\/media?parent=688"}],"wp:term":[{"taxonomy":"product_cat","embeddable":true,"href":"https:\/\/accesreal.md\/ro\/wp-json\/wp\/v2\/product_cat?post=688"},{"taxonomy":"product_tag","embeddable":true,"href":"https:\/\/accesreal.md\/ro\/wp-json\/wp\/v2\/product_tag?post=688"}],"curies":[{"name":"wp","href":"https:\/\/api.w.org\/{rel}","templated":true}]}}