{"id":680,"date":"2021-10-05T13:31:52","date_gmt":"2021-10-05T10:31:52","guid":{"rendered":"https:\/\/accesreal.md\/?post_type=product&#038;p=680"},"modified":"2021-10-07T17:09:46","modified_gmt":"2021-10-07T14:09:46","slug":"kolenchatyj-podyomnik-genie-45-25-z","status":"publish","type":"product","link":"https:\/\/accesreal.md\/ro\/product\/kolenchatyj-podyomnik-genie-45-25-z\/","title":{"rendered":"Nacel\u0103 tip articulat Genie 45\/25 Z"},"content":{"rendered":"<p><\/p>\n<table style=\"border-collapse: collapse; width: 100%;\">\n<tbody>\n<tr>\n<td style=\"width: 50%;\"><strong>\u00cen\u0103l\u021bimea de lucru<\/strong><\/td>\n<td style=\"width: 50%;\"><strong> 15, 94 m<\/strong><\/td>\n<\/tr>\n<tr>\n<td style=\"width: 50%;\"><strong>\u00cen\u0103l\u021bimea de ridicare a podelei platformei<\/strong><\/td>\n<td style=\"width: 50%;\"><strong>13, 9 m<\/strong><\/td>\n<\/tr>\n<tr>\n<td style=\"width: 50%;\"><strong>\u00cen\u0103l\u021bimea de lucru<\/strong><\/td>\n<td style=\"width: 50%;\"><strong>16 m<\/strong><\/td>\n<\/tr>\n<tr>\n<td style=\"width: 50%;\"><strong>Dimensiunile platformei<\/strong><\/td>\n<td style=\"width: 50%; height: 24px;\"><strong>\u00a01, 83 \u0445 0, 76 kg<\/strong><\/td>\n<\/tr>\n<tr>\n<td style=\"width: 50%;\"><strong>Lungime<\/strong><\/td>\n<td style=\"width: 50%; height: 24px;\"><strong>5, 56 m<\/strong><\/td>\n<\/tr>\n<tr>\n<td style=\"width: 50%;\"><strong>Vitez\u0103<\/strong><\/td>\n<td style=\"width: 50%; height: 24px;\"><strong>4, 8 km\/ h<\/strong><\/td>\n<\/tr>\n<tr>\n<td style=\"width: 50%;\"><strong>L\u0103\u021bime<\/strong><\/td>\n<td style=\"width: 50%; height: 24px;\"><strong>1, 79 m<\/strong><\/td>\n<\/tr>\n<tr>\n<td style=\"width: 50%;\"><strong>Panta maxim\u0103<\/strong><\/td>\n<td style=\"width: 50%; height: 24px;\"><strong>30\u00b0<\/strong><\/td>\n<\/tr>\n<tr>\n<td style=\"width: 50%;\"><strong>Mod de alimentare<\/strong><\/td>\n<td style=\"width: 50%; height: 24px;\"><strong>Electric\/ Disel<\/strong><\/td>\n<\/tr>\n<\/tbody>\n<\/table>\n<p><\/p>","protected":false},"excerpt":{"rendered":"<p><span style=\"font-size: 14pt;\"><strong>Descriere produs:<\/strong><\/span><\/p>\n<p>Nacel\u0103 tip articulat Genie, cu greutatea de 6373 kg, \u00een\u0103l\u021bimea de lucru 16 m \u0219i capacitatea de ridicare 227 kg.<\/p>\n","protected":false},"featured_media":681,"comment_status":"closed","ping_status":"closed","template":"","meta":[],"product_cat":[15],"product_tag":[],"class_list":["post-680","product","type-product","status-publish","has-post-thumbnail","hentry","product_cat-kolenchatye-podemniki"],"_links":{"self":[{"href":"https:\/\/accesreal.md\/ro\/wp-json\/wp\/v2\/product\/680","targetHints":{"allow":["GET"]}}],"collection":[{"href":"https:\/\/accesreal.md\/ro\/wp-json\/wp\/v2\/product"}],"about":[{"href":"https:\/\/accesreal.md\/ro\/wp-json\/wp\/v2\/types\/product"}],"replies":[{"embeddable":true,"href":"https:\/\/accesreal.md\/ro\/wp-json\/wp\/v2\/comments?post=680"}],"wp:featuredmedia":[{"embeddable":true,"href":"https:\/\/accesreal.md\/ro\/wp-json\/wp\/v2\/media\/681"}],"wp:attachment":[{"href":"https:\/\/accesreal.md\/ro\/wp-json\/wp\/v2\/media?parent=680"}],"wp:term":[{"taxonomy":"product_cat","embeddable":true,"href":"https:\/\/accesreal.md\/ro\/wp-json\/wp\/v2\/product_cat?post=680"},{"taxonomy":"product_tag","embeddable":true,"href":"https:\/\/accesreal.md\/ro\/wp-json\/wp\/v2\/product_tag?post=680"}],"curies":[{"name":"wp","href":"https:\/\/api.w.org\/{rel}","templated":true}]}}