{"id":672,"date":"2021-10-05T10:31:52","date_gmt":"2021-10-05T07:31:52","guid":{"rendered":"https:\/\/accesreal.md\/?post_type=product&#038;p=672"},"modified":"2021-10-07T13:49:54","modified_gmt":"2021-10-07T10:49:54","slug":"kolenchatyj-podyomnik-haulotte-ha16px","status":"publish","type":"product","link":"https:\/\/accesreal.md\/ro\/product\/kolenchatyj-podyomnik-haulotte-ha16px\/","title":{"rendered":"Nacel\u0103 tip articulat Haulotte HA16PX"},"content":{"rendered":"<p><\/p>\n<table style=\"border-collapse: collapse; width: 100%; height: 240px;\">\n<tbody>\n<tr style=\"height: 24px;\">\n<td style=\"width: 50%; height: 24px;\"><strong>\u00cen\u0103l\u021bimea de lucru<\/strong><\/td>\n<td style=\"width: 50%; height: 24px;\"><strong>16\u00a0 m<\/strong><\/td>\n<\/tr>\n<tr style=\"height: 24px;\">\n<td style=\"width: 50%; height: 24px;\"><strong>Modul de alimentare<\/strong><\/td>\n<td style=\"width: 50%; height: 24px;\"><strong>Diesel<\/strong><\/td>\n<\/tr>\n<tr style=\"height: 24px;\">\n<td style=\"width: 50%; height: 24px;\"><strong>Dimensiunile platformei<\/strong><\/td>\n<td style=\"width: 50%; height: 24px;\"><strong>1, 8 \u0445 0, 8 m<\/strong><\/td>\n<\/tr>\n<tr style=\"height: 24px;\">\n<td style=\"width: 50%; height: 24px;\"><strong>Capacitatea de ridicare<\/strong><\/td>\n<td style=\"width: 50%; height: 24px;\"><strong>230 kg<\/strong><\/td>\n<\/tr>\n<tr style=\"height: 24px;\">\n<td style=\"width: 50%; height: 24px;\"><strong>Greutate<\/strong><\/td>\n<td style=\"width: 50%; height: 24px;\"><strong>7000 kg<\/strong><\/td>\n<\/tr>\n<tr style=\"height: 24px;\">\n<td style=\"width: 50%; height: 24px;\"><strong>Rotirea platformei<\/strong><\/td>\n<td style=\"width: 50%; height: 24px;\"><strong>180<\/strong><\/td>\n<\/tr>\n<tr style=\"height: 24px;\">\n<td style=\"width: 50%; height: 24px;\"><strong>Lungimea de transport<\/strong><\/td>\n<td style=\"width: 50%; height: 24px;\"><strong>7, 15 m<\/strong><\/td>\n<\/tr>\n<tr style=\"height: 24px;\">\n<td style=\"width: 50%; height: 24px;\"><strong>\u00cen\u0103l\u021bimea de transport<\/strong><\/td>\n<td style=\"width: 50%; height: 24px;\"><strong>2, 6 m<\/strong><\/td>\n<\/tr>\n<tr style=\"height: 24px;\">\n<td style=\"width: 50%; height: 24px;\"><strong>\u00cen\u0103l\u021bimea maxim\u0103 a platformei<\/strong><\/td>\n<td style=\"width: 50%; height: 24px;\"><strong>14 m<\/strong><\/td>\n<\/tr>\n<tr style=\"height: 24px;\">\n<td style=\"width: 50%; height: 24px;\"><strong>Vitez\u0103<\/strong><\/td>\n<td style=\"width: 50%; height: 24px;\"><strong>0, 8 &#8211; 5, 5 km\/ h<\/strong><\/td>\n<\/tr>\n<\/tbody>\n<\/table>\n<p><\/p>","protected":false},"excerpt":{"rendered":"<p><span style=\"font-size: 14pt;\"><strong>Descriere produs:<\/strong><\/span><\/p>\n<p>Elevatorul diesel articulat Haulotte HA 16 PX este mijlocul optim de transportare a speciali\u0219tilor \u00eentr-un anumit punct al peretelui, tavanului, acoperi\u0219ului. Acest echipament de ridicat este utilizat pe scar\u0103 larg\u0103 atunci c\u00e2nd se efectueaz\u0103 lucr\u0103ri de asamblare, restaurare sau repara\u021bii la \u00een\u0103l\u021bime \u00een locuri greu accesibile. Este un \u00eenlocuitor modern pentru schele \u0219i sc\u0103ri \u0219i economise\u0219te bani semnificativi pentru construc\u021bia lor.<\/p>\n","protected":false},"featured_media":673,"comment_status":"closed","ping_status":"closed","template":"","meta":[],"product_cat":[15],"product_tag":[],"class_list":["post-672","product","type-product","status-publish","has-post-thumbnail","hentry","product_cat-kolenchatye-podemniki"],"_links":{"self":[{"href":"https:\/\/accesreal.md\/ro\/wp-json\/wp\/v2\/product\/672","targetHints":{"allow":["GET"]}}],"collection":[{"href":"https:\/\/accesreal.md\/ro\/wp-json\/wp\/v2\/product"}],"about":[{"href":"https:\/\/accesreal.md\/ro\/wp-json\/wp\/v2\/types\/product"}],"replies":[{"embeddable":true,"href":"https:\/\/accesreal.md\/ro\/wp-json\/wp\/v2\/comments?post=672"}],"wp:featuredmedia":[{"embeddable":true,"href":"https:\/\/accesreal.md\/ro\/wp-json\/wp\/v2\/media\/673"}],"wp:attachment":[{"href":"https:\/\/accesreal.md\/ro\/wp-json\/wp\/v2\/media?parent=672"}],"wp:term":[{"taxonomy":"product_cat","embeddable":true,"href":"https:\/\/accesreal.md\/ro\/wp-json\/wp\/v2\/product_cat?post=672"},{"taxonomy":"product_tag","embeddable":true,"href":"https:\/\/accesreal.md\/ro\/wp-json\/wp\/v2\/product_tag?post=672"}],"curies":[{"name":"wp","href":"https:\/\/api.w.org\/{rel}","templated":true}]}}