{"id":667,"date":"2021-10-05T10:17:08","date_gmt":"2021-10-05T07:17:08","guid":{"rendered":"https:\/\/accesreal.md\/?post_type=product&#038;p=667"},"modified":"2021-10-05T10:17:08","modified_gmt":"2021-10-05T07:17:08","slug":"kolenchatyj-podyomnik-haulotte-ha12px","status":"publish","type":"product","link":"https:\/\/accesreal.md\/ro\/product\/kolenchatyj-podyomnik-haulotte-ha12px\/","title":{"rendered":"Nacel\u0103 tip articulat Haulotte HA12PX"},"content":{"rendered":"<p><\/p>\n<table style=\"border-collapse: collapse; width: 100%; height: 144px;\">\n<tbody>\n<tr style=\"height: 24px;\">\n<td style=\"width: 50%; height: 24px;\"><strong>\u00cen\u0103l\u021bime de lucru<\/strong><\/td>\n<td style=\"width: 50%; height: 24px;\"><strong>12, 4 m<\/strong><\/td>\n<\/tr>\n<tr style=\"height: 24px;\">\n<td style=\"width: 50%; height: 24px;\"><strong>\u00cen\u0103l\u021bimea de ridicare<\/strong><\/td>\n<td style=\"width: 50%; height: 24px;\"><strong>10, 4 m<\/strong><\/td>\n<\/tr>\n<tr style=\"height: 24px;\">\n<td style=\"width: 50%; height: 24px;\"><strong>Atingere orizontal\u0103 a bra\u021bului<\/strong><\/td>\n<td style=\"width: 50%; height: 24px;\"><strong>6, 6 m<\/strong><\/td>\n<\/tr>\n<tr style=\"height: 24px;\">\n<td style=\"width: 50%; height: 24px;\"><strong>Capacitate de ridicare<\/strong><\/td>\n<td style=\"width: 50%; height: 24px;\"><strong>230 kg<\/strong><\/td>\n<\/tr>\n<tr style=\"height: 24px;\">\n<td style=\"width: 50%; height: 24px;\"><strong>Dimensiunea platformei<\/strong><\/td>\n<td style=\"width: 50%; height: 24px;\"><strong>1, 2 \u0445 0, 8 m<\/strong><\/td>\n<\/tr>\n<tr style=\"height: 24px;\">\n<td style=\"width: 50%; height: 24px;\"><strong>Modul de alimentare<\/strong><\/td>\n<td style=\"width: 50%; height: 24px;\"><strong>motor diesel<\/strong><\/td>\n<\/tr>\n<\/tbody>\n<\/table>\n<p><\/p>","protected":false},"excerpt":{"rendered":"<p>&nbsp;<\/p>\n<p><span style=\"font-size: 14pt;\"><strong>Descriere produs:<\/strong><\/span><\/p>\n<p>Elevatorul articulat Haulotte HA 12 PX este extrem de manevrabil datorit\u0103 ro\u021bilor sale fiabile pentru toate terenurile \u0219i capacit\u0103\u021bii de a dep\u0103\u0219i pante longitudinale de p\u00e2n\u0103 la 45 \u00b0. \u00cen plus, \u00een\u0103l\u021bimea maxim\u0103 de \u00eendoire deasupra obstacolului pentru acest model ajunge la 5,4 m. Aceasta este o op\u021biune ideal\u0103 pentru efectuarea de repara\u021bii, instal\u0103ri sau alte tipuri de lucr\u0103ri \u00eenalte \u00een condi\u021bii incomode, non-standard.<\/p>\n","protected":false},"featured_media":668,"comment_status":"closed","ping_status":"closed","template":"","meta":[],"product_cat":[15],"product_tag":[],"class_list":["post-667","product","type-product","status-publish","has-post-thumbnail","hentry","product_cat-kolenchatye-podemniki"],"_links":{"self":[{"href":"https:\/\/accesreal.md\/ro\/wp-json\/wp\/v2\/product\/667","targetHints":{"allow":["GET"]}}],"collection":[{"href":"https:\/\/accesreal.md\/ro\/wp-json\/wp\/v2\/product"}],"about":[{"href":"https:\/\/accesreal.md\/ro\/wp-json\/wp\/v2\/types\/product"}],"replies":[{"embeddable":true,"href":"https:\/\/accesreal.md\/ro\/wp-json\/wp\/v2\/comments?post=667"}],"wp:featuredmedia":[{"embeddable":true,"href":"https:\/\/accesreal.md\/ro\/wp-json\/wp\/v2\/media\/668"}],"wp:attachment":[{"href":"https:\/\/accesreal.md\/ro\/wp-json\/wp\/v2\/media?parent=667"}],"wp:term":[{"taxonomy":"product_cat","embeddable":true,"href":"https:\/\/accesreal.md\/ro\/wp-json\/wp\/v2\/product_cat?post=667"},{"taxonomy":"product_tag","embeddable":true,"href":"https:\/\/accesreal.md\/ro\/wp-json\/wp\/v2\/product_tag?post=667"}],"curies":[{"name":"wp","href":"https:\/\/api.w.org\/{rel}","templated":true}]}}