{"id":663,"date":"2021-10-05T10:03:36","date_gmt":"2021-10-05T07:03:36","guid":{"rendered":"https:\/\/accesreal.md\/?post_type=product&#038;p=663"},"modified":"2021-10-07T16:58:26","modified_gmt":"2021-10-07T13:58:26","slug":"kolenchatyj-podemnik-jlg-e-300-aj","status":"publish","type":"product","link":"https:\/\/accesreal.md\/ro\/product\/kolenchatyj-podemnik-jlg-e-300-aj\/","title":{"rendered":"Nacel\u0103 tip articulat JLG E 300 AJ"},"content":{"rendered":"<p><\/p>\n<table style=\"border-collapse: collapse; width: 100%; height: 192px;\">\n<tbody>\n<tr>\n<td style=\"width: 50%;\"><strong>\u00cen\u0103l\u021bimea de lucru<\/strong><\/td>\n<td style=\"width: 50%;\"><strong>10 m<\/strong><\/td>\n<\/tr>\n<tr style=\"height: 24px;\">\n<td style=\"width: 50%; height: 24px;\"><strong>\u00cen\u0103l\u021bimea ma\u0219inii<\/strong><\/td>\n<td style=\"width: 50%; height: 24px;\"><strong>2, 01 m<\/strong><\/td>\n<\/tr>\n<tr style=\"height: 24px;\">\n<td style=\"width: 50%; height: 24px;\"><strong>Lungimea ma\u0219inii <\/strong><\/td>\n<td style=\"width: 50%; height: 24px;\"><strong>5, 54 m<\/strong><\/td>\n<\/tr>\n<tr style=\"height: 24px;\">\n<td style=\"width: 50%; height: 24px;\"><strong>L\u0103\u021bimea ma\u0219inii<\/strong><\/td>\n<td style=\"width: 50%; height: 24px;\"><strong>1, 22\u00a0 m<\/strong><\/td>\n<\/tr>\n<tr style=\"height: 24px;\">\n<td style=\"width: 50%; height: 24px;\"><strong>Dimensinea platformei A<\/strong><\/td>\n<td style=\"width: 50%; height: 24px;\"><strong>0, 76 m<\/strong><\/td>\n<\/tr>\n<tr style=\"height: 24px;\">\n<td style=\"width: 50%; height: 24px;\"><strong>Dimensiunea platformei B<\/strong><\/td>\n<td style=\"width: 50%; height: 24px;\"><strong>1, 22 m<\/strong><\/td>\n<\/tr>\n<tr style=\"height: 24px;\">\n<td style=\"width: 50%; height: 24px;\"><strong>\u00cen\u0103l\u021bimea platformei<\/strong><\/td>\n<td style=\"width: 50%; height: 24px;\"><strong>9, 19 m<\/strong><\/td>\n<\/tr>\n<tr style=\"height: 24px;\">\n<td style=\"width: 50%; height: 24px;\"><strong>Greutatea ma\u0219inii<\/strong><\/td>\n<td class=\"tableBody\" style=\"width: 50%; height: 24px;\"><strong>6 900 kg<\/strong><\/td>\n<\/tr>\n<tr>\n<td style=\"width: 50%;\"><strong>Mod de alimentare<\/strong><\/td>\n<td style=\"width: 50%;\"><strong>Diesel<\/strong><\/td>\n<\/tr>\n<\/tbody>\n<\/table>\n<p><\/p>","protected":false},"excerpt":{"rendered":"<p>&nbsp;<\/p>\n<p><span style=\"font-size: 14pt;\"><strong>Descriere produs:<\/strong><\/span><\/p>\n<p>Flota\u021bie \u0219i manevrabilitate \u00eembun\u0103t\u0103\u021bite datorit\u0103 controlului automat al cuplului ro\u021bilor motoare.<br \/>\nTrac\u021biunea electric\u0103 direct\u0103 consum\u0103 mai pu\u021bin\u0103 energie \u0219i contribuie la cicluri mai lungi, cresc\u00e2nd productivitatea.<br \/>\nCur\u0103\u021benia ecologic\u0103 a ac\u021bion\u0103rii electrice a mi\u0219c\u0103rilor de lucru.<\/p>\n","protected":false},"featured_media":664,"comment_status":"closed","ping_status":"closed","template":"","meta":[],"product_cat":[15],"product_tag":[],"class_list":["post-663","product","type-product","status-publish","has-post-thumbnail","hentry","product_cat-kolenchatye-podemniki"],"_links":{"self":[{"href":"https:\/\/accesreal.md\/ro\/wp-json\/wp\/v2\/product\/663","targetHints":{"allow":["GET"]}}],"collection":[{"href":"https:\/\/accesreal.md\/ro\/wp-json\/wp\/v2\/product"}],"about":[{"href":"https:\/\/accesreal.md\/ro\/wp-json\/wp\/v2\/types\/product"}],"replies":[{"embeddable":true,"href":"https:\/\/accesreal.md\/ro\/wp-json\/wp\/v2\/comments?post=663"}],"wp:featuredmedia":[{"embeddable":true,"href":"https:\/\/accesreal.md\/ro\/wp-json\/wp\/v2\/media\/664"}],"wp:attachment":[{"href":"https:\/\/accesreal.md\/ro\/wp-json\/wp\/v2\/media?parent=663"}],"wp:term":[{"taxonomy":"product_cat","embeddable":true,"href":"https:\/\/accesreal.md\/ro\/wp-json\/wp\/v2\/product_cat?post=663"},{"taxonomy":"product_tag","embeddable":true,"href":"https:\/\/accesreal.md\/ro\/wp-json\/wp\/v2\/product_tag?post=663"}],"curies":[{"name":"wp","href":"https:\/\/api.w.org\/{rel}","templated":true}]}}