{"id":657,"date":"2021-10-05T09:49:38","date_gmt":"2021-10-05T06:49:38","guid":{"rendered":"https:\/\/accesreal.md\/?post_type=product&#038;p=657"},"modified":"2021-10-07T16:57:03","modified_gmt":"2021-10-07T13:57:03","slug":"kolenchatyj-podemnik-jlg-450-aj","status":"publish","type":"product","link":"https:\/\/accesreal.md\/ro\/product\/kolenchatyj-podemnik-jlg-450-aj\/","title":{"rendered":"Nacel\u0103 tip articulat JLG 450 AJ"},"content":{"rendered":"<p><\/p>\n<table style=\"border-collapse: collapse; width: 100%; height: 192px;\">\n<tbody>\n<tr>\n<td style=\"width: 50%;\"><strong>\u00cen\u0103l\u021bimea de lucru<\/strong><\/td>\n<td style=\"width: 50%;\"><strong>\u00a015, 77 m<\/strong><\/td>\n<\/tr>\n<tr style=\"height: 24px;\">\n<td style=\"width: 50%; height: 24px;\"><strong>\u00cen\u0103l\u021bimea ma\u0219inii<\/strong><\/td>\n<td style=\"width: 50%; height: 24px;\"><strong>2, 27 m<\/strong><\/td>\n<\/tr>\n<tr style=\"height: 24px;\">\n<td style=\"width: 50%; height: 24px;\"><strong>Lungimea ma\u0219inii <\/strong><\/td>\n<td style=\"width: 50%; height: 24px;\"><strong>6, 58 m<\/strong><\/td>\n<\/tr>\n<tr style=\"height: 24px;\">\n<td style=\"width: 50%; height: 24px;\"><strong>L\u0103\u021bimea ma\u0219inii<\/strong><\/td>\n<td style=\"width: 50%; height: 24px;\"><strong>2, 34 m<\/strong><\/td>\n<\/tr>\n<tr style=\"height: 24px;\">\n<td style=\"width: 50%; height: 24px;\"><strong>Dimensinea platformei A<\/strong><\/td>\n<td style=\"width: 50%; height: 24px;\"><strong>0, 76 m<\/strong><\/td>\n<\/tr>\n<tr style=\"height: 24px;\">\n<td style=\"width: 50%; height: 24px;\"><strong>Dimensiunea platformei B<\/strong><\/td>\n<td style=\"width: 50%; height: 24px;\"><strong>1, 83 m<\/strong><\/td>\n<\/tr>\n<tr style=\"height: 24px;\">\n<td style=\"width: 50%; height: 24px;\"><strong>\u00cen\u0103l\u021bimea platformei<\/strong><\/td>\n<td style=\"width: 50%; height: 24px;\"><strong>13, 72 m<\/strong><\/td>\n<\/tr>\n<tr style=\"height: 24px;\">\n<td style=\"width: 50%; height: 24px;\"><strong>Greutatea ma\u0219inii<\/strong><\/td>\n<td style=\"width: 50%; height: 24px;\"><strong>6 495 kg<\/strong><\/td>\n<\/tr>\n<tr>\n<td style=\"width: 50%;\"><strong>Mod de alimentare<\/strong><\/td>\n<td style=\"width: 50%;\"><strong>Diesel<\/strong><\/td>\n<\/tr>\n<\/tbody>\n<\/table>\n<p><\/p>","protected":false},"excerpt":{"rendered":"<p>&nbsp;<\/p>\n<p><span style=\"font-size: 14pt;\"><strong>Descriere produs:<\/strong><\/span><\/p>\n<p>Motorul cu tura\u021bie variabil\u0103 \u00eembun\u0103t\u0103\u021be\u0219te consumul de combustibil \u0219i reduce costurile de operare.<br \/>\nAxa standard cu suspensie independent\u0103 a ro\u021bii asigur\u0103 o plutire excelent\u0103 pe teren neuniform.<br \/>\nRidicarea complet\u0103 este cu 50% * mai rapid\u0103 (* poate varia \u00een timpul func\u021bion\u0103rii) pentru o productivitate crescut\u0103.<br \/>\nAtingerea orizontal\u0103 este m\u0103rit\u0103 cu jum\u0103tate de metru pentru a extinde zona de lucru.<br \/>\nCapacitatea de \u00eenc\u0103rcare crescut\u0103 de la 230 kg la 250 kg v\u0103 permite s\u0103 transporta\u021bi mai multe scule sau materiale cu dvs. pentru a cre\u0219te durata lucrului.<\/p>\n","protected":false},"featured_media":658,"comment_status":"closed","ping_status":"closed","template":"","meta":[],"product_cat":[15],"product_tag":[],"class_list":["post-657","product","type-product","status-publish","has-post-thumbnail","hentry","product_cat-kolenchatye-podemniki"],"_links":{"self":[{"href":"https:\/\/accesreal.md\/ro\/wp-json\/wp\/v2\/product\/657","targetHints":{"allow":["GET"]}}],"collection":[{"href":"https:\/\/accesreal.md\/ro\/wp-json\/wp\/v2\/product"}],"about":[{"href":"https:\/\/accesreal.md\/ro\/wp-json\/wp\/v2\/types\/product"}],"replies":[{"embeddable":true,"href":"https:\/\/accesreal.md\/ro\/wp-json\/wp\/v2\/comments?post=657"}],"wp:featuredmedia":[{"embeddable":true,"href":"https:\/\/accesreal.md\/ro\/wp-json\/wp\/v2\/media\/658"}],"wp:attachment":[{"href":"https:\/\/accesreal.md\/ro\/wp-json\/wp\/v2\/media?parent=657"}],"wp:term":[{"taxonomy":"product_cat","embeddable":true,"href":"https:\/\/accesreal.md\/ro\/wp-json\/wp\/v2\/product_cat?post=657"},{"taxonomy":"product_tag","embeddable":true,"href":"https:\/\/accesreal.md\/ro\/wp-json\/wp\/v2\/product_tag?post=657"}],"curies":[{"name":"wp","href":"https:\/\/api.w.org\/{rel}","templated":true}]}}