{"id":653,"date":"2021-10-05T09:35:24","date_gmt":"2021-10-05T06:35:24","guid":{"rendered":"https:\/\/accesreal.md\/?post_type=product&#038;p=653"},"modified":"2021-10-07T17:11:43","modified_gmt":"2021-10-07T14:11:43","slug":"kolenchatyj-podemnik-genie-z-45","status":"publish","type":"product","link":"https:\/\/accesreal.md\/ro\/product\/kolenchatyj-podemnik-genie-z-45\/","title":{"rendered":"Nacel\u0103 tip articulat Genie Z 45"},"content":{"rendered":"<p><\/p>\n<table style=\"border-collapse: collapse; width: 100%;\">\n<tbody>\n<tr>\n<td style=\"width: 50%;\"><strong>\u00cen\u0103l\u021bimea maxim\u0103 de lucru<\/strong><\/td>\n<td style=\"width: 50%;\"><strong>15, 94 m<\/strong><\/td>\n<\/tr>\n<tr>\n<td style=\"width: 50%;\"><strong>Acoperire orizontal\u0103 max.<\/strong><\/td>\n<td style=\"width: 50%;\"><strong>6, 75 m<\/strong><\/td>\n<\/tr>\n<tr>\n<td style=\"width: 50%;\"><strong>Distan\u021ba maxim\u0103 p\u00e2n\u0103 la obstacolul de mai jos \u00een timpul transportului<\/strong><\/td>\n<td style=\"width: 50%;\"><strong>7, 24 m<\/strong><\/td>\n<\/tr>\n<tr>\n<td style=\"width: 50%;\"><strong>Capacitate de ridicare a platformei<\/strong><\/td>\n<td style=\"width: 50%;\"><strong>\u00a0227 kg<\/strong><\/td>\n<\/tr>\n<tr>\n<td style=\"width: 50%;\"><strong>Vitez\u0103<\/strong><\/td>\n<td style=\"width: 50%;\"><strong>4, 8 km\/ h<\/strong><\/td>\n<\/tr>\n<tr>\n<td style=\"width: 50%;\"><strong>Lungimea platformei de o\u021bel<\/strong><\/td>\n<td style=\"width: 50%;\"><strong>1, 83 m<\/strong><\/td>\n<\/tr>\n<tr>\n<td style=\"width: 50%;\"><strong>Mod de alimentare<\/strong><\/td>\n<td style=\"width: 50%;\"><strong>Electric<\/strong><\/td>\n<\/tr>\n<\/tbody>\n<\/table>\n<p><\/p>","protected":false},"excerpt":{"rendered":"<p>&nbsp;<\/p>\n<p><span style=\"font-size: 14pt;\"><strong>Descriere produs:<\/strong><\/span><\/p>\n<p>Elevatorul cu bra\u021b articulat electric Genie Z-45\u00a0 func\u021bioneaz\u0103 f\u0103r\u0103 zgomot, f\u0103r\u0103 emisii. Cu acest lift electric Genie, operatorii pot ajunge la obiectele de sus, apropiindu-se destul de mult de cl\u0103diri \u0219i evit\u00e2nd obstacolele, precum \u0219i trecerile sau spa\u021bii limitate.<\/p>\n","protected":false},"featured_media":654,"comment_status":"closed","ping_status":"closed","template":"","meta":[],"product_cat":[15],"product_tag":[],"class_list":["post-653","product","type-product","status-publish","has-post-thumbnail","hentry","product_cat-kolenchatye-podemniki"],"_links":{"self":[{"href":"https:\/\/accesreal.md\/ro\/wp-json\/wp\/v2\/product\/653","targetHints":{"allow":["GET"]}}],"collection":[{"href":"https:\/\/accesreal.md\/ro\/wp-json\/wp\/v2\/product"}],"about":[{"href":"https:\/\/accesreal.md\/ro\/wp-json\/wp\/v2\/types\/product"}],"replies":[{"embeddable":true,"href":"https:\/\/accesreal.md\/ro\/wp-json\/wp\/v2\/comments?post=653"}],"wp:featuredmedia":[{"embeddable":true,"href":"https:\/\/accesreal.md\/ro\/wp-json\/wp\/v2\/media\/654"}],"wp:attachment":[{"href":"https:\/\/accesreal.md\/ro\/wp-json\/wp\/v2\/media?parent=653"}],"wp:term":[{"taxonomy":"product_cat","embeddable":true,"href":"https:\/\/accesreal.md\/ro\/wp-json\/wp\/v2\/product_cat?post=653"},{"taxonomy":"product_tag","embeddable":true,"href":"https:\/\/accesreal.md\/ro\/wp-json\/wp\/v2\/product_tag?post=653"}],"curies":[{"name":"wp","href":"https:\/\/api.w.org\/{rel}","templated":true}]}}