{"id":646,"date":"2021-10-04T18:06:50","date_gmt":"2021-10-04T15:06:50","guid":{"rendered":"https:\/\/accesreal.md\/?post_type=product&#038;p=646"},"modified":"2021-10-08T11:10:45","modified_gmt":"2021-10-08T08:10:45","slug":"kolenchatyj-podemnik-jlg-toucan-26e","status":"publish","type":"product","link":"https:\/\/accesreal.md\/ro\/product\/kolenchatyj-podemnik-jlg-toucan-26e\/","title":{"rendered":"Nacel\u0103 tip articulat JLG Toucan 26E"},"content":{"rendered":"<p><\/p>\n<table style=\"border-collapse: collapse; width: 100%; height: 240px;\">\n<tbody>\n<tr>\n<td style=\"width: 50%;\"><strong>\u00cen\u0103l\u021bime de lucru<\/strong><\/td>\n<td style=\"width: 50%;\"><strong>9, 7 m<\/strong><\/td>\n<\/tr>\n<tr style=\"height: 24px;\">\n<td style=\"width: 50%; height: 24px;\"><strong>\u00cen\u0103l\u021bime<\/strong><\/td>\n<td style=\"width: 50%; height: 24px;\"><strong>1,99 m<\/strong><\/td>\n<\/tr>\n<tr style=\"height: 24px;\">\n<td style=\"width: 50%; height: 24px;\"><strong>Lungime<\/strong><\/td>\n<td style=\"width: 50%; height: 24px;\"><strong>2,82 m<\/strong><\/td>\n<\/tr>\n<tr style=\"height: 24px;\">\n<td style=\"width: 50%; height: 24px;\"><strong>L\u0103\u021bime<\/strong><\/td>\n<td style=\"width: 50%; height: 24px;\"><strong>1,14 m<\/strong><\/td>\n<\/tr>\n<tr style=\"height: 24px;\">\n<td style=\"width: 50%; height: 24px;\"><strong>Acumulator<\/strong><\/td>\n<td style=\"width: 50%; height: 24px;\"><strong>260 A\/ h<\/strong><\/td>\n<\/tr>\n<tr style=\"height: 24px;\">\n<td style=\"width: 50%; height: 24px;\"><strong>Sistem electric<\/strong><\/td>\n<td style=\"width: 50%; height: 24px;\"><strong>24 V<\/strong><\/td>\n<\/tr>\n<tr style=\"height: 24px;\">\n<td style=\"width: 50%; height: 24px;\"><strong>Capacitate de ridicare a platformei<\/strong><\/td>\n<td style=\"width: 50%; height: 24px;\"><strong>226,80 kg<\/strong><\/td>\n<\/tr>\n<tr style=\"height: 24px;\">\n<td style=\"width: 50%; height: 24px;\"><strong>Raza de rotire &#8211; extern\u0103<\/strong><\/td>\n<td style=\"width: 50%; height: 24px;\"><strong>1,98 m<\/strong><\/td>\n<\/tr>\n<tr style=\"height: 24px;\">\n<td style=\"width: 50%; height: 24px;\"><strong>Raza de \u00eentoarcere<\/strong><\/td>\n<td style=\"width: 50%; height: 24px;\"><strong>0,56 m<\/strong><\/td>\n<\/tr>\n<tr style=\"height: 24px;\">\n<td style=\"width: 50%; height: 24px;\"><strong>Capacitate &#8211; Rezervor hidraulic<\/strong><\/td>\n<td style=\"width: 50%; height: 24px;\"><strong>7 l<\/strong><\/td>\n<\/tr>\n<tr style=\"height: 24px;\">\n<td style=\"width: 50%; height: 24px;\"><strong>Greutate<\/strong><\/td>\n<td style=\"width: 50%; height: 24px;\"><strong>3129,79 kg<\/strong><\/td>\n<\/tr>\n<\/tbody>\n<\/table>\n<p><\/p>","protected":false},"excerpt":{"rendered":"<p>&nbsp;<\/p>\n<p><strong><span style=\"font-size: 14pt;\">Descriere produs:<\/span><\/strong><\/p>\n<p>Catargul telescopic vertical cu un bra\u021b v\u0103 permite s\u0103 ajunge\u021bi \u0219i s\u0103 dep\u0103\u0219i\u021bi obstacolele \u00een spa\u021bii mai \u00eenguste dec\u00e2t un bra\u021b articulat;<br \/>\nAnvelope f\u0103r\u0103 marcaj \u0219i energie electric\u0103 eficient\u0103 pentru locuri de munc\u0103 \u00een interior;<br \/>\n25% gradabilitate pentru munca exterioar\u0103.<\/p>\n","protected":false},"featured_media":648,"comment_status":"closed","ping_status":"closed","template":"","meta":[],"product_cat":[15],"product_tag":[],"class_list":["post-646","product","type-product","status-publish","has-post-thumbnail","hentry","product_cat-kolenchatye-podemniki"],"_links":{"self":[{"href":"https:\/\/accesreal.md\/ro\/wp-json\/wp\/v2\/product\/646","targetHints":{"allow":["GET"]}}],"collection":[{"href":"https:\/\/accesreal.md\/ro\/wp-json\/wp\/v2\/product"}],"about":[{"href":"https:\/\/accesreal.md\/ro\/wp-json\/wp\/v2\/types\/product"}],"replies":[{"embeddable":true,"href":"https:\/\/accesreal.md\/ro\/wp-json\/wp\/v2\/comments?post=646"}],"wp:featuredmedia":[{"embeddable":true,"href":"https:\/\/accesreal.md\/ro\/wp-json\/wp\/v2\/media\/648"}],"wp:attachment":[{"href":"https:\/\/accesreal.md\/ro\/wp-json\/wp\/v2\/media?parent=646"}],"wp:term":[{"taxonomy":"product_cat","embeddable":true,"href":"https:\/\/accesreal.md\/ro\/wp-json\/wp\/v2\/product_cat?post=646"},{"taxonomy":"product_tag","embeddable":true,"href":"https:\/\/accesreal.md\/ro\/wp-json\/wp\/v2\/product_tag?post=646"}],"curies":[{"name":"wp","href":"https:\/\/api.w.org\/{rel}","templated":true}]}}