{"id":613,"date":"2021-10-04T16:10:14","date_gmt":"2021-10-04T13:10:14","guid":{"rendered":"https:\/\/accesreal.md\/?post_type=product&#038;p=613"},"modified":"2021-10-05T17:31:58","modified_gmt":"2021-10-05T14:31:58","slug":"nozhnichnyj-podyomnik-haulotte-compact-10-dx","status":"publish","type":"product","link":"https:\/\/accesreal.md\/ro\/product\/nozhnichnyj-podyomnik-haulotte-compact-10-dx\/","title":{"rendered":"Platform\u0103 tip foarfec\u0103 Haulotte Compact 10 DX"},"content":{"rendered":"<p><\/p>\n<table style=\"border-collapse: collapse; width: 100%; height: 240px;\">\n<tbody>\n<tr style=\"height: 24px;\">\n<td style=\"width: 50%; height: 24px;\"><strong>\u00cen\u0103l\u021bimea max. de lucru<\/strong><\/td>\n<td style=\"width: 50%; height: 24px;\"><strong>10, 28 m<\/strong><\/td>\n<\/tr>\n<tr style=\"height: 24px;\">\n<td style=\"width: 50%; height: 24px;\"><strong>Capacitatea max. de ridicare<\/strong><\/td>\n<td style=\"width: 50%; height: 24px;\"><strong>565 kg<\/strong><\/td>\n<\/tr>\n<tr style=\"height: 24px;\">\n<td style=\"width: 50%; height: 24px;\"><strong>Tip motor<\/strong><\/td>\n<td style=\"width: 50%; height: 24px;\"><strong>KUBOTA, 18.5 kWt &#8211; 24.8 CP<\/strong><\/td>\n<\/tr>\n<tr style=\"height: 24px;\">\n<td style=\"width: 50%; height: 24px;\"><strong>Dimensiunile max. ale platformei (cu sec\u021biun extensibile)<\/strong><\/td>\n<td style=\"width: 50%; height: 24px;\"><strong>3, 7 x 1, 45 m<\/strong><\/td>\n<\/tr>\n<tr style=\"height: 24px;\">\n<td style=\"width: 50%; height: 24px;\"><strong>Timp ridicare\/ cobor\u00e2re platform\u0103<\/strong><\/td>\n<td style=\"width: 50%; height: 24px;\"><strong>35 \/ 46 sec<\/strong><\/td>\n<\/tr>\n<tr style=\"height: 24px;\">\n<td style=\"width: 50%; height: 24px;\"><strong>Greutate ridicare<\/strong><\/td>\n<td style=\"width: 50%; height: 24px;\"><strong>3 520 kg<\/strong><\/td>\n<\/tr>\n<tr style=\"height: 24px;\">\n<td style=\"width: 50%; height: 24px;\"><strong>L\u0103\u021bimea liftului<\/strong><\/td>\n<td style=\"width: 50%; height: 24px;\"><strong>1., 78 m<\/strong><\/td>\n<\/tr>\n<tr style=\"height: 24px;\">\n<td style=\"width: 50%; height: 24px;\"><strong>\u00cen\u0103l\u021bimea max. a platformei<\/strong><\/td>\n<td style=\"width: 50%; height: 24px;\"><strong>8, 28 m<\/strong><\/td>\n<\/tr>\n<tr style=\"height: 24px;\">\n<td style=\"width: 50%; height: 24px;\"><strong>Volumul rezervorului hidraulic<\/strong><\/td>\n<td style=\"width: 50%; height: 24px;\"><strong>75 l<\/strong><\/td>\n<\/tr>\n<tr style=\"height: 24px;\">\n<td style=\"width: 50%; height: 24px;\"><strong>Volumul rezervorului de combustibil<\/strong><\/td>\n<td style=\"width: 50%; height: 24px;\"><strong>30 l<\/strong><\/td>\n<\/tr>\n<\/tbody>\n<\/table>\n<p><\/p>","protected":false},"excerpt":{"rendered":"<p>&nbsp;<\/p>\n<p><span style=\"font-size: 14pt;\"><strong>Descriere produs<\/strong><\/span><strong>:<\/strong><\/p>\n<p>Cel mai mic lift diesel de la gigantul inginer francez, Haulott Compact 10DX este o combina\u021bie foarte reu\u0219it\u0103 de putere, performan\u021b\u0103 \u0219i capacitate de teren. Cu o dimensiune destul de mic\u0103, modelul demonstreaz\u0103 o \u00een\u0103l\u021bime excelent\u0103 de ridicare (peste 10 metri). \u00cen acela\u0219i timp, capacitatea de \u00eenc\u0103rcare este mai mare de 500 kg, ceea ce permite ca trei persoane s\u0103 se afle \u00een lift cu toate facilit\u0103\u021bile.<\/p>\n","protected":false},"featured_media":614,"comment_status":"closed","ping_status":"closed","template":"","meta":[],"product_cat":[186],"product_tag":[],"class_list":["post-613","product","type-product","status-publish","has-post-thumbnail","hentry","product_cat-ascensoare-foarfece"],"_links":{"self":[{"href":"https:\/\/accesreal.md\/ro\/wp-json\/wp\/v2\/product\/613","targetHints":{"allow":["GET"]}}],"collection":[{"href":"https:\/\/accesreal.md\/ro\/wp-json\/wp\/v2\/product"}],"about":[{"href":"https:\/\/accesreal.md\/ro\/wp-json\/wp\/v2\/types\/product"}],"replies":[{"embeddable":true,"href":"https:\/\/accesreal.md\/ro\/wp-json\/wp\/v2\/comments?post=613"}],"wp:featuredmedia":[{"embeddable":true,"href":"https:\/\/accesreal.md\/ro\/wp-json\/wp\/v2\/media\/614"}],"wp:attachment":[{"href":"https:\/\/accesreal.md\/ro\/wp-json\/wp\/v2\/media?parent=613"}],"wp:term":[{"taxonomy":"product_cat","embeddable":true,"href":"https:\/\/accesreal.md\/ro\/wp-json\/wp\/v2\/product_cat?post=613"},{"taxonomy":"product_tag","embeddable":true,"href":"https:\/\/accesreal.md\/ro\/wp-json\/wp\/v2\/product_tag?post=613"}],"curies":[{"name":"wp","href":"https:\/\/api.w.org\/{rel}","templated":true}]}}