{"id":605,"date":"2021-10-04T15:31:50","date_gmt":"2021-10-04T12:31:50","guid":{"rendered":"https:\/\/accesreal.md\/?post_type=product&#038;p=605"},"modified":"2021-10-05T17:28:59","modified_gmt":"2021-10-05T14:28:59","slug":"nozhnichnyj-podyomnik-genie-qs-15w","status":"publish","type":"product","link":"https:\/\/accesreal.md\/ro\/product\/nozhnichnyj-podyomnik-genie-qs-15w\/","title":{"rendered":"Platform\u0103 tip foarfec\u0103 Genie QS 15w"},"content":{"rendered":"<p><\/p>\n<table style=\"border-collapse: collapse; width: 100%; height: 112px;\">\n<tbody>\n<tr style=\"height: 24px;\">\n<td style=\"width: 50%; height: 24px;\"><strong>\u00cen\u0103l\u021bime de lucru<\/strong><\/td>\n<td style=\"width: 50%; height: 24px;\"><strong>6, 52 m<\/strong><\/td>\n<\/tr>\n<tr style=\"height: 24px;\">\n<td style=\"width: 50%; height: 24px;\"><strong>Capacitate de \u00eenc\u0103rcare<\/strong><\/td>\n<td style=\"width: 50%; height: 24px;\"><strong> 227 kg<\/strong><\/td>\n<\/tr>\n<tr style=\"height: 24px;\">\n<td style=\"width: 50%; height: 24px;\"><strong>\u00cen\u0103l\u021bime, depozitat\u00a0<\/strong><\/td>\n<td style=\"width: 50%; height: 24px;\"><strong>1, 57 m<\/strong><\/td>\n<\/tr>\n<tr style=\"height: 16px;\">\n<td style=\"width: 50%; height: 16px;\"><strong>L\u0103\u021bimea ma\u0219inii\u00a0<\/strong><\/td>\n<td style=\"width: 50%; height: 16px;\"><strong>75 cm<\/strong><\/td>\n<\/tr>\n<tr style=\"height: 24px;\">\n<td style=\"width: 50%; height: 24px;\"><strong>Greutate\u00a0<\/strong><\/td>\n<td style=\"width: 50%; height: 24px;\"><strong>1 002 kg<\/strong><\/td>\n<\/tr>\n<\/tbody>\n<\/table>\n<p><\/p>","protected":false},"excerpt":{"rendered":"<p>&nbsp;<\/p>\n<p><strong><span style=\"font-size: 14pt;\">Descriere produs:<\/span><\/strong><\/p>\n<p>Suprafa\u021b\u0103 mic\u0103 de lucru pentru manevr\u0103 \u00een viraje;<br \/>\nControlabilitate atunci c\u00e2nd este complet ridicat;<br \/>\nVersiune stoc pentru medii controlate.<\/p>\n<p>&nbsp;<\/p>\n","protected":false},"featured_media":606,"comment_status":"closed","ping_status":"closed","template":"","meta":[],"product_cat":[186],"product_tag":[],"class_list":["post-605","product","type-product","status-publish","has-post-thumbnail","hentry","product_cat-ascensoare-foarfece"],"_links":{"self":[{"href":"https:\/\/accesreal.md\/ro\/wp-json\/wp\/v2\/product\/605","targetHints":{"allow":["GET"]}}],"collection":[{"href":"https:\/\/accesreal.md\/ro\/wp-json\/wp\/v2\/product"}],"about":[{"href":"https:\/\/accesreal.md\/ro\/wp-json\/wp\/v2\/types\/product"}],"replies":[{"embeddable":true,"href":"https:\/\/accesreal.md\/ro\/wp-json\/wp\/v2\/comments?post=605"}],"wp:featuredmedia":[{"embeddable":true,"href":"https:\/\/accesreal.md\/ro\/wp-json\/wp\/v2\/media\/606"}],"wp:attachment":[{"href":"https:\/\/accesreal.md\/ro\/wp-json\/wp\/v2\/media?parent=605"}],"wp:term":[{"taxonomy":"product_cat","embeddable":true,"href":"https:\/\/accesreal.md\/ro\/wp-json\/wp\/v2\/product_cat?post=605"},{"taxonomy":"product_tag","embeddable":true,"href":"https:\/\/accesreal.md\/ro\/wp-json\/wp\/v2\/product_tag?post=605"}],"curies":[{"name":"wp","href":"https:\/\/api.w.org\/{rel}","templated":true}]}}