{"id":598,"date":"2021-10-04T15:14:36","date_gmt":"2021-10-04T12:14:36","guid":{"rendered":"https:\/\/accesreal.md\/?post_type=product&#038;p=598"},"modified":"2021-10-08T11:29:31","modified_gmt":"2021-10-08T08:29:31","slug":"nozhnichnyj-podyomnik-skyjack-sj-20","status":"publish","type":"product","link":"https:\/\/accesreal.md\/ro\/product\/nozhnichnyj-podyomnik-skyjack-sj-20\/","title":{"rendered":"Platform\u0103 tip foarfec\u0103 Skyjack sj 20"},"content":{"rendered":"<p><\/p>\n<table style=\"border-collapse: collapse; width: 100%; height: 240px;\">\n<tbody>\n<tr style=\"height: 24px;\">\n<td style=\"width: 50%; height: 24px;\"><strong>\u00cen\u0103l\u021bimea de lucru<\/strong><\/td>\n<td style=\"width: 50%; height: 24px;\"><strong>7, 77 m<\/strong><\/td>\n<\/tr>\n<tr style=\"height: 24px;\">\n<td style=\"width: 50%; height: 24px;\"><strong>Greutate<\/strong><\/td>\n<td style=\"width: 50%; height: 24px;\"><strong>1 100 kg<\/strong><\/td>\n<\/tr>\n<tr style=\"height: 24px;\">\n<td style=\"width: 50%; height: 24px;\"><strong>\u00cen\u0103l\u021bimea platformei ridicate<\/strong><\/td>\n<td style=\"width: 50%; height: 24px;\"><strong>5, 94 m<\/strong><\/td>\n<\/tr>\n<tr style=\"height: 24px;\">\n<td style=\"width: 50%; height: 24px;\"><strong>\u00cen\u0103l\u021bimea platformei cobor\u00e2te<\/strong><\/td>\n<td style=\"width: 50%; height: 24px;\"><strong>0, 76 m\u00a0<\/strong><\/td>\n<\/tr>\n<tr style=\"height: 24px;\">\n<td style=\"width: 50%; height: 24px;\"><strong>L\u0103\u021bimea total\u0103<\/strong><\/td>\n<td style=\"width: 50%; height: 24px;\"><strong>0, 80 m<\/strong><\/td>\n<\/tr>\n<tr style=\"height: 24px;\">\n<td style=\"width: 50%; height: 24px;\"><strong>Lungime total\u0103<\/strong><\/td>\n<td style=\"width: 50%; height: 24px;\"><strong>1, 37 m<\/strong><\/td>\n<\/tr>\n<tr style=\"height: 24px;\">\n<td style=\"width: 50%; height: 24px;\"><strong>\u00cen\u0103l\u021bimea \u00een stare pliat\u0103<\/strong><\/td>\n<td style=\"width: 50%; height: 24px;\"><strong>2, 0 \u043cm<\/strong><\/td>\n<\/tr>\n<tr style=\"height: 24px;\">\n<td style=\"width: 50%; height: 24px;\"><strong>Capacitate<\/strong><\/td>\n<td style=\"width: 50%; height: 24px;\"><strong>159 kg<\/strong><\/td>\n<\/tr>\n<tr style=\"height: 24px;\">\n<td style=\"width: 50%; height: 24px;\"><strong>Raza de rotire (exterioar\u0103)<\/strong><\/td>\n<td style=\"width: 50%; height: 24px;\"><strong>1, 40 m<\/strong><\/td>\n<\/tr>\n<\/tbody>\n<\/table>\n<p><\/p>","protected":false},"excerpt":{"rendered":"<p><strong><span style=\"font-size: 14pt;\">Descriere produs:<\/span><\/strong><\/p>\n<p>SJ20 ofer\u0103 o \u00een\u0103l\u021bime de lucru de 7,95 metri \u0219i o capacitate a platformei de 159 kg \u0219i include, de asemenea, o transmisie electric\u0103 direct\u0103 de la un motor pe ro\u021bi \u0219i o instala\u021bie op\u021bional\u0103 \u00een aer liber pentru o persoan\u0103 la o \u00een\u0103l\u021bime de pu\u021bin sub patru metri.<\/p>\n","protected":false},"featured_media":599,"comment_status":"closed","ping_status":"closed","template":"","meta":[],"product_cat":[186],"product_tag":[],"class_list":["post-598","product","type-product","status-publish","has-post-thumbnail","hentry","product_cat-ascensoare-foarfece"],"_links":{"self":[{"href":"https:\/\/accesreal.md\/ro\/wp-json\/wp\/v2\/product\/598","targetHints":{"allow":["GET"]}}],"collection":[{"href":"https:\/\/accesreal.md\/ro\/wp-json\/wp\/v2\/product"}],"about":[{"href":"https:\/\/accesreal.md\/ro\/wp-json\/wp\/v2\/types\/product"}],"replies":[{"embeddable":true,"href":"https:\/\/accesreal.md\/ro\/wp-json\/wp\/v2\/comments?post=598"}],"wp:featuredmedia":[{"embeddable":true,"href":"https:\/\/accesreal.md\/ro\/wp-json\/wp\/v2\/media\/599"}],"wp:attachment":[{"href":"https:\/\/accesreal.md\/ro\/wp-json\/wp\/v2\/media?parent=598"}],"wp:term":[{"taxonomy":"product_cat","embeddable":true,"href":"https:\/\/accesreal.md\/ro\/wp-json\/wp\/v2\/product_cat?post=598"},{"taxonomy":"product_tag","embeddable":true,"href":"https:\/\/accesreal.md\/ro\/wp-json\/wp\/v2\/product_tag?post=598"}],"curies":[{"name":"wp","href":"https:\/\/api.w.org\/{rel}","templated":true}]}}