{"id":594,"date":"2021-10-04T14:52:56","date_gmt":"2021-10-04T11:52:56","guid":{"rendered":"https:\/\/accesreal.md\/?post_type=product&#038;p=594"},"modified":"2021-10-15T13:17:28","modified_gmt":"2021-10-15T10:17:28","slug":"nozhnichnyj-podyomnik-skyjack-sj-9250-rt","status":"publish","type":"product","link":"https:\/\/accesreal.md\/ro\/product\/nozhnichnyj-podyomnik-skyjack-sj-9250-rt\/","title":{"rendered":"Platform\u0103 tip foarfec\u0103 Skyjack sj 9250 RT"},"content":{"rendered":"<p><\/p>\n<table style=\"border-collapse: collapse; width: 100%; height: 168px;\">\n<tbody>\n<tr style=\"height: 24px;\">\n<td style=\"width: 50%; height: 24px;\"><strong>\u00cen\u0103l\u021bime de lucru<\/strong><\/td>\n<td style=\"width: 50%; height: 24px;\"><strong>17, 24 m<\/strong><\/td>\n<\/tr>\n<tr style=\"height: 24px;\">\n<td style=\"width: 50%; height: 24px;\"><strong>L\u0103\u021bime total\u0103<\/strong><\/td>\n<td style=\"width: 50%; height: 24px;\"><strong>2, 20 m<\/strong><\/td>\n<\/tr>\n<tr style=\"height: 24px;\">\n<td style=\"width: 50%; height: 24px;\"><strong>Lungime total\u0103<\/strong><\/td>\n<td style=\"width: 50%; height: 24px;\"><strong>4, 47 m<\/strong><\/td>\n<\/tr>\n<tr style=\"height: 24px;\">\n<td style=\"width: 50%; height: 24px;\"><strong>Gradabilitate<\/strong><\/td>\n<td style=\"width: 50%; height: 24px;\"><strong>30%<\/strong><\/td>\n<\/tr>\n<tr style=\"height: 24px;\">\n<td style=\"width: 50%; height: 24px;\"><strong>Raza de virare (interioar\u0103)<\/strong><\/td>\n<td style=\"width: 50%; height: 24px;\"><strong>5, 33 m<\/strong><\/td>\n<\/tr>\n<tr style=\"height: 24px;\">\n<td style=\"width: 50%; height: 24px;\"><strong>Raza de virare (exterioar\u0103)<\/strong><\/td>\n<td style=\"width: 50%; height: 24px;\"><strong>7, 65 m<\/strong><\/td>\n<\/tr>\n<tr style=\"height: 24px;\">\n<td style=\"width: 50%; height: 24px;\"><strong>Capacitatea de \u00eenc\u0103rcare<\/strong><\/td>\n<td style=\"width: 50%; height: 24px;\"><strong>681 kg<\/strong><\/td>\n<\/tr>\n<tr>\n<td style=\"width: 50%;\"><strong>Masa total\u0103<\/strong><\/td>\n<td style=\"width: 50%;\"><strong>6 900 kg<\/strong><\/td>\n<\/tr>\n<\/tbody>\n<\/table>\n<p>&nbsp;<\/p>","protected":false},"excerpt":{"rendered":"<p>&nbsp;<\/p>\n<p><strong><span style=\"font-size: 14pt;\">Descriere produs:<\/span><\/strong><\/p>\n<p align=\"left\">SJ 9250 RT este echipat cu dou\u0103 sec\u021biuni ale platformei de lucru extensibile, fiecare cu lungimea de 1,53 m. \u00cen mod standard, ofer\u0103 o \u00een\u0103l\u021bime de lucru de 17,24 m \u0219i poate urca o pant\u0103 de 30%. Func\u021biile de deplasare a liftului func\u021bioneaz\u0103 cu platforma ridicat\u0103 la \u00een\u0103l\u021bime maxim\u0103, cu sec\u021biunile de extensie complet extinse. Modelul este echipat cu stabilizatoare automate independente, pentru a nivela platforma complet ridicat\u0103. Motor diesel Kubota eficient capabil s\u0103 func\u021bioneze cu combustibil dublu (diesel + gaz natural) antreneaz\u0103 un sistem robust de trac\u021biune integral\u0103 cu diferen\u021biale de alunecare limitat\u0103.<\/p>\n","protected":false},"featured_media":595,"comment_status":"closed","ping_status":"closed","template":"","meta":[],"product_cat":[186],"product_tag":[],"class_list":["post-594","product","type-product","status-publish","has-post-thumbnail","hentry","product_cat-ascensoare-foarfece"],"_links":{"self":[{"href":"https:\/\/accesreal.md\/ro\/wp-json\/wp\/v2\/product\/594","targetHints":{"allow":["GET"]}}],"collection":[{"href":"https:\/\/accesreal.md\/ro\/wp-json\/wp\/v2\/product"}],"about":[{"href":"https:\/\/accesreal.md\/ro\/wp-json\/wp\/v2\/types\/product"}],"replies":[{"embeddable":true,"href":"https:\/\/accesreal.md\/ro\/wp-json\/wp\/v2\/comments?post=594"}],"wp:featuredmedia":[{"embeddable":true,"href":"https:\/\/accesreal.md\/ro\/wp-json\/wp\/v2\/media\/595"}],"wp:attachment":[{"href":"https:\/\/accesreal.md\/ro\/wp-json\/wp\/v2\/media?parent=594"}],"wp:term":[{"taxonomy":"product_cat","embeddable":true,"href":"https:\/\/accesreal.md\/ro\/wp-json\/wp\/v2\/product_cat?post=594"},{"taxonomy":"product_tag","embeddable":true,"href":"https:\/\/accesreal.md\/ro\/wp-json\/wp\/v2\/product_tag?post=594"}],"curies":[{"name":"wp","href":"https:\/\/api.w.org\/{rel}","templated":true}]}}