{"id":588,"date":"2021-10-04T11:45:08","date_gmt":"2021-10-04T08:45:08","guid":{"rendered":"https:\/\/accesreal.md\/?post_type=product&#038;p=588"},"modified":"2021-10-15T13:19:09","modified_gmt":"2021-10-15T10:19:09","slug":"nozhnichnyj-podyomnik-skyjack-sj-8841-rte","status":"publish","type":"product","link":"https:\/\/accesreal.md\/ro\/product\/nozhnichnyj-podyomnik-skyjack-sj-8841-rte\/","title":{"rendered":"Platform\u0103 tip foarfec\u0103 Skyjack sj 8841 RTE"},"content":{"rendered":"<p><\/p>\n<table style=\"border-collapse: collapse; width: 100%; height: 168px;\">\n<tbody>\n<tr style=\"height: 24px;\">\n<td style=\"width: 50%; height: 24px;\"><strong>\u00cen\u0103l\u021bime de lucru<\/strong><\/td>\n<td style=\"width: 50%; height: 24px;\"><strong>14, 50 m<\/strong><\/td>\n<\/tr>\n<tr style=\"height: 24px;\">\n<td style=\"width: 50%; height: 24px;\"><strong>L\u0103\u021bime total\u0103<\/strong><\/td>\n<td style=\"width: 50%; height: 24px;\"><strong>2, 20 m<\/strong><\/td>\n<\/tr>\n<tr style=\"height: 24px;\">\n<td style=\"width: 50%; height: 24px;\"><strong>Lungime total\u0103<\/strong><\/td>\n<td style=\"width: 50%; height: 24px;\"><strong>3, 53 m<\/strong><\/td>\n<\/tr>\n<tr style=\"height: 24px;\">\n<td style=\"width: 50%; height: 24px;\"><strong>Gradabilitate<\/strong><\/td>\n<td style=\"width: 50%; height: 24px;\"><strong>30%<\/strong><\/td>\n<\/tr>\n<tr style=\"height: 24px;\">\n<td style=\"width: 50%; height: 24px;\"><strong>Raza de virare (interioar\u0103)<\/strong><\/td>\n<td style=\"width: 50%; height: 24px;\"><strong>4, 01 m<\/strong><\/td>\n<\/tr>\n<tr style=\"height: 24px;\">\n<td style=\"width: 50%; height: 24px;\"><strong>Raza de virare (exterioar\u0103)<\/strong><\/td>\n<td style=\"width: 50%; height: 24px;\"><strong>6, 30 m<\/strong><\/td>\n<\/tr>\n<tr style=\"height: 24px;\">\n<td style=\"width: 50%; height: 24px;\"><strong>Capacitatea de \u00eenc\u0103rcare<\/strong><\/td>\n<td style=\"width: 50%; height: 24px;\"><strong>681 kg<\/strong><\/td>\n<\/tr>\n<tr>\n<td style=\"width: 50%;\"><strong>Masa total\u0103<\/strong><\/td>\n<td style=\"width: 50%;\"><strong>5 000 kg<\/strong><\/td>\n<\/tr>\n<\/tbody>\n<\/table>\n<p>&nbsp;<\/p>","protected":false},"excerpt":{"rendered":"<p>&nbsp;<\/p>\n<p><span style=\"font-size: 14pt;\"><strong>Descriere produs:<\/strong><\/span><\/p>\n<p lang=\"ro-RO\">SJ 8841 RTE este echipat cu sec\u021biuni de tragere ale platformei de lucru, fiecare cu lungimea de 1,22 m. \u00cen mod standard, ofer\u0103 \u00een\u0103l\u021bimea necesar\u0103 de 14,50 m. Este capabil s\u0103 urce o pant\u0103 de 30%. Modelul este echipat cu un motor electric economic.<\/p>\n","protected":false},"featured_media":874,"comment_status":"closed","ping_status":"closed","template":"","meta":[],"product_cat":[186],"product_tag":[],"class_list":["post-588","product","type-product","status-publish","has-post-thumbnail","hentry","product_cat-ascensoare-foarfece"],"_links":{"self":[{"href":"https:\/\/accesreal.md\/ro\/wp-json\/wp\/v2\/product\/588","targetHints":{"allow":["GET"]}}],"collection":[{"href":"https:\/\/accesreal.md\/ro\/wp-json\/wp\/v2\/product"}],"about":[{"href":"https:\/\/accesreal.md\/ro\/wp-json\/wp\/v2\/types\/product"}],"replies":[{"embeddable":true,"href":"https:\/\/accesreal.md\/ro\/wp-json\/wp\/v2\/comments?post=588"}],"wp:featuredmedia":[{"embeddable":true,"href":"https:\/\/accesreal.md\/ro\/wp-json\/wp\/v2\/media\/874"}],"wp:attachment":[{"href":"https:\/\/accesreal.md\/ro\/wp-json\/wp\/v2\/media?parent=588"}],"wp:term":[{"taxonomy":"product_cat","embeddable":true,"href":"https:\/\/accesreal.md\/ro\/wp-json\/wp\/v2\/product_cat?post=588"},{"taxonomy":"product_tag","embeddable":true,"href":"https:\/\/accesreal.md\/ro\/wp-json\/wp\/v2\/product_tag?post=588"}],"curies":[{"name":"wp","href":"https:\/\/api.w.org\/{rel}","templated":true}]}}