{"id":584,"date":"2021-10-04T11:33:18","date_gmt":"2021-10-04T08:33:18","guid":{"rendered":"https:\/\/accesreal.md\/?post_type=product&#038;p=584"},"modified":"2021-10-15T13:19:43","modified_gmt":"2021-10-15T10:19:43","slug":"nozhnichnyj-podyomnik-skyjack-sj-8841-rt","status":"publish","type":"product","link":"https:\/\/accesreal.md\/ro\/product\/nozhnichnyj-podyomnik-skyjack-sj-8841-rt\/","title":{"rendered":"Platform\u0103 tip foarfec\u0103 Skyjack sj 8841 RT"},"content":{"rendered":"<p><\/p>\n<table style=\"border-collapse: collapse; width: 100%; height: 168px;\">\n<tbody>\n<tr style=\"height: 24px;\">\n<td style=\"width: 50%; height: 24px;\"><strong>\u00cen\u0103l\u021bime de lucru<\/strong><\/td>\n<td style=\"width: 50%; height: 24px;\"><strong>14, 50 m<\/strong><\/td>\n<\/tr>\n<tr style=\"height: 24px;\">\n<td style=\"width: 50%; height: 24px;\"><strong>L\u0103\u021bime total\u0103<\/strong><\/td>\n<td style=\"width: 50%; height: 24px;\"><strong>2, 20 m<\/strong><\/td>\n<\/tr>\n<tr style=\"height: 24px;\">\n<td style=\"width: 50%; height: 24px;\"><strong>Lungime total\u0103<\/strong><\/td>\n<td style=\"width: 50%; height: 24px;\"><strong>3, 53 m<\/strong><\/td>\n<\/tr>\n<tr style=\"height: 24px;\">\n<td style=\"width: 50%; height: 24px;\"><strong>Gradabilitate<\/strong><\/td>\n<td style=\"width: 50%; height: 24px;\"><strong>30%<\/strong><\/td>\n<\/tr>\n<tr style=\"height: 24px;\">\n<td style=\"width: 50%; height: 24px;\"><strong>Raza de virare (interioar\u0103)<\/strong><\/td>\n<td style=\"width: 50%; height: 24px;\"><strong>4, 01 m<\/strong><\/td>\n<\/tr>\n<tr style=\"height: 24px;\">\n<td style=\"width: 50%; height: 24px;\"><strong>Raza de virare (exterioar\u0103)<\/strong><\/td>\n<td style=\"width: 50%; height: 24px;\"><strong>6, 30 m<\/strong><\/td>\n<\/tr>\n<tr style=\"height: 24px;\">\n<td style=\"width: 50%; height: 24px;\"><strong>Capacitatea de \u00eenc\u0103rcare<\/strong><\/td>\n<td style=\"width: 50%; height: 24px;\"><strong>681 kg<\/strong><\/td>\n<\/tr>\n<tr>\n<td style=\"width: 50%;\"><strong>Masa total\u0103<\/strong><\/td>\n<td style=\"width: 50%;\"><strong>6 000 kg<\/strong><\/td>\n<\/tr>\n<\/tbody>\n<\/table>\n<p>&nbsp;<\/p>","protected":false},"excerpt":{"rendered":"<p>&nbsp;<\/p>\n<p><span style=\"font-size: 14pt;\"><strong>Descriere produs:<\/strong><\/span><\/p>\n<p lang=\"ro-RO\">SJ 8841 RT este echipat cu dou\u0103 sec\u021biuni de tragere ale platformei de lucru, fiecare av\u00e2nd o lungime de 1,22 m. \u00cen mod standard, ofer\u0103 o \u00een\u0103l\u021bime de lucru de 14,50 m \u0219i poate urca o pant\u0103 de 30%. Func\u021biile de deplasare a liftului func\u021bioneaz\u0103 cu platforma ridicat\u0103 la \u00een\u0103l\u021bime maxim\u0103, cu sec\u021biunile de extensie complet extinse. Modelul este echipat cu stabilizatoare automate independente, pentru a nivela platforma complet ridicat\u0103. Motor diesel Kubota GM 1.6L eficient capabil s\u0103 func\u021bioneze pe combustibil <span lang=\"ru-RU\">d<\/span><span lang=\"ro-MD\">ublu<\/span> (motorin\u0103 + gaz natural) conduce un sistem robust de trac\u021biune integral\u0103 cu diferen\u021biale de alunecare limitat\u0103.<\/p>\n","protected":false},"featured_media":585,"comment_status":"closed","ping_status":"closed","template":"","meta":[],"product_cat":[186],"product_tag":[],"class_list":["post-584","product","type-product","status-publish","has-post-thumbnail","hentry","product_cat-ascensoare-foarfece"],"_links":{"self":[{"href":"https:\/\/accesreal.md\/ro\/wp-json\/wp\/v2\/product\/584","targetHints":{"allow":["GET"]}}],"collection":[{"href":"https:\/\/accesreal.md\/ro\/wp-json\/wp\/v2\/product"}],"about":[{"href":"https:\/\/accesreal.md\/ro\/wp-json\/wp\/v2\/types\/product"}],"replies":[{"embeddable":true,"href":"https:\/\/accesreal.md\/ro\/wp-json\/wp\/v2\/comments?post=584"}],"wp:featuredmedia":[{"embeddable":true,"href":"https:\/\/accesreal.md\/ro\/wp-json\/wp\/v2\/media\/585"}],"wp:attachment":[{"href":"https:\/\/accesreal.md\/ro\/wp-json\/wp\/v2\/media?parent=584"}],"wp:term":[{"taxonomy":"product_cat","embeddable":true,"href":"https:\/\/accesreal.md\/ro\/wp-json\/wp\/v2\/product_cat?post=584"},{"taxonomy":"product_tag","embeddable":true,"href":"https:\/\/accesreal.md\/ro\/wp-json\/wp\/v2\/product_tag?post=584"}],"curies":[{"name":"wp","href":"https:\/\/api.w.org\/{rel}","templated":true}]}}