{"id":580,"date":"2021-10-04T11:15:31","date_gmt":"2021-10-04T08:15:31","guid":{"rendered":"https:\/\/accesreal.md\/?post_type=product&#038;p=580"},"modified":"2021-10-15T13:16:13","modified_gmt":"2021-10-15T10:16:13","slug":"nozhnichnyj-podemnik-skyjack-sj-6832-rt","status":"publish","type":"product","link":"https:\/\/accesreal.md\/ro\/product\/nozhnichnyj-podemnik-skyjack-sj-6832-rt\/","title":{"rendered":"Nacel\u0103 tip foarfec\u0103 Skyjack sj 6832 RT"},"content":{"rendered":"<p><\/p>\n<table style=\"border-collapse: collapse; width: 100%; height: 240px;\">\n<tbody>\n<tr style=\"height: 24px;\">\n<td style=\"width: 50%; height: 24px;\"><strong>\u00cen\u0103l\u021bime de lucru<\/strong><\/td>\n<td style=\"width: 50%; height: 24px;\"><strong>11, 8 m<\/strong><\/td>\n<\/tr>\n<tr style=\"height: 24px;\">\n<td style=\"width: 50%; height: 24px;\"><strong>Sarcin\u0103 util\u0103<\/strong><\/td>\n<td style=\"width: 50%; height: 24px;\"><strong>455 kg<\/strong><\/td>\n<\/tr>\n<tr style=\"height: 24px;\">\n<td style=\"width: 50%; height: 24px;\"><strong>Platform\u0103<\/strong><\/td>\n<td style=\"width: 50%; height: 24px;\"><strong>2, 08 x 1, 53 m<\/strong><\/td>\n<\/tr>\n<tr style=\"height: 24px;\">\n<td style=\"width: 50%; height: 24px;\"><strong>Greutate<\/strong><\/td>\n<td style=\"width: 50%; height: 24px;\"><strong>2 545 kg<\/strong><\/td>\n<\/tr>\n<tr style=\"height: 24px;\">\n<td style=\"width: 50%; height: 24px;\"><strong>Motor<\/strong><\/td>\n<td style=\"width: 50%; height: 24px;\"><strong>Diesel<\/strong><\/td>\n<\/tr>\n<tr style=\"height: 24px;\">\n<td style=\"width: 50%; height: 24px;\"><strong>Lungime<\/strong><\/td>\n<td style=\"width: 50%; height: 24px;\"><strong>2, 49 m<\/strong><\/td>\n<\/tr>\n<tr style=\"height: 24px;\">\n<td style=\"width: 50%; height: 24px;\"><strong>L\u0103\u021bime<\/strong><\/td>\n<td style=\"width: 50%; height: 24px;\"><strong>1, 72 m<\/strong><\/td>\n<\/tr>\n<tr style=\"height: 24px;\">\n<td style=\"width: 50%; height: 24px;\"><strong>\u00cen\u0103l\u021bime \u00een stare pliat\u0103<\/strong><\/td>\n<td style=\"width: 50%; height: 24px;\"><strong>2, 4 m<\/strong><\/td>\n<\/tr>\n<tr style=\"height: 24px;\">\n<td style=\"width: 50%; height: 24px;\"><strong>Raza de virare exterioar\u0103<\/strong><\/td>\n<td style=\"width: 50%; height: 24px;\"><strong>4 m<\/strong><\/td>\n<\/tr>\n<tr style=\"height: 24px;\">\n<td style=\"width: 50%; height: 24px;\"><strong>Raza de virare interioar\u0103<\/strong><\/td>\n<td style=\"width: 50%; height: 24px;\"><strong>1, 5 m<\/strong><\/td>\n<\/tr>\n<\/tbody>\n<\/table>\n<p><\/p>","protected":false},"excerpt":{"rendered":"<p>&nbsp;<\/p>\n<p><span style=\"font-size: 18.6667px;\"><b>Descriere produs:<\/b><\/span><\/p>\n<p lang=\"ro-RO\">Elevatorul cu foarfece autopropulsat Skyjack SJ 6832 RT este utilizat \u00een cazul \u00een care nu este necesar\u0103 o \u00een\u0103l\u021bime semnificativ\u0103 de ridicare sau o acoperire semnificativ\u0103 a zonelor greu accesibile, dar <span lang=\"ro-MD\">e nevoie de<\/span> o platform\u0103 mare de lucru \u0219i o zon\u0103 de servic<span lang=\"ro-MD\">iu<\/span>, eficien\u021b\u0103 ridicat\u0103 \u0219i capacitate ridicat\u0103 mare.<\/p>\n","protected":false},"featured_media":581,"comment_status":"closed","ping_status":"closed","template":"","meta":[],"product_cat":[186],"product_tag":[],"class_list":["post-580","product","type-product","status-publish","has-post-thumbnail","hentry","product_cat-ascensoare-foarfece"],"_links":{"self":[{"href":"https:\/\/accesreal.md\/ro\/wp-json\/wp\/v2\/product\/580","targetHints":{"allow":["GET"]}}],"collection":[{"href":"https:\/\/accesreal.md\/ro\/wp-json\/wp\/v2\/product"}],"about":[{"href":"https:\/\/accesreal.md\/ro\/wp-json\/wp\/v2\/types\/product"}],"replies":[{"embeddable":true,"href":"https:\/\/accesreal.md\/ro\/wp-json\/wp\/v2\/comments?post=580"}],"wp:featuredmedia":[{"embeddable":true,"href":"https:\/\/accesreal.md\/ro\/wp-json\/wp\/v2\/media\/581"}],"wp:attachment":[{"href":"https:\/\/accesreal.md\/ro\/wp-json\/wp\/v2\/media?parent=580"}],"wp:term":[{"taxonomy":"product_cat","embeddable":true,"href":"https:\/\/accesreal.md\/ro\/wp-json\/wp\/v2\/product_cat?post=580"},{"taxonomy":"product_tag","embeddable":true,"href":"https:\/\/accesreal.md\/ro\/wp-json\/wp\/v2\/product_tag?post=580"}],"curies":[{"name":"wp","href":"https:\/\/api.w.org\/{rel}","templated":true}]}}