{"id":572,"date":"2021-10-04T10:46:44","date_gmt":"2021-10-04T07:46:44","guid":{"rendered":"https:\/\/accesreal.md\/?post_type=product&#038;p=572"},"modified":"2021-10-15T13:15:04","modified_gmt":"2021-10-15T10:15:04","slug":"nozhnichnyj-podyomnik-skyjack-sj-4632-s","status":"publish","type":"product","link":"https:\/\/accesreal.md\/ro\/product\/nozhnichnyj-podyomnik-skyjack-sj-4632-s\/","title":{"rendered":"Nacel\u0103 tip foarfec\u0103 Skyjack sj 4632 S"},"content":{"rendered":"<p><\/p>\n<table style=\"border-collapse: collapse; width: 100%; height: 240px;\">\n<tbody>\n<tr style=\"height: 24px;\">\n<td style=\"width: 50%; height: 24px;\"><strong>\u00cen\u0103l\u021bime de lucru<\/strong><\/td>\n<td style=\"width: 50%; height: 24px;\"><strong>11, 75 m<\/strong><\/td>\n<\/tr>\n<tr style=\"height: 24px;\">\n<td style=\"width: 50%; height: 24px;\"><strong>Lungime platform\u0103<\/strong><\/td>\n<td style=\"width: 50%; height: 24px;\"><strong>2,13 m<\/strong><\/td>\n<\/tr>\n<tr style=\"height: 24px;\">\n<td style=\"width: 50%; height: 24px;\"><strong>L\u0103\u021bime platfom\u0103<\/strong><\/td>\n<td style=\"width: 50%; height: 24px;\"><strong>1, 07 m<\/strong><\/td>\n<\/tr>\n<tr style=\"height: 24px;\">\n<td style=\"width: 50%; height: 24px;\"><strong>Lungime transport<\/strong><\/td>\n<td style=\"width: 50%; height: 24px;\"><strong>2, 31 m<\/strong><\/td>\n<\/tr>\n<tr style=\"height: 24px;\">\n<td style=\"width: 50%; height: 24px;\"><strong>L\u0103\u021bime transport<\/strong><\/td>\n<td style=\"width: 50%; height: 24px;\"><strong>1, 17 m<\/strong><\/td>\n<\/tr>\n<tr style=\"height: 24px;\">\n<td style=\"width: 50%; height: 24px;\"><strong>\u00cen\u0103l\u021bime<\/strong><\/td>\n<td style=\"width: 50%; height: 24px;\"><strong>1, 88 m<\/strong><\/td>\n<\/tr>\n<tr style=\"height: 24px;\">\n<td style=\"width: 50%; height: 24px;\"><strong>Greutate<\/strong><\/td>\n<td style=\"width: 50%; height: 24px;\"><strong>2 300 kg<\/strong><\/td>\n<\/tr>\n<tr style=\"height: 24px;\">\n<td style=\"width: 50%; height: 24px;\"><strong>Sarcin\u0103 util\u0103<\/strong><\/td>\n<td style=\"width: 50%; height: 24px;\"><strong>317 kg<\/strong><\/td>\n<\/tr>\n<tr style=\"height: 24px;\">\n<td style=\"width: 50%; height: 24px;\"><strong>Extensie platform\u0103<\/strong><\/td>\n<td style=\"width: 50%; height: 24px;\"><strong>1, 22 m<\/strong><\/td>\n<\/tr>\n<tr style=\"height: 24px;\">\n<td style=\"width: 50%; height: 24px;\"><strong>Vitez\u0103\u00a0<\/strong><\/td>\n<td style=\"width: 50%; height: 24px;\"><strong>3 km\/ h<\/strong><\/td>\n<\/tr>\n<\/tbody>\n<\/table>\n<p><\/p>","protected":false},"excerpt":{"rendered":"<p>&nbsp;<\/p>\n<p><span style=\"font-size: 14pt;\"><strong>Descriere produs:<\/strong><\/span><\/p>\n<p>SkyJack SJ 4632 este un elevator electric cu foarfec\u0103 cu un motor de 24 V DC. Cu o precizie superioar\u0103, un design compact \u0219i o durabilitate de neegalat, aceast\u0103 ridicare foarfec\u0103 este excelent\u0103 pentru lucr\u0103ri \u00een interior, unde sunt necesare viraje de precizie.<\/p>\n","protected":false},"featured_media":579,"comment_status":"closed","ping_status":"closed","template":"","meta":[],"product_cat":[186],"product_tag":[],"class_list":["post-572","product","type-product","status-publish","has-post-thumbnail","hentry","product_cat-ascensoare-foarfece"],"_links":{"self":[{"href":"https:\/\/accesreal.md\/ro\/wp-json\/wp\/v2\/product\/572","targetHints":{"allow":["GET"]}}],"collection":[{"href":"https:\/\/accesreal.md\/ro\/wp-json\/wp\/v2\/product"}],"about":[{"href":"https:\/\/accesreal.md\/ro\/wp-json\/wp\/v2\/types\/product"}],"replies":[{"embeddable":true,"href":"https:\/\/accesreal.md\/ro\/wp-json\/wp\/v2\/comments?post=572"}],"wp:featuredmedia":[{"embeddable":true,"href":"https:\/\/accesreal.md\/ro\/wp-json\/wp\/v2\/media\/579"}],"wp:attachment":[{"href":"https:\/\/accesreal.md\/ro\/wp-json\/wp\/v2\/media?parent=572"}],"wp:term":[{"taxonomy":"product_cat","embeddable":true,"href":"https:\/\/accesreal.md\/ro\/wp-json\/wp\/v2\/product_cat?post=572"},{"taxonomy":"product_tag","embeddable":true,"href":"https:\/\/accesreal.md\/ro\/wp-json\/wp\/v2\/product_tag?post=572"}],"curies":[{"name":"wp","href":"https:\/\/api.w.org\/{rel}","templated":true}]}}