{"id":568,"date":"2021-10-04T10:18:30","date_gmt":"2021-10-04T07:18:30","guid":{"rendered":"https:\/\/accesreal.md\/?post_type=product&#038;p=568"},"modified":"2021-10-05T17:24:11","modified_gmt":"2021-10-05T14:24:11","slug":"nozhnichnyj-podemnik-jlg-2632-r","status":"publish","type":"product","link":"https:\/\/accesreal.md\/ro\/product\/nozhnichnyj-podemnik-jlg-2632-r\/","title":{"rendered":"Nacel\u0103 tip foarfec\u0103 JLG 2632 R"},"content":{"rendered":"<p><\/p>\n<table style=\"border-collapse: collapse; width: 100%; height: 240px;\">\n<tbody>\n<tr style=\"height: 24px;\">\n<td style=\"width: 50%; height: 24px;\"><strong>\u00cen\u0103l\u021bimea de lucru<\/strong><\/td>\n<td style=\"width: 50%; height: 24px;\"><strong>9, 6 m<\/strong><\/td>\n<\/tr>\n<tr style=\"height: 24px;\">\n<td style=\"width: 50%; height: 24px;\"><strong>\u00cen\u0103l\u021bimea platformei ridicate<\/strong><\/td>\n<td style=\"width: 50%; height: 24px;\"><strong>7, 77 m<\/strong><\/td>\n<\/tr>\n<tr style=\"height: 24px;\">\n<td style=\"width: 50%; height: 24px;\"><strong>Capacitate de transport<\/strong><\/td>\n<td style=\"width: 50%; height: 24px;\"><strong>454 kg<\/strong><\/td>\n<\/tr>\n<tr style=\"height: 24px;\">\n<td style=\"width: 50%; height: 24px;\"><strong>Dimensiunile pltformei<\/strong><\/td>\n<td style=\"width: 50%; height: 24px;\"><strong>2, 5 x 1, 12 x 1, 1 m<\/strong><\/td>\n<\/tr>\n<tr style=\"height: 24px;\">\n<td style=\"width: 50%; height: 24px;\"><strong>Greutate<\/strong><\/td>\n<td style=\"width: 50%; height: 24px;\"><strong>2 136 kg<\/strong><\/td>\n<\/tr>\n<tr style=\"height: 24px;\">\n<td style=\"width: 50%; height: 24px;\"><strong>Lungime<\/strong><\/td>\n<td style=\"width: 50%; height: 24px;\"><strong>2, 5 m<\/strong><\/td>\n<\/tr>\n<tr style=\"height: 24px;\">\n<td style=\"width: 50%; height: 24px;\"><strong>L\u0103\u021bime<\/strong><\/td>\n<td style=\"width: 50%; height: 24px;\"><strong>0, 81m<\/strong><\/td>\n<\/tr>\n<tr style=\"height: 24px;\">\n<td style=\"width: 50%; height: 24px;\"><strong>Tipul motorului<\/strong><\/td>\n<td style=\"width: 50%; height: 24px;\"><strong>Electric<\/strong><\/td>\n<\/tr>\n<tr style=\"height: 24px;\">\n<td style=\"width: 50%; height: 24px;\"><strong>Vitez\u0103<\/strong><\/td>\n<td style=\"width: 50%; height: 24px;\"><strong>4 km\/ h<\/strong><\/td>\n<\/tr>\n<tr style=\"height: 24px;\">\n<td style=\"width: 50%; height: 24px;\"><strong>Volumul de ulei \u00een sistemul hidraulic<\/strong><\/td>\n<td style=\"width: 50%; height: 24px;\"><strong>6, 54 l<\/strong><\/td>\n<\/tr>\n<\/tbody>\n<\/table>\n<p><\/p>","protected":false},"excerpt":{"rendered":"<p><strong><span style=\"font-size: 14pt;\">Descriere produs:<\/span><\/strong><\/p>\n<p><span lang=\"ro-RO\">Conduce\u021bi un teren dificil: protec\u021bia activ\u0103 \u00eempotriva gropilor asigur\u0103 o gard\u0103 la sol sporit\u0103. Trece prin u\u0219ile standard: posibilitatea de a trece prin u\u0219ile unice v\u0103 ofer\u0103 mai mult acces pe toat\u0103 zona.<\/span><\/p>\n","protected":false},"featured_media":569,"comment_status":"closed","ping_status":"closed","template":"","meta":[],"product_cat":[186],"product_tag":[],"class_list":["post-568","product","type-product","status-publish","has-post-thumbnail","hentry","product_cat-ascensoare-foarfece"],"_links":{"self":[{"href":"https:\/\/accesreal.md\/ro\/wp-json\/wp\/v2\/product\/568","targetHints":{"allow":["GET"]}}],"collection":[{"href":"https:\/\/accesreal.md\/ro\/wp-json\/wp\/v2\/product"}],"about":[{"href":"https:\/\/accesreal.md\/ro\/wp-json\/wp\/v2\/types\/product"}],"replies":[{"embeddable":true,"href":"https:\/\/accesreal.md\/ro\/wp-json\/wp\/v2\/comments?post=568"}],"wp:featuredmedia":[{"embeddable":true,"href":"https:\/\/accesreal.md\/ro\/wp-json\/wp\/v2\/media\/569"}],"wp:attachment":[{"href":"https:\/\/accesreal.md\/ro\/wp-json\/wp\/v2\/media?parent=568"}],"wp:term":[{"taxonomy":"product_cat","embeddable":true,"href":"https:\/\/accesreal.md\/ro\/wp-json\/wp\/v2\/product_cat?post=568"},{"taxonomy":"product_tag","embeddable":true,"href":"https:\/\/accesreal.md\/ro\/wp-json\/wp\/v2\/product_tag?post=568"}],"curies":[{"name":"wp","href":"https:\/\/api.w.org\/{rel}","templated":true}]}}