{"id":563,"date":"2021-10-04T09:46:52","date_gmt":"2021-10-04T06:46:52","guid":{"rendered":"https:\/\/accesreal.md\/?post_type=product&#038;p=563"},"modified":"2021-10-08T10:58:08","modified_gmt":"2021-10-08T07:58:08","slug":"nozhnichnyj-podyomnik-jlg-rt-3369","status":"publish","type":"product","link":"https:\/\/accesreal.md\/ro\/product\/nozhnichnyj-podyomnik-jlg-rt-3369\/","title":{"rendered":"Nacel\u0103 tip foarfec\u0103 JLG RT 3369"},"content":{"rendered":"<p><\/p>\n<table style=\"border-collapse: collapse; width: 100%; height: 288px;\">\n<tbody>\n<tr>\n<td style=\"width: 50%;\"><strong>\u00cen\u0103l\u021bimea de lucru<\/strong><\/td>\n<td style=\"width: 50%;\"><strong>\u00a010 m<\/strong><\/td>\n<\/tr>\n<tr style=\"height: 48px;\">\n<td style=\"width: 50%; height: 48px;\"><strong>Viteza\u00a0de deplasare &#8211; Platform\u0103 crescut\u0103<\/strong><\/td>\n<td style=\"width: 50%; height: 48px;\"><strong>0, 50 km\/ h<\/strong><\/td>\n<\/tr>\n<tr style=\"height: 48px;\">\n<td style=\"width: 50%; height: 48px;\"><strong>Viteza de deplasare &#8211; Platform\u0103 cobor\u00e2t\u0103<\/strong><\/td>\n<td style=\"width: 50%; height: 48px;\"><strong>3, 50 km\/ h<\/strong><\/td>\n<\/tr>\n<tr style=\"height: 48px;\">\n<td style=\"width: 50%; height: 48px;\"><strong>Capacitate de clas\u0103 &#8211; 2 ro\u021bi cu trac\u021biune<\/strong><\/td>\n<td style=\"width: 50%; height: 48px;\"><strong>40%<\/strong><\/td>\n<\/tr>\n<tr style=\"height: 24px;\">\n<td style=\"width: 50%; height: 24px;\"><strong>Timpul de ridicare<\/strong><\/td>\n<td style=\"width: 50%; height: 24px;\"><strong>42 sec.<\/strong><\/td>\n<\/tr>\n<tr style=\"height: 24px;\">\n<td style=\"width: 50%; height: 24px;\"><strong>Timpul de cobor\u00e2re<\/strong><\/td>\n<td style=\"width: 50%; height: 24px;\"><strong>33 sec.<\/strong><\/td>\n<\/tr>\n<tr style=\"height: 24px;\">\n<td style=\"width: 50%; height: 24px;\"><strong>\u00cen\u0103l\u021bimea maxim\u0103 de deplasare<\/strong><\/td>\n<td style=\"width: 50%; height: 24px;\"><strong>10 m<\/strong><\/td>\n<\/tr>\n<tr style=\"height: 24px;\">\n<td style=\"width: 50%; height: 24px;\"><strong>Capacitate de ridicare a platformei<\/strong><\/td>\n<td style=\"width: 50%; height: 24px;\"><strong>454 kg<\/strong><\/td>\n<\/tr>\n<tr style=\"height: 24px;\">\n<td style=\"width: 50%; height: 24px;\"><strong>Capacitate platform\u0103 &#8211; Platform\u0103 extensibi\u0103<\/strong><\/td>\n<td style=\"width: 50%; height: 24px;\"><strong>136 kg<\/strong><\/td>\n<\/tr>\n<tr style=\"height: 24px;\">\n<td style=\"width: 50%; height: 24px;\"><strong>Raza de rotire &#8211; Afar\u0103\u00a0<\/strong><\/td>\n<td style=\"width: 50%; height: 24px;\"><strong>4, 44 m<\/strong><\/td>\n<\/tr>\n<\/tbody>\n<\/table>\n<p><\/p>","protected":false},"excerpt":{"rendered":"<p><strong><span style=\"font-size: 14pt;\">Descriere produs:<\/span><\/strong><\/p>\n<p>Restric\u021bii de deplasare \u00een sus \u0219i \u00een jos: modelele cu motor pe teren accidentat ofer\u0103 capacitate maxim\u0103 de ridicare a platformei.<\/p>\n","protected":false},"featured_media":564,"comment_status":"closed","ping_status":"closed","template":"","meta":[],"product_cat":[186],"product_tag":[],"class_list":["post-563","product","type-product","status-publish","has-post-thumbnail","hentry","product_cat-ascensoare-foarfece"],"_links":{"self":[{"href":"https:\/\/accesreal.md\/ro\/wp-json\/wp\/v2\/product\/563","targetHints":{"allow":["GET"]}}],"collection":[{"href":"https:\/\/accesreal.md\/ro\/wp-json\/wp\/v2\/product"}],"about":[{"href":"https:\/\/accesreal.md\/ro\/wp-json\/wp\/v2\/types\/product"}],"replies":[{"embeddable":true,"href":"https:\/\/accesreal.md\/ro\/wp-json\/wp\/v2\/comments?post=563"}],"wp:featuredmedia":[{"embeddable":true,"href":"https:\/\/accesreal.md\/ro\/wp-json\/wp\/v2\/media\/564"}],"wp:attachment":[{"href":"https:\/\/accesreal.md\/ro\/wp-json\/wp\/v2\/media?parent=563"}],"wp:term":[{"taxonomy":"product_cat","embeddable":true,"href":"https:\/\/accesreal.md\/ro\/wp-json\/wp\/v2\/product_cat?post=563"},{"taxonomy":"product_tag","embeddable":true,"href":"https:\/\/accesreal.md\/ro\/wp-json\/wp\/v2\/product_tag?post=563"}],"curies":[{"name":"wp","href":"https:\/\/api.w.org\/{rel}","templated":true}]}}