{"id":560,"date":"2021-10-01T17:28:31","date_gmt":"2021-10-01T14:28:31","guid":{"rendered":"https:\/\/accesreal.md\/?post_type=product&#038;p=560"},"modified":"2021-10-05T17:14:17","modified_gmt":"2021-10-05T14:14:17","slug":"nozhnichnyj-podyomnik-holland-lift-hl-235","status":"publish","type":"product","link":"https:\/\/accesreal.md\/ro\/product\/nozhnichnyj-podyomnik-holland-lift-hl-235\/","title":{"rendered":"Nacel\u0103 tip foarfec\u0103 Holland lift HL 235"},"content":{"rendered":"<p><\/p>\n<table style=\"border-collapse: collapse; width: 100%; height: 240px;\">\n<tbody>\n<tr style=\"height: 24px;\">\n<td style=\"width: 50%; height: 24px;\"><strong>\u00cen\u0103l\u021bimea de lucru<\/strong><\/td>\n<td style=\"width: 50%; height: 24px;\"><strong>23, 2 m<\/strong><\/td>\n<\/tr>\n<tr style=\"height: 24px;\">\n<td style=\"width: 50%; height: 24px;\"><strong>Lungimea platformei<\/strong><\/td>\n<td style=\"width: 50%; height: 24px;\"><strong>5, 22 m<\/strong><\/td>\n<\/tr>\n<tr style=\"height: 24px;\">\n<td style=\"width: 50%; height: 24px;\"><strong>L\u0103\u021bimea platformei<\/strong><\/td>\n<td style=\"width: 50%; height: 24px;\"><strong>2, 4 m<\/strong><\/td>\n<\/tr>\n<tr style=\"height: 24px;\">\n<td style=\"width: 50%; height: 24px;\"><strong>Lungimea transportului<\/strong><\/td>\n<td style=\"width: 50%; height: 24px;\"><strong>5, 75 m<\/strong><\/td>\n<\/tr>\n<tr style=\"height: 24px;\">\n<td style=\"width: 50%; height: 24px;\"><strong>L\u0103\u021bimea transportului<\/strong><\/td>\n<td style=\"width: 50%; height: 24px;\"><strong>2, 49 m<\/strong><\/td>\n<\/tr>\n<tr style=\"height: 24px;\">\n<td style=\"width: 50%; height: 24px;\"><strong>Greutate<\/strong><\/td>\n<td style=\"width: 50%; height: 24px;\"><strong>17 950 kg<\/strong><\/td>\n<\/tr>\n<tr style=\"height: 24px;\">\n<td style=\"width: 50%; height: 24px;\"><strong>Sarcina net\u0103<\/strong><\/td>\n<td style=\"width: 50%; height: 24px;\"><strong>1 000 kg<\/strong><\/td>\n<\/tr>\n<tr style=\"height: 24px;\">\n<td style=\"width: 50%; height: 24px;\"><strong>Num\u0103r maxim de persoane<\/strong><\/td>\n<td style=\"width: 50%; height: 24px;\"><strong>4<\/strong><\/td>\n<\/tr>\n<tr style=\"height: 24px;\">\n<td style=\"width: 50%; height: 24px;\"><strong>Extinderea platformei<\/strong><\/td>\n<td style=\"width: 50%; height: 24px;\"><strong>2, 1 m<\/strong><\/td>\n<\/tr>\n<\/tbody>\n<\/table>\n<p><\/p>","protected":false},"excerpt":{"rendered":"<p>&nbsp;<\/p>\n<p><strong><span style=\"font-size: 14pt;\">Descriere produs:<\/span><\/strong><\/p>\n<p>Ascensorul ofer\u0103 o \u00een\u0103l\u021bime de lucru de 23,20 m \u0219i este de obicei utilizat pentru lucrul \u00een spa\u021bii \u00eenguste \u00een care este necesar s\u0103 v\u0103 deplasa\u021bi la \u00een\u0103l\u021bimi mici pentru a \u00eendeplini diverse sarcini \u00een condi\u021bii de siguran\u021b\u0103.<\/p>\n","protected":false},"featured_media":561,"comment_status":"closed","ping_status":"closed","template":"","meta":[],"product_cat":[186],"product_tag":[],"class_list":["post-560","product","type-product","status-publish","has-post-thumbnail","hentry","product_cat-ascensoare-foarfece"],"_links":{"self":[{"href":"https:\/\/accesreal.md\/ro\/wp-json\/wp\/v2\/product\/560","targetHints":{"allow":["GET"]}}],"collection":[{"href":"https:\/\/accesreal.md\/ro\/wp-json\/wp\/v2\/product"}],"about":[{"href":"https:\/\/accesreal.md\/ro\/wp-json\/wp\/v2\/types\/product"}],"replies":[{"embeddable":true,"href":"https:\/\/accesreal.md\/ro\/wp-json\/wp\/v2\/comments?post=560"}],"wp:featuredmedia":[{"embeddable":true,"href":"https:\/\/accesreal.md\/ro\/wp-json\/wp\/v2\/media\/561"}],"wp:attachment":[{"href":"https:\/\/accesreal.md\/ro\/wp-json\/wp\/v2\/media?parent=560"}],"wp:term":[{"taxonomy":"product_cat","embeddable":true,"href":"https:\/\/accesreal.md\/ro\/wp-json\/wp\/v2\/product_cat?post=560"},{"taxonomy":"product_tag","embeddable":true,"href":"https:\/\/accesreal.md\/ro\/wp-json\/wp\/v2\/product_tag?post=560"}],"curies":[{"name":"wp","href":"https:\/\/api.w.org\/{rel}","templated":true}]}}