{"id":557,"date":"2021-10-01T17:00:58","date_gmt":"2021-10-01T14:00:58","guid":{"rendered":"https:\/\/accesreal.md\/?post_type=product&#038;p=557"},"modified":"2021-10-05T17:12:07","modified_gmt":"2021-10-05T14:12:07","slug":"nozhnichnyj-podyomnik-holland-lift-hl-285","status":"publish","type":"product","link":"https:\/\/accesreal.md\/ro\/product\/nozhnichnyj-podyomnik-holland-lift-hl-285\/","title":{"rendered":"Nacel\u0103 tip foarfec\u0103 Holland lift HL 285"},"content":{"rendered":"<p><\/p>\n<table style=\"border-collapse: collapse; width: 100%; height: 240px;\">\n<tbody>\n<tr style=\"height: 24px;\">\n<td style=\"width: 50%; height: 24px;\"><strong>\u00cen\u0103l\u021bimea de lucru<\/strong><\/td>\n<td style=\"width: 50%; height: 24px;\"><strong>28, 25 m<\/strong><\/td>\n<\/tr>\n<tr style=\"height: 24px;\">\n<td style=\"width: 50%; height: 24px;\"><strong>Lungimea platformei<\/strong><\/td>\n<td style=\"width: 50%; height: 24px;\"><strong>5, 21 m<\/strong><\/td>\n<\/tr>\n<tr style=\"height: 24px;\">\n<td style=\"width: 50%; height: 24px;\"><strong>L\u0103\u021bimea platformei<\/strong><\/td>\n<td style=\"width: 50%; height: 24px;\"><strong>1, 3 m<\/strong><\/td>\n<\/tr>\n<tr style=\"height: 24px;\">\n<td style=\"width: 50%; height: 24px;\"><strong>Lungimea transportului<\/strong><\/td>\n<td style=\"width: 50%; height: 24px;\"><strong>5, 6 m<\/strong><\/td>\n<\/tr>\n<tr style=\"height: 24px;\">\n<td style=\"width: 50%; height: 24px;\"><strong>L\u0103\u021bimea transportului<\/strong><\/td>\n<td style=\"width: 50%; height: 24px;\"><strong>1, 32 m<\/strong><\/td>\n<\/tr>\n<tr style=\"height: 24px;\">\n<td style=\"width: 50%; height: 24px;\"><strong>\u00cen\u0103l\u021bimea de transport<\/strong><\/td>\n<td style=\"width: 50%; height: 24px;\"><strong>4, 1 m<\/strong><\/td>\n<\/tr>\n<tr style=\"height: 24px;\">\n<td style=\"width: 50%; height: 24px;\"><strong>Greutate<\/strong><\/td>\n<td style=\"width: 50%; height: 24px;\"><strong>18 770 kg<\/strong><\/td>\n<\/tr>\n<tr style=\"height: 24px;\">\n<td style=\"width: 50%; height: 24px;\"><strong>Sarcina net\u0103<\/strong><\/td>\n<td style=\"width: 50%; height: 24px;\"><strong>750 kg<\/strong><\/td>\n<\/tr>\n<tr style=\"height: 24px;\">\n<td style=\"width: 50%; height: 24px;\"><strong>Vitez\u0103<\/strong><\/td>\n<td style=\"width: 50%; height: 24px;\"><strong>2, 3 kg\/ h<\/strong><\/td>\n<\/tr>\n<tr style=\"height: 24px;\">\n<td style=\"width: 50%; height: 24px;\"><strong>Extinderea platformei<\/strong><\/td>\n<td style=\"width: 50%; height: 24px;\"><strong>2, 2 m<\/strong><\/td>\n<\/tr>\n<\/tbody>\n<\/table>\n<p><\/p>","protected":false},"excerpt":{"rendered":"<p>&nbsp;<\/p>\n<p><strong><span style=\"font-size: 14pt;\">Descriere produs:<\/span><\/strong><\/p>\n<p>Aceast\u0103 ma\u0219in\u0103 este ideal\u0103 pentru depozite mai mari care necesit\u0103 o \u00een\u0103l\u021bime de lucru excep\u021bional\u0103 \u0219i r\u0103m\u00e2ne \u00eengust\u0103 datorit\u0103 designului s\u0103u. S-a dovedit a fi popular at\u00e2t pentru instala\u021biile mecanice \u0219i electrice, c\u00e2t \u0219i pentru a fi utilizat pentru repara\u021bii de depozite \u0219i instala\u021bii interioare.<\/p>\n","protected":false},"featured_media":559,"comment_status":"closed","ping_status":"closed","template":"","meta":[],"product_cat":[186],"product_tag":[],"class_list":["post-557","product","type-product","status-publish","has-post-thumbnail","hentry","product_cat-ascensoare-foarfece"],"_links":{"self":[{"href":"https:\/\/accesreal.md\/ro\/wp-json\/wp\/v2\/product\/557","targetHints":{"allow":["GET"]}}],"collection":[{"href":"https:\/\/accesreal.md\/ro\/wp-json\/wp\/v2\/product"}],"about":[{"href":"https:\/\/accesreal.md\/ro\/wp-json\/wp\/v2\/types\/product"}],"replies":[{"embeddable":true,"href":"https:\/\/accesreal.md\/ro\/wp-json\/wp\/v2\/comments?post=557"}],"wp:featuredmedia":[{"embeddable":true,"href":"https:\/\/accesreal.md\/ro\/wp-json\/wp\/v2\/media\/559"}],"wp:attachment":[{"href":"https:\/\/accesreal.md\/ro\/wp-json\/wp\/v2\/media?parent=557"}],"wp:term":[{"taxonomy":"product_cat","embeddable":true,"href":"https:\/\/accesreal.md\/ro\/wp-json\/wp\/v2\/product_cat?post=557"},{"taxonomy":"product_tag","embeddable":true,"href":"https:\/\/accesreal.md\/ro\/wp-json\/wp\/v2\/product_tag?post=557"}],"curies":[{"name":"wp","href":"https:\/\/api.w.org\/{rel}","templated":true}]}}