{"id":553,"date":"2021-10-01T16:38:04","date_gmt":"2021-10-01T13:38:04","guid":{"rendered":"https:\/\/accesreal.md\/?post_type=product&#038;p=553"},"modified":"2021-10-05T17:10:20","modified_gmt":"2021-10-05T14:10:20","slug":"nozhnichnyj-podyomnik-skyjack-sj-3220","status":"publish","type":"product","link":"https:\/\/accesreal.md\/ro\/product\/nozhnichnyj-podyomnik-skyjack-sj-3220\/","title":{"rendered":"Nacel\u0103 tip foarfec\u0103 Skyjack sj 3220"},"content":{"rendered":"<p><\/p>\n<table style=\"border-collapse: collapse; width: 100%; height: 240px;\">\n<tbody>\n<tr style=\"height: 24px;\">\n<td style=\"width: 50%; height: 24px;\"><strong>\u00cen\u0103l\u021bimea de lucru <\/strong><\/td>\n<td style=\"width: 50%; height: 24px;\"><strong>7, 77 m<\/strong><\/td>\n<\/tr>\n<tr style=\"height: 24px;\">\n<td style=\"width: 50%; height: 24px;\"><strong>\u00cen\u0103l\u021bimea ridicat\u0103 a platformei<\/strong><\/td>\n<td style=\"width: 50%; height: 24px;\"><strong>5, 95 m<\/strong><\/td>\n<\/tr>\n<tr style=\"height: 24px;\">\n<td style=\"width: 50%; height: 24px;\"><strong>\u00cen\u0103l\u021bimea platformei reduse<\/strong><\/td>\n<td style=\"width: 50%; height: 24px;\"><strong>0,\u00a0 99 m<\/strong><\/td>\n<\/tr>\n<tr style=\"height: 24px;\">\n<td style=\"width: 50%; height: 24px;\"><strong>L\u0103\u021bimea total\u0103<\/strong><\/td>\n<td style=\"width: 50%; height: 24px;\"><strong>0, 81 m<\/strong><\/td>\n<\/tr>\n<tr style=\"height: 24px;\">\n<td style=\"width: 50%; height: 24px;\"><strong>Lungime total\u0103<\/strong><\/td>\n<td style=\"width: 50%; height: 24px;\"><strong>2, 32 m<\/strong><\/td>\n<\/tr>\n<tr style=\"height: 24px;\">\n<td style=\"width: 50%; height: 24px;\"><strong>\u00cen\u0103l\u021bimea pliat\u0103 (\u0219inele ridicate)<\/strong><\/td>\n<td style=\"width: 50%; height: 24px;\"><strong>2, 10 m<\/strong><\/td>\n<\/tr>\n<tr style=\"height: 24px;\">\n<td style=\"width: 50%; height: 24px;\"><strong>\u00cen\u0103l\u021bimea pliat\u0103 (\u0219inele cobor\u00e2te)<\/strong><\/td>\n<td style=\"width: 50%; height: 24px;\"><strong>1, 75 m<\/strong><\/td>\n<\/tr>\n<tr style=\"height: 24px;\">\n<td style=\"width: 50%; height: 24px;\"><strong>L\u0103\u021bimea platformei<\/strong><\/td>\n<td style=\"width: 50%; height: 24px;\"><strong>0, 71 m<\/strong><\/td>\n<\/tr>\n<tr style=\"height: 24px;\">\n<td style=\"width: 50%; height: 24px;\"><strong>Lungimea platformei<\/strong><\/td>\n<td style=\"width: 50%; height: 24px;\"><strong>2, 11 m\u00a0<\/strong><\/td>\n<\/tr>\n<tr style=\"height: 24px;\">\n<td style=\"width: 50%; height: 24px;\"><strong>Extensie (retragere)<\/strong><\/td>\n<td style=\"width: 50%; height: 24px;\"><strong>0, 91 m<\/strong><\/td>\n<\/tr>\n<\/tbody>\n<\/table>\n<p><\/p>","protected":false},"excerpt":{"rendered":"<p>&nbsp;<\/p>\n<p><strong><span style=\"font-size: 14pt;\">Descriere produs:<\/span><\/strong><\/p>\n<p>Ascensoarele de foarfec\u0103 Skyjack de dimensiuni complete au unele dintre cele mai mari platforme \u0219i capacit\u0103\u021bi de pe pia\u021b\u0103. Aceste ma\u0219ini au, de asemenea, trac\u021biune integral\u0103 pe ax\u0103, oferindu-le capacit\u0103\u021bi remarcabile pentru toate terenurile.<\/p>\n","protected":false},"featured_media":554,"comment_status":"closed","ping_status":"closed","template":"","meta":[],"product_cat":[186],"product_tag":[],"class_list":["post-553","product","type-product","status-publish","has-post-thumbnail","hentry","product_cat-ascensoare-foarfece"],"_links":{"self":[{"href":"https:\/\/accesreal.md\/ro\/wp-json\/wp\/v2\/product\/553","targetHints":{"allow":["GET"]}}],"collection":[{"href":"https:\/\/accesreal.md\/ro\/wp-json\/wp\/v2\/product"}],"about":[{"href":"https:\/\/accesreal.md\/ro\/wp-json\/wp\/v2\/types\/product"}],"replies":[{"embeddable":true,"href":"https:\/\/accesreal.md\/ro\/wp-json\/wp\/v2\/comments?post=553"}],"wp:featuredmedia":[{"embeddable":true,"href":"https:\/\/accesreal.md\/ro\/wp-json\/wp\/v2\/media\/554"}],"wp:attachment":[{"href":"https:\/\/accesreal.md\/ro\/wp-json\/wp\/v2\/media?parent=553"}],"wp:term":[{"taxonomy":"product_cat","embeddable":true,"href":"https:\/\/accesreal.md\/ro\/wp-json\/wp\/v2\/product_cat?post=553"},{"taxonomy":"product_tag","embeddable":true,"href":"https:\/\/accesreal.md\/ro\/wp-json\/wp\/v2\/product_tag?post=553"}],"curies":[{"name":"wp","href":"https:\/\/api.w.org\/{rel}","templated":true}]}}