{"id":549,"date":"2021-10-01T15:47:14","date_gmt":"2021-10-01T12:47:14","guid":{"rendered":"https:\/\/accesreal.md\/?post_type=product&#038;p=549"},"modified":"2021-10-05T16:56:19","modified_gmt":"2021-10-05T13:56:19","slug":"nozhnichnyj-podyomnik-skyjack-sj-9233-rt","status":"publish","type":"product","link":"https:\/\/accesreal.md\/ro\/product\/nozhnichnyj-podyomnik-skyjack-sj-9233-rt\/","title":{"rendered":"Nacel\u0103 tip foarfec\u0103 Skyjack sj 9233 RT"},"content":{"rendered":"<p><\/p>\n<table style=\"border-collapse: collapse; width: 100%; height: 172px;\">\n<tbody>\n<tr style=\"height: 56px;\">\n<td style=\"width: 50%; height: 12px;\"><strong>\u00cen\u0103l\u021bimea de lucru<\/strong><\/td>\n<td style=\"width: 50%; height: 12px;\"><strong>11, 89 m<\/strong><\/td>\n<\/tr>\n<tr style=\"height: 24px;\">\n<td style=\"width: 50%; height: 10px;\"><strong>\u00cen\u0103l\u021bimea platformei ridicate<\/strong><\/td>\n<td style=\"width: 50%; height: 10px;\"><strong>10, 06 m<\/strong><\/td>\n<\/tr>\n<tr style=\"height: 24px;\">\n<td style=\"width: 50%; height: 10px;\"><strong>\u00cen\u0103l\u021bimea platformei reduse<\/strong><\/td>\n<td style=\"width: 50%; height: 10px;\"><strong>1, 70 m<\/strong><\/td>\n<\/tr>\n<tr style=\"height: 24px;\">\n<td style=\"width: 50%; height: 10px;\"><strong>L\u0103\u021bimea total\u0103<\/strong><\/td>\n<td style=\"width: 50%; height: 10px;\"><strong>2, 30 m<\/strong><\/td>\n<\/tr>\n<tr style=\"height: 24px;\">\n<td style=\"width: 50%; height: 10px;\"><strong>Lungime total\u0103<\/strong><\/td>\n<td style=\"width: 50%; height: 10px;\"><strong>4, 50 m<\/strong><\/td>\n<\/tr>\n<tr style=\"height: 24px;\">\n<td style=\"width: 50%; height: 24px;\"><strong>\u00cen\u0103l\u021bimea pliat\u0103<\/strong><\/td>\n<td style=\"width: 50%; height: 24px;\"><strong>2, 81 m<\/strong><\/td>\n<\/tr>\n<tr style=\"height: 24px;\">\n<td style=\"width: 50%; height: 24px;\"><strong>L\u0103\u021bimea platformei<\/strong><\/td>\n<td style=\"width: 50%; height: 24px;\"><strong>1, 82 m<\/strong><\/td>\n<\/tr>\n<tr style=\"height: 24px;\">\n<td style=\"width: 50%; height: 24px;\"><strong>Lungimea platformei<\/strong><\/td>\n<td style=\"width: 50%; height: 24px;\"><strong>4, 36 m<\/strong><\/td>\n<\/tr>\n<tr style=\"height: 24px;\">\n<td style=\"width: 50%; height: 24px;\"><strong>Greutate<\/strong><\/td>\n<td style=\"width: 50%; height: 24px;\"><strong>6, 114 kg<\/strong><\/td>\n<\/tr>\n<tr style=\"height: 24px;\">\n<td style=\"width: 50%; height: 24px;\"><strong>Gradabilitate<\/strong><\/td>\n<td style=\"width: 50%; height: 24px;\"><strong>40%<\/strong><\/td>\n<\/tr>\n<\/tbody>\n<\/table>\n<p><\/p>","protected":false},"excerpt":{"rendered":"<p>&nbsp;<\/p>\n<p><strong><span style=\"font-size: 14pt;\">Descriere produs:<\/span><\/strong><\/p>\n<p>Ascensoarele foarfece Skyjack se m\u00e2ndresc cu unele dintre cele mai mari platforme \u0219i capacit\u0103\u021bi de pe pia\u021b\u0103. Aceste ma\u0219ini sunt, de asemenea, echipate cu trac\u021biune integral\u0103 pe ax\u0103, oferindu-le capacit\u0103\u021bi remarcabile de off-road.<\/p>\n","protected":false},"featured_media":550,"comment_status":"closed","ping_status":"closed","template":"","meta":[],"product_cat":[186],"product_tag":[],"class_list":["post-549","product","type-product","status-publish","has-post-thumbnail","hentry","product_cat-ascensoare-foarfece"],"_links":{"self":[{"href":"https:\/\/accesreal.md\/ro\/wp-json\/wp\/v2\/product\/549","targetHints":{"allow":["GET"]}}],"collection":[{"href":"https:\/\/accesreal.md\/ro\/wp-json\/wp\/v2\/product"}],"about":[{"href":"https:\/\/accesreal.md\/ro\/wp-json\/wp\/v2\/types\/product"}],"replies":[{"embeddable":true,"href":"https:\/\/accesreal.md\/ro\/wp-json\/wp\/v2\/comments?post=549"}],"wp:featuredmedia":[{"embeddable":true,"href":"https:\/\/accesreal.md\/ro\/wp-json\/wp\/v2\/media\/550"}],"wp:attachment":[{"href":"https:\/\/accesreal.md\/ro\/wp-json\/wp\/v2\/media?parent=549"}],"wp:term":[{"taxonomy":"product_cat","embeddable":true,"href":"https:\/\/accesreal.md\/ro\/wp-json\/wp\/v2\/product_cat?post=549"},{"taxonomy":"product_tag","embeddable":true,"href":"https:\/\/accesreal.md\/ro\/wp-json\/wp\/v2\/product_tag?post=549"}],"curies":[{"name":"wp","href":"https:\/\/api.w.org\/{rel}","templated":true}]}}