{"id":534,"date":"2021-10-01T12:49:41","date_gmt":"2021-10-01T09:49:41","guid":{"rendered":"https:\/\/accesreal.md\/?post_type=product&#038;p=534"},"modified":"2021-10-08T11:28:21","modified_gmt":"2021-10-08T08:28:21","slug":"nozhnichnyj-podyomnik-skyjack-sj-3013-micro","status":"publish","type":"product","link":"https:\/\/accesreal.md\/ro\/product\/nozhnichnyj-podyomnik-skyjack-sj-3013-micro\/","title":{"rendered":"Nacel\u0103 tip foarfec\u0103 SJ3013 micro"},"content":{"rendered":"<p><\/p>\n<table style=\"border-collapse: collapse; width: 100%; height: 240px;\">\n<tbody>\n<tr>\n<td style=\"width: 50%;\"><strong>\u00cen\u0103l\u021bimea de lucru<\/strong><\/td>\n<td style=\"width: 50%;\"><strong>\u00a05, 75 m<\/strong><\/td>\n<\/tr>\n<tr style=\"height: 24px;\">\n<td style=\"width: 50%; height: 24px;\"><strong>Lungime total\u0103<\/strong><\/td>\n<td style=\"width: 50%; height: 24px;\"><strong>1, 49 m<\/strong><\/td>\n<\/tr>\n<tr style=\"height: 24px;\">\n<td style=\"width: 50%; height: 24px;\"><strong>Gard\u0103 la sol<\/strong><\/td>\n<td style=\"width: 50%; height: 24px;\"><strong>6 cm<\/strong><\/td>\n<\/tr>\n<tr style=\"height: 24px;\">\n<td style=\"width: 50%; height: 24px;\"><strong>Ampatament<\/strong><\/td>\n<td style=\"width: 50%; height: 24px;\"><strong>1, 05 m<\/strong><\/td>\n<\/tr>\n<tr style=\"height: 24px;\">\n<td style=\"width: 50%; height: 24px;\"><strong>Panta de ridicare<\/strong><\/td>\n<td style=\"width: 50%; height: 24px;\"><strong>25%<\/strong><\/td>\n<\/tr>\n<tr style=\"height: 24px;\">\n<td style=\"width: 50%; height: 24px;\"><strong>Raza de virare<\/strong><\/td>\n<td style=\"width: 50%; height: 24px;\"><strong>0, 35 m<\/strong><\/td>\n<\/tr>\n<tr style=\"height: 24px;\">\n<td style=\"width: 50%; height: 24px;\"><strong>Viteza de deplasare (depozitat\u0103)<\/strong><\/td>\n<td style=\"width: 50%; height: 24px;\"><strong>3, 0 km \/h<\/strong><\/td>\n<\/tr>\n<tr style=\"height: 24px;\">\n<td style=\"width: 50%; height: 24px;\"><strong>Capacitatea de \u00eenc\u0103rcare<\/strong><\/td>\n<td style=\"width: 50%; height: 24px;\"><strong>227 kg<\/strong><\/td>\n<\/tr>\n<tr style=\"height: 24px;\">\n<td style=\"width: 50%; height: 24px;\"><strong>Sarcin\u0103 total\u0103 pe podea<\/strong><\/td>\n<td style=\"width: 50%; height: 24px;\"><strong>1322 kg\/ m2<\/strong><\/td>\n<\/tr>\n<tr style=\"height: 24px;\">\n<td style=\"width: 50%; height: 24px;\"><strong>Num\u0103r de persoane<\/strong><\/td>\n<td style=\"width: 50%; height: 24px;\"><strong>2<\/strong><\/td>\n<\/tr>\n<tr style=\"height: 24px;\">\n<td style=\"width: 50%; height: 24px;\"><strong>Dimensiunea anvelopei<\/strong><\/td>\n<td style=\"width: 50%; height: 24px;\"><strong>\u00a09 x 3<\/strong><\/td>\n<\/tr>\n<\/tbody>\n<\/table>\n<p><\/p>","protected":false},"excerpt":{"rendered":"<p><strong><span style=\"font-size: 14pt;\">Descriere produs:<\/span><\/strong><\/p>\n<p>Noull SJ3013 micro este ideal pentru acces u\u0219or la spa\u021bii \u00eenguste, are o ac\u021bionare electric\u0103 lini\u0219tit\u0103 \u0219i baterii f\u0103r\u0103 \u00eentre\u021binere.<\/p>\n","protected":false},"featured_media":535,"comment_status":"closed","ping_status":"closed","template":"","meta":[],"product_cat":[186],"product_tag":[],"class_list":["post-534","product","type-product","status-publish","has-post-thumbnail","hentry","product_cat-ascensoare-foarfece"],"_links":{"self":[{"href":"https:\/\/accesreal.md\/ro\/wp-json\/wp\/v2\/product\/534","targetHints":{"allow":["GET"]}}],"collection":[{"href":"https:\/\/accesreal.md\/ro\/wp-json\/wp\/v2\/product"}],"about":[{"href":"https:\/\/accesreal.md\/ro\/wp-json\/wp\/v2\/types\/product"}],"replies":[{"embeddable":true,"href":"https:\/\/accesreal.md\/ro\/wp-json\/wp\/v2\/comments?post=534"}],"wp:featuredmedia":[{"embeddable":true,"href":"https:\/\/accesreal.md\/ro\/wp-json\/wp\/v2\/media\/535"}],"wp:attachment":[{"href":"https:\/\/accesreal.md\/ro\/wp-json\/wp\/v2\/media?parent=534"}],"wp:term":[{"taxonomy":"product_cat","embeddable":true,"href":"https:\/\/accesreal.md\/ro\/wp-json\/wp\/v2\/product_cat?post=534"},{"taxonomy":"product_tag","embeddable":true,"href":"https:\/\/accesreal.md\/ro\/wp-json\/wp\/v2\/product_tag?post=534"}],"curies":[{"name":"wp","href":"https:\/\/api.w.org\/{rel}","templated":true}]}}