{"id":498,"date":"2021-09-30T13:19:17","date_gmt":"2021-09-30T10:19:17","guid":{"rendered":"https:\/\/accesreal.md\/?post_type=product&#038;p=498"},"modified":"2021-10-08T11:32:38","modified_gmt":"2021-10-08T08:32:38","slug":"nozhnichnyj-podemnik-skyjack-sj-4740","status":"publish","type":"product","link":"https:\/\/accesreal.md\/ro\/product\/nozhnichnyj-podemnik-skyjack-sj-4740\/","title":{"rendered":"Nacel\u0103 tip foarfec\u0103 Skyjack sj 4740"},"content":{"rendered":"<p>[vc_row][vc_column][vc_column_text woodmart_inline=&#8221;no&#8221; text_larger=&#8221;no&#8221;]<span style=\"font-size: 14pt;\"><strong>Dimensiuni:<\/strong><\/span><\/p>\n<table style=\"border-collapse: collapse; width: 100%;\">\n<tbody>\n<tr style=\"height: 24px;\">\n<td style=\"width: 50%; height: 24px;\"><strong>Lungime total\u0103<\/strong><\/td>\n<td style=\"width: 50%; height: 24px;\"><strong>2400 mm<\/strong><\/td>\n<\/tr>\n<tr style=\"height: 24px;\">\n<td style=\"width: 50%; height: 24px;\"><strong>Ampatament<\/strong><\/td>\n<td style=\"width: 50%; height: 24px;\"><strong>1850 mm<\/strong><\/td>\n<\/tr>\n<tr style=\"height: 24px;\">\n<td style=\"width: 50%; height: 24px;\"><strong>L\u0103\u021bimea total\u0103<\/strong><\/td>\n<td style=\"width: 50%; height: 24px;\"><strong>1190 mm<\/strong><\/td>\n<\/tr>\n<tr style=\"height: 24px;\">\n<td style=\"width: 50%; height: 24px;\"><strong>\u00cen\u0103l\u021bime cu grind\u0103<\/strong><\/td>\n<td style=\"width: 50%; height: 24px;\"><strong>2490 mm<\/strong><\/td>\n<\/tr>\n<tr style=\"height: 24px;\">\n<td style=\"width: 50%; height: 24px;\"><strong>Gard\u0103 la sol<\/strong><\/td>\n<td style=\"width: 50%; height: 24px;\"><strong>81 mm<\/strong><\/td>\n<\/tr>\n<tr style=\"height: 24px;\">\n<td style=\"width: 50%; height: 24px;\"><strong>\u00cen\u0103l\u021bime f\u0103r\u0103 grind\u0103<\/strong><\/td>\n<td style=\"width: 50%; height: 24px;\"><strong>1990 mm<\/strong><\/td>\n<\/tr>\n<tr style=\"height: 24px;\">\n<td style=\"width: 50%; height: 24px;\"><strong>Raza de virare<\/strong><\/td>\n<td style=\"width: 50%; height: 24px;\"><strong>2580 mm<\/strong><\/td>\n<\/tr>\n<tr style=\"height: 24px;\">\n<td style=\"width: 50%; height: 24px;\"><strong>Panta dep\u0103\u0219it\u0103<\/strong><\/td>\n<td style=\"width: 50%; height: 24px;\"><strong>25%<\/strong><\/td>\n<\/tr>\n<\/tbody>\n<\/table>\n<p><span style=\"font-size: 14pt;\"><strong>Platform\u0103:<\/strong><\/span><\/p>\n<table style=\"border-collapse: collapse; width: 100%; height: 192px;\">\n<tbody>\n<tr style=\"height: 24px;\">\n<td style=\"width: 50%; height: 24px;\"><strong>\u00cen\u0103l\u021bimea max. a platformei<\/strong><\/td>\n<td style=\"width: 50%; height: 24px;\"><strong>1200 mm<\/strong><\/td>\n<\/tr>\n<tr style=\"height: 24px;\">\n<td style=\"width: 50%; height: 24px;\"><strong>Extensie platform\u0103<\/strong><\/td>\n<td style=\"width: 50%; height: 24px;\"><strong>900 mm<\/strong><\/td>\n<\/tr>\n<tr style=\"height: 24px;\">\n<td style=\"width: 50%; height: 24px;\"><strong>\u00cen\u0103l\u021bime total\u0103 max.<\/strong><\/td>\n<td style=\"width: 50%; height: 24px;\"><strong>13800 mm<\/strong><\/td>\n<\/tr>\n<tr style=\"height: 24px;\">\n<td style=\"width: 50%; height: 24px;\"><strong>\u00cen\u0103l\u021bimea platformei\u00a0&#8211; Cobor\u00e2re<\/strong><\/td>\n<td style=\"width: 50%; height: 24px;\"><strong>1370 m<\/strong><\/td>\n<\/tr>\n<tr style=\"height: 24px;\">\n<td style=\"width: 50%; height: 24px;\"><strong>Lungimea intern\u0103 a platformei<\/strong><\/td>\n<td style=\"width: 50%; height: 24px;\"><strong>2190 mm<\/strong><\/td>\n<\/tr>\n<tr style=\"height: 24px;\">\n<td style=\"width: 50%; height: 24px;\"><strong>L\u0103\u021bimea interioar\u0103 a platformei<\/strong><\/td>\n<td style=\"width: 50%; height: 24px;\"><strong>1060 mm<\/strong><\/td>\n<\/tr>\n<tr style=\"height: 24px;\">\n<td style=\"width: 50%; height: 24px;\"><strong>Timp de cobor\u00e2re<\/strong><\/td>\n<td style=\"width: 50%; height: 24px;\"><strong>41 sec<\/strong><\/td>\n<\/tr>\n<tr style=\"height: 24px;\">\n<td style=\"width: 50%; height: 24px;\"><strong>Timp de ridicare<\/strong><\/td>\n<td style=\"width: 50%; height: 24px;\"><strong>71 sec<\/strong><\/td>\n<\/tr>\n<\/tbody>\n<\/table>\n<p><span style=\"font-size: 14pt;\"><strong>Motor:<\/strong><\/span><\/p>\n<table style=\"border-collapse: collapse; width: 100%; height: 24px;\">\n<tbody>\n<tr style=\"height: 24px;\">\n<td style=\"width: 50%; height: 24px;\"><strong>Tensiunea sistemului<\/strong><\/td>\n<td style=\"width: 50%; height: 24px;\"><strong>24 V<\/strong><\/td>\n<\/tr>\n<\/tbody>\n<\/table>\n<p><span style=\"font-size: 14pt;\"><strong>Opera\u021bional:<\/strong><\/span><\/p>\n<table style=\"border-collapse: collapse; width: 100%; height: 120px;\">\n<tbody>\n<tr style=\"height: 24px;\">\n<td style=\"width: 50%; height: 24px;\"><strong>Capacitate de transport<\/strong><\/td>\n<td style=\"width: 50%; height: 24px;\"><strong>227 kg<\/strong><\/td>\n<\/tr>\n<tr style=\"height: 24px;\">\n<td style=\"width: 50%; height: 24px;\"><strong>Greutate de operare<\/strong><\/td>\n<td style=\"width: 50%; height: 24px;\"><strong> 3393 kg<\/strong><\/td>\n<\/tr>\n<tr style=\"height: 24px;\">\n<td style=\"width: 50%; height: 24px;\"><strong>Viteza max.<\/strong><\/td>\n<td style=\"width: 50%; height: 24px;\"><strong>3,2 km \/ h<\/strong><\/td>\n<\/tr>\n<tr style=\"height: 24px;\">\n<td style=\"width: 50%; height: 24px;\"><strong>Dimensiunea anvelopei<\/strong><\/td>\n<td style=\"width: 50%; height: 24px;\"><strong>16 x 5 x 12<\/strong><\/td>\n<\/tr>\n<tr style=\"height: 24px;\">\n<td style=\"width: 50%; height: 24px;\"><strong>Tipul ro\u021bii<\/strong><\/td>\n<td style=\"width: 50%; height: 24px;\"><strong>Solid, N \/ M<\/strong><\/td>\n<\/tr>\n<\/tbody>\n<\/table>\n<p>[\/vc_column_text][\/vc_column][\/vc_row]<\/p>","protected":false},"excerpt":{"rendered":"<p><strong><span style=\"font-size: 14pt;\">Descriere produs:<\/span><\/strong><\/p>\n<table style=\"border-collapse: collapse; width: 100%; height: 144px;\">\n<tbody>\n<tr>\n<td style=\"width: 50%;\">\u00cen\u0103l\u021bime de lucru<\/td>\n<td style=\"width: 50%;\">13, 8 m<\/td>\n<\/tr>\n<tr style=\"height: 24px;\">\n<td style=\"width: 50%; height: 24px;\">L\u0103\u021bimea platformei<\/td>\n<td style=\"width: 50%; height: 24px;\">1, 06 m<\/td>\n<\/tr>\n<tr style=\"height: 24px;\">\n<td style=\"width: 50%; height: 24px;\">Lungimea de transport<\/td>\n<td style=\"width: 50%; height: 24px;\">2, 4 m<\/td>\n<\/tr>\n<tr style=\"height: 24px;\">\n<td style=\"width: 50%; height: 24px;\">L\u0103\u021bimea de transport<\/td>\n<td style=\"width: 50%; height: 24px;\">1, 19 m<\/td>\n<\/tr>\n<tr style=\"height: 24px;\">\n<td style=\"width: 50%; height: 24px;\">\u00cen\u0103l\u021bimea de transport<\/td>\n<td style=\"width: 50%; height: 24px;\">2, 21 m<\/td>\n<\/tr>\n<\/tbody>\n<\/table>\n<p>&nbsp;<\/p>\n","protected":false},"featured_media":544,"comment_status":"closed","ping_status":"closed","template":"","meta":[],"product_cat":[186],"product_tag":[],"class_list":["post-498","product","type-product","status-publish","has-post-thumbnail","hentry","product_cat-ascensoare-foarfece"],"_links":{"self":[{"href":"https:\/\/accesreal.md\/ro\/wp-json\/wp\/v2\/product\/498","targetHints":{"allow":["GET"]}}],"collection":[{"href":"https:\/\/accesreal.md\/ro\/wp-json\/wp\/v2\/product"}],"about":[{"href":"https:\/\/accesreal.md\/ro\/wp-json\/wp\/v2\/types\/product"}],"replies":[{"embeddable":true,"href":"https:\/\/accesreal.md\/ro\/wp-json\/wp\/v2\/comments?post=498"}],"wp:featuredmedia":[{"embeddable":true,"href":"https:\/\/accesreal.md\/ro\/wp-json\/wp\/v2\/media\/544"}],"wp:attachment":[{"href":"https:\/\/accesreal.md\/ro\/wp-json\/wp\/v2\/media?parent=498"}],"wp:term":[{"taxonomy":"product_cat","embeddable":true,"href":"https:\/\/accesreal.md\/ro\/wp-json\/wp\/v2\/product_cat?post=498"},{"taxonomy":"product_tag","embeddable":true,"href":"https:\/\/accesreal.md\/ro\/wp-json\/wp\/v2\/product_tag?post=498"}],"curies":[{"name":"wp","href":"https:\/\/api.w.org\/{rel}","templated":true}]}}