{"id":233,"date":"2021-08-23T14:10:17","date_gmt":"2021-08-23T11:10:17","guid":{"rendered":"https:\/\/accesreal.md\/?page_id=233"},"modified":"2021-10-11T09:43:10","modified_gmt":"2021-10-11T06:43:10","slug":"o-nas","status":"publish","type":"page","link":"https:\/\/accesreal.md\/ro\/o-nas\/","title":{"rendered":"Despre noi"},"content":{"rendered":"<p>[vc_row css=&#8221;.vc_custom_1629719453181{margin-top: 3vh !important;margin-bottom: 3vh !important;padding-top: 3vh !important;padding-bottom: 3vh !important;}&#8221; mobile_bg_img_hidden=&#8221;no&#8221; tablet_bg_img_hidden=&#8221;no&#8221; woodmart_parallax=&#8221;0&#8243; woodmart_gradient_switch=&#8221;no&#8221; row_reverse_mobile=&#8221;0&#8243; row_reverse_tablet=&#8221;0&#8243; woodmart_disable_overflow=&#8221;0&#8243;][vc_column]\t\t\n\t\t<div id=\"wd-61540ca9151d6\" class=\"title-wrapper wd-wpb set-mb-s reset-last-child  wd-title-color-default wd-title-style-default wd-width-100 text-left \">\n\t\t\t\n\t\t\t<div class=\"liner-continer\">\n\t\t\t\t<h4 class=\"woodmart-title-container title  wd-font-weight- wd-fontsize-xxl\" >Ce facem?<\/h4>\n\t\t\t\t\t\t\t<\/div>\n\t\t\t\n\t\t\t\n\t\t\t\t\t<\/div>\n\t\t\n\t\t\t\t\t<div id=\"wd-615573548e387\" class=\"wd-text-block-wrapper wd-wpb color-scheme- wd-width-100 text-left \">\n\t\t\t\t<div class=\"woodmart-title-container woodmart-text-block reset-last-child font-text wd-font-weight-400 \">\n\t\t\t\t\tCompania noastr\u0103 ofer\u0103 servicii de \u00eenchiriere a ascensoarelor \u0219i platformelor pentru lucru la \u00een\u0103l\u021bime. Dac\u0103 sunte\u021bi interesat de ascensoare de \u00eenalt\u0103 calitate, care se men\u021bin la un nivel \u00eenalt, atunci noi suntem solu\u021bia dvs.! ACCESREAL SRL<\/p>\n<p>La baza afacerii noastre se afl\u0103 \u00eentotdeauna abordarea atent\u0103 de c\u0103tre personalul nostru a fiec\u0103rui client. \u00cen\u021beleg\u00e2nd pe deplin domeniile largi de aplicare a acestor echipamente, noi oferim o solu\u021bie individual\u0103,\u00a0 pentru a v\u0103 face munca c\u00e2t mai sigur\u0103 posibil.<\/p>\n<p>\u00cen oferta noastr\u0103 ve\u021bi g\u0103si ascensoare cu foarfec\u0103 articulate sau telescopice.\t\t\t\t<\/div>\n\t\t\t\t\t\t\t<\/div>\n\t\t\t\t\n\t\t<div id=\"wd-61540cc8a353d\" class=\"title-wrapper wd-wpb set-mb-s reset-last-child  wd-title-color-default wd-title-style-default wd-width-100 text-left \">\n\t\t\t\n\t\t\t<div class=\"liner-continer\">\n\t\t\t\t<h4 class=\"woodmart-title-container title  wd-font-weight- wd-fontsize-xxl\" >Ce reprezent\u0103m?<\/h4>\n\t\t\t\t\t\t\t<\/div>\n\t\t\t\n\t\t\t\n\t\t\t\t\t<\/div>\n\t\t\n\t\t\t\t\t<div id=\"wd-61540cd687718\" class=\"wd-text-block-wrapper wd-wpb color-scheme- wd-width-100 text-left \">\n\t\t\t\t<div class=\"woodmart-title-container woodmart-text-block reset-last-child font-text wd-font-weight-400 \">\n\t\t\t\t\tSe crede c\u0103 reprezent\u0103m competen\u021b\u0103, seriozitate, responsabilitate, punctualitate \u0219i vast\u0103 experien\u021b\u0103 \u00een \u00eenchirierea de ascensoare \u00een ora\u0219ul Chi\u0219in\u0103u \u0219i \u00een toate regiunile Republicii Moldova.\t\t\t\t<\/div>\n\t\t\t\t\t\t\t<\/div>\n\t\t\t\t\n\t\t<div id=\"wd-61540ceb101ae\" class=\"title-wrapper wd-wpb set-mb-s reset-last-child  wd-title-color-default wd-title-style-default wd-width-100 text-left \">\n\t\t\t\n\t\t\t<div class=\"liner-continer\">\n\t\t\t\t<h4 class=\"woodmart-title-container title  wd-font-weight- wd-fontsize-xxl\" >Cum arat\u0103 flota de echipamente pe care le oferim spre \u00eenchiriere?<\/h4>\n\t\t\t\t\t\t\t<\/div>\n\t\t\t\n\t\t\t\n\t\t\t\t\t<\/div>\n\t\t\n\t\t\t\t\t<div id=\"wd-615e9211313f6\" class=\"wd-text-block-wrapper wd-wpb color-scheme- wd-width-100 text-left \">\n\t\t\t\t<div class=\"woodmart-title-container woodmart-text-block reset-last-child font-text wd-font-weight-400 \">\n\t\t\t\t\tACCESREAL SRL v\u0103 ofer\u0103 o gam\u0103 larg\u0103 de ascensoare de diferite dimensiuni. Mai mult, calitatea serviciilor noastre de \u00eenchiriere a platformelor sau ascensoarelor se \u00eembun\u0103t\u0103\u021be\u0219te constant.\t\t\t\t<\/div>\n\t\t\t\t\t\t\t<\/div>\n\t\t[\/vc_column][\/vc_row][vc_row mobile_bg_img_hidden=&#8221;no&#8221; tablet_bg_img_hidden=&#8221;no&#8221; woodmart_parallax=&#8221;0&#8243; woodmart_gradient_switch=&#8221;no&#8221; row_reverse_mobile=&#8221;0&#8243; row_reverse_tablet=&#8221;0&#8243; woodmart_disable_overflow=&#8221;0&#8243;][vc_column][vc_single_image image=&#8221;748&#8243; img_size=&#8221;large&#8221; alignment=&#8221;center&#8221; woodmart_inline=&#8221;no&#8221; parallax_scroll=&#8221;no&#8221;][\/vc_column][\/vc_row][vc_row][vc_column]\t\t\n\t\t<div id=\"wd-61557611a6331\" class=\"title-wrapper wd-wpb set-mb-s reset-last-child  wd-title-color-default wd-title-style-default wd-width-100 text-left \">\n\t\t\t\n\t\t\t<div class=\"liner-continer\">\n\t\t\t\t<h4 class=\"woodmart-title-container title  wd-font-weight- wd-fontsize-xxl\" >Prin ce vor fi utile ascensoare \u0219i platforme pentru lucrul la \u00een\u0103l\u021bimi?<\/h4>\n\t\t\t\t\t\t\t<\/div>\n\t\t\t\n\t\t\t\n\t\t\t\t\t<\/div>\n\t\t\n\t\t\t\t\t<div id=\"wd-6155761b6daab\" class=\"wd-text-block-wrapper wd-wpb color-scheme- wd-width-100 text-left \">\n\t\t\t\t<div class=\"woodmart-title-container woodmart-text-block reset-last-child font-text wd-font-weight-400 \">\n\t\t\t\t\tACCESREAL SRL ofer\u0103 platforme de lucru la \u00een\u0103l\u021bime de la 6 metri la 34 metri;<\/p>\n<p>Oferim platforme de \u00eenchiriat. Mai mult de at\u00e2t, oferim \u0219i asisten\u021b\u0103 specializat\u0103 \u00een cur\u0103\u021barea platformelor de lucru la \u00een\u0103l\u021bime.<\/p>\n<p>De asemenea, oferim spre chirie platforme pentru lucr\u0103ri la \u00een\u0103l\u021bime cu electricitate.<\/p>\n<p>Oferim platforme pentru lucr\u0103ri la instalarea iluminatului stradal la \u00een\u0103l\u021bime.<\/p>\n<p>Dac\u0103 ave\u021bi propria companie \u0219i ave\u021bi nevoie de ajutor pentru asamblarea \u0219i instalarea diverselor postere, bannere, reclame \u0219i standuri, atunci v\u0103 putem ajuta \u00een acest sens.<\/p>\n<p>De asemenea, v\u0103 oferim \u00eenchirierea de platforme pentru lucr\u0103ri la \u00een\u0103l\u021bime pentru \u00eentre\u021binerea \u0219i repararea fa\u021badelor.<\/p>\n<p>\u00cen plus, dac\u0103 locui\u021bi \u00eentr-o cas\u0103 privat\u0103, atunci prin \u00eenchirierea de platforme, v\u0103 putem ajuta cu instalarea \u0219i \u00eentre\u021binerea jgheaburilor \u0219i a burlanelor.<\/p>\n<p>Oferim o gam\u0103 complet\u0103 de servicii de t\u0103iere a ramurilor copacilor \u0219i tot ceea ce este legat de aceasta.<\/p>\n<p>\u00cen timpul s\u0103rb\u0103torilor de iarn\u0103, v\u0103 oferim personal specializat pentru instalarea instala\u021biilor \u0219i dispozitivelor.\t\t\t\t<\/div>\n\t\t\t\t\t\t\t<\/div>\n\t\t\t\t\n\t\t<div id=\"wd-6155781d4e0de\" class=\"title-wrapper wd-wpb set-mb-s reset-last-child  wd-title-color-default wd-title-style-default wd-width-100 text-left \">\n\t\t\t\n\t\t\t<div class=\"liner-continer\">\n\t\t\t\t<h4 class=\"woodmart-title-container title  wd-font-weight- wd-fontsize-xxl\" >De ce s\u0103 \u00eenchiriezi?<\/h4>\n\t\t\t\t\t\t\t<\/div>\n\t\t\t\n\t\t\t\n\t\t\t\t\t<\/div>\n\t\t\n\t\t\t\t\t<div id=\"wd-6155782f44734\" class=\"wd-text-block-wrapper wd-wpb color-scheme- wd-width-100 text-left \">\n\t\t\t\t<div class=\"woodmart-title-container woodmart-text-block reset-last-child font-text wd-font-weight-400 \">\n\t\t\t\t\tMotivul pentru care pia\u021ba de \u00eenchiriere de platforme \u0219i ascensoare s-a dezvoltat at\u00e2t de mult este c\u0103 echipamentele date nu sunt folosite des de c\u0103tre clien\u021bi. Mai mult, aceste echipamente sunt utile \u00een acele momente \u0219i situa\u021bii \u00een care trebuie s\u0103 lucra\u021bi la \u00een\u0103l\u021bime, iar achizi\u021bionarea unui astfel de utilaj este prea costisitoare, este dificil de depozitat \u0219i manipulat.<\/p>\n<p>Prin urmare, am venit cu o ie\u0219ire din situa\u021bie. Oferim \u00eenchiriere de echipamente pentru lucr\u0103ri la \u00een\u0103l\u021bime \u00een Chi\u0219in\u0103u \u0219i \u00een regiunile Republicii Moldova.<\/p>\n<p>\u00cen plus, echipamentul de lucru la \u00een\u0103l\u021bime pe care vi-l oferim este profesional, de cea mai \u00eenalt\u0103 calitate \u0219i se potrive\u0219te tuturor nevoilor dumneavoastr\u0103.\t\t\t\t<\/div>\n\t\t\t\t\t\t\t<\/div>\n\t\t[\/vc_column][\/vc_row][vc_row][vc_column][vc_single_image image=&#8221;251&#8243; img_size=&#8221;large&#8221; alignment=&#8221;center&#8221; woodmart_inline=&#8221;no&#8221; parallax_scroll=&#8221;no&#8221;][\/vc_column][\/vc_row][vc_row full_width=&#8221;stretch_row&#8221; css=&#8221;.vc_custom_1629722586474{margin-top: 3vh !important;margin-bottom: 0px !important;padding-top: 3vh !important;padding-bottom: 3vh !important;background-color: #fafafa !important;}&#8221; mobile_bg_img_hidden=&#8221;no&#8221; tablet_bg_img_hidden=&#8221;no&#8221; woodmart_parallax=&#8221;0&#8243; woodmart_gradient_switch=&#8221;no&#8221; row_reverse_mobile=&#8221;0&#8243; row_reverse_tablet=&#8221;0&#8243; woodmart_disable_overflow=&#8221;0&#8243;][vc_column][vc_row_inner][vc_column_inner width=&#8221;1\/2&#8243;]\t\t\n\t\t<div id=\"wd-61540d4f064ca\" class=\"title-wrapper wd-wpb set-mb-s reset-last-child  wd-title-color-default wd-title-style-default wd-width-100 text-left \">\n\t\t\t\n\t\t\t<div class=\"liner-continer\">\n\t\t\t\t<h2 class=\"woodmart-title-container title  wd-font-weight- wd-fontsize-xl\" >Cerere online pentru \u00eenchirierea echipamentelor<\/h2>\n\t\t\t\t\t\t\t<\/div>\n\t\t\t\n\t\t\t\n\t\t\t\t\t<\/div>\n\t\t\n\t\t<div role=\"form\" class=\"wpcf7\" id=\"wpcf7-f289-o1\" lang=\"ru-RU\" dir=\"ltr\">\n<div class=\"screen-reader-response\"><p role=\"status\" aria-live=\"polite\" aria-atomic=\"true\"><\/p> <ul><\/ul><\/div>\n<form action=\"\/ro\/wp-json\/wp\/v2\/pages\/233#wpcf7-f289-o1\" method=\"post\" class=\"wpcf7-form init\" novalidate=\"novalidate\" data-status=\"init\">\n<div style=\"display: none;\">\n<input type=\"hidden\" name=\"_wpcf7\" value=\"289\" \/>\n<input type=\"hidden\" name=\"_wpcf7_version\" value=\"5.5.6\" \/>\n<input type=\"hidden\" name=\"_wpcf7_locale\" value=\"ru_RU\" \/>\n<input type=\"hidden\" name=\"_wpcf7_unit_tag\" value=\"wpcf7-f289-o1\" \/>\n<input type=\"hidden\" name=\"_wpcf7_container_post\" value=\"0\" \/>\n<input type=\"hidden\" name=\"_wpcf7_posted_data_hash\" value=\"\" \/>\n<\/div>\n<p>Completa\u021bi cererea de \u00eenchiriere a unui ascensor sau a unei platforme pentru lucr\u0103ri \u00eenalte \u0219i ve\u021bi fi contactat de managerul nostru.<\/p>\n<p><label> Nume<br \/>\n    <span class=\"wpcf7-form-control-wrap your-name\"><input type=\"text\" name=\"your-name\" value=\"\" size=\"40\" class=\"wpcf7-form-control wpcf7-text wpcf7-validates-as-required\" aria-required=\"true\" aria-invalid=\"false\" \/><\/span> <\/label><\/p>\n<p><label> Telefon<br \/>\n    <span class=\"wpcf7-form-control-wrap your-tel\"><input type=\"tel\" name=\"your-tel\" value=\"\" size=\"40\" class=\"wpcf7-form-control wpcf7-text wpcf7-tel wpcf7-validates-as-required wpcf7-validates-as-tel\" aria-required=\"true\" aria-invalid=\"false\" \/><\/span> <\/label><\/p>\n<p><label> E-mailul dvs. (op\u021bional)<br \/>\n    <span class=\"wpcf7-form-control-wrap your-email\"><input type=\"email\" name=\"your-email\" value=\"\" size=\"40\" class=\"wpcf7-form-control wpcf7-text wpcf7-email wpcf7-validates-as-email\" aria-invalid=\"false\" \/><\/span> <\/label><\/p>\n<p><label> Mesaj<br \/>\n    <span class=\"wpcf7-form-control-wrap your-message\"><textarea name=\"your-message\" cols=\"40\" rows=\"10\" class=\"wpcf7-form-control wpcf7-textarea\" aria-invalid=\"false\"><\/textarea><\/span> <\/label><\/p>\n<p><input type=\"submit\" value=\"Trimite\" class=\"wpcf7-form-control has-spinner wpcf7-submit\" \/><\/p>\n<p>sau suna\u021bi-ne la num\u0103rul de telefon <a href=\"tel:+37369028833\">+373 69 02 88 33<\/a><\/p>\n<div class=\"wpcf7-response-output\" aria-hidden=\"true\"><\/div><\/form><\/div>[\/vc_column_inner][vc_column_inner width=&#8221;1\/2&#8243;]\t\t\n\t\t<div id=\"wd-61540d61088e8\" class=\"title-wrapper wd-wpb set-mb-s reset-last-child  wd-title-color-default wd-title-style-default wd-width-100 text-left \">\n\t\t\t\n\t\t\t<div class=\"liner-continer\">\n\t\t\t\t<h2 class=\"woodmart-title-container title  wd-font-weight- wd-fontsize-xl\" >Contacte<\/h2>\n\t\t\t\t\t\t\t<\/div>\n\t\t\t\n\t\t\t\n\t\t\t\t\t<\/div>\n\t\t\n\t\t\t\t\t<div id=\"wd-6163dcf146226\" class=\"wd-text-block-wrapper wd-wpb color-scheme- wd-width-100 text-left \">\n\t\t\t\t<div class=\"woodmart-title-container woodmart-text-block reset-last-child font-primary wd-font-weight- wd-fontsize-m\">\n\t\t\t\t\tAdresa: Chi\u0219in\u0103u, str. Calea Mo\u0219ilor 15<br \/>\nTel : <a href=\"tel:+37369028833\">069028833<\/a><br \/>\nViber <a href=\"https:\/\/chat\/?number=%2B37369028833\">+ 373 069028833<\/a><br \/>\nWhatsApp <a href=\"https:\/\/wa.me\/37369028833\">+373 069028833<\/a><br \/>\nE-mail: <a href=\"mailto:accessreal.srl@gmail.com\">accesreal.srl@gmail.com<\/a>\t\t\t\t<\/div>\n\t\t\t\t\t\t\t<\/div>\n\t\t[vc_gmaps link=&#8221;#E-8_JTNDaWZyYW1lJTIwc3JjJTNEJTIyaHR0cHMlM0ElMkYlMkZ3d3cuZ29vZ2xlLmNvbSUyRm1hcHMlMkZlbWJlZCUzRnBiJTNEJTIxMW0xOCUyMTFtMTIlMjExbTMlMjExZDI3MTkuMjc3Mjg1OTA5MzE2NiUyMTJkMjguNzY5NjU1ODE1NjEwNzElMjEzZDQ3LjAzNDc4OTQ3OTE1MDg3JTIxMm0zJTIxMWYwJTIxMmYwJTIxM2YwJTIxM20yJTIxMWkxMDI0JTIxMmk3NjglMjE0ZjEzLjElMjEzbTMlMjExbTIlMjExczB4NDBjYmQ3NDEwYmU5OGE3OSUyNTNBMHg5NTExNDRhNDBmNWVmOWE0JTIxMnNhY2Nlc3JlYWwubWQlMjE1ZTAlMjEzbTIlMjExc3J1JTIxMnMlMjE0djE2MzMwOTAwODAxNzclMjE1bTIlMjExc3J1JTIxMnMlMjIlMjB3aWR0aCUzRCUyMjYwMCUyMiUyMGhlaWdodCUzRCUyMjQ1MCUyMiUyMHN0eWxlJTNEJTIyYm9yZGVyJTNBMCUzQiUyMiUyMGFsbG93ZnVsbHNjcmVlbiUzRCUyMiUyMiUyMGxvYWRpbmclM0QlMjJsYXp5JTIyJTNFJTNDJTJGaWZyYW1lJTNF&#8221;][\/vc_column_inner][\/vc_row_inner][\/vc_column][\/vc_row]<\/p>\n","protected":false},"excerpt":{"rendered":"<p>[vc_row css=&#8221;.vc_custom_1629719453181{margin-top: 3vh !important;margin-bottom: 3vh !important;padding-top: 3vh !important;padding-bottom: 3vh !important;}&#8221; mobile_bg_img_hidden=&#8221;no&#8221; tablet_bg_img_hidden=&#8221;no&#8221; woodmart_parallax=&#8221;0&#8243; woodmart_gradient_switch=&#8221;no&#8221; row_reverse_mobile=&#8221;0&#8243; row_reverse_tablet=&#8221;0&#8243; woodmart_disable_overflow=&#8221;0&#8243;][vc_column][\/vc_column][\/vc_row][vc_row mobile_bg_img_hidden=&#8221;no&#8221; tablet_bg_img_hidden=&#8221;no&#8221; woodmart_parallax=&#8221;0&#8243;<\/p>\n","protected":false},"author":3,"featured_media":748,"parent":0,"menu_order":0,"comment_status":"closed","ping_status":"closed","template":"","meta":{"footnotes":""},"class_list":["post-233","page","type-page","status-publish","has-post-thumbnail","hentry"],"_links":{"self":[{"href":"https:\/\/accesreal.md\/ro\/wp-json\/wp\/v2\/pages\/233","targetHints":{"allow":["GET"]}}],"collection":[{"href":"https:\/\/accesreal.md\/ro\/wp-json\/wp\/v2\/pages"}],"about":[{"href":"https:\/\/accesreal.md\/ro\/wp-json\/wp\/v2\/types\/page"}],"author":[{"embeddable":true,"href":"https:\/\/accesreal.md\/ro\/wp-json\/wp\/v2\/users\/3"}],"replies":[{"embeddable":true,"href":"https:\/\/accesreal.md\/ro\/wp-json\/wp\/v2\/comments?post=233"}],"version-history":[{"count":14,"href":"https:\/\/accesreal.md\/ro\/wp-json\/wp\/v2\/pages\/233\/revisions"}],"predecessor-version":[{"id":859,"href":"https:\/\/accesreal.md\/ro\/wp-json\/wp\/v2\/pages\/233\/revisions\/859"}],"wp:featuredmedia":[{"embeddable":true,"href":"https:\/\/accesreal.md\/ro\/wp-json\/wp\/v2\/media\/748"}],"wp:attachment":[{"href":"https:\/\/accesreal.md\/ro\/wp-json\/wp\/v2\/media?parent=233"}],"curies":[{"name":"wp","href":"https:\/\/api.w.org\/{rel}","templated":true}]}}